{"id":6065,"date":"2023-12-01T11:16:52","date_gmt":"2023-12-01T11:16:52","guid":{"rendered":"https:\/\/startlan.ee\/?post_type=product&#038;p=6065"},"modified":"2026-05-13T16:02:04","modified_gmt":"2026-05-13T13:02:04","slug":"dr-scheller-silmakreem-kofeiini-pinguldav-15ml","status":"publish","type":"product","link":"https:\/\/startlan.ee\/en\/toode\/dr-scheller-silmakreem-kofeiini-pinguldav-15ml\/","title":{"rendered":"Dr. Scheller silmakreem Kofeiini pinguldav 15g"},"content":{"rendered":"<p>Siluv silmahooldus sarapuu, punase ristikheina ja silmarohuga muudab tundliku silmapiirkonna n\u00f5tkeks ja eluj\u00f5uliseks. H\u00fcaluroonhape niisutab intensiivselt, jooned ja kortsud v\u00e4henevad. Kofeiin annab nahale puhanud ilme ning k\u00fclmpressitud \u00f5lid muudavad naha pehmeks. Kasutamine: kanna \u00f5rnalt silmapiirkonda hommikul ja \u00f5htul.<\/p>\n<p><strong>KOOSTISOSAD:<\/strong><\/p>\n<p>AQUA (WATER), PRUNUS AMYGDALUS DULCIS (SWEET ALMOND) OIL*, SIMMONDSIA CHINENSIS (JOJOBA) SEED OIL*, PENTYLENE GLYCOL, SHOREA STENOPTERA SEED BUTTER, COCO-CAPRYLATE, CETEARYL ALCOHOL, GLYCERIN, CETYL ALCOHOL, CETEARYL GLUCOSIDE, CAFFEINE, SQUALANE, SODIUM HYALURONATE, CALENDULA OFFICINALIS FLOWER EXTRACT, HAMAMELIS VIRGINIANA LEAF EXTRACT, TRIFOLIUM PRATENSE (CLOVER) FLOWER EXTRACT, EUPHRASIA OFFICINALIS EXTRACT, GLYCINE SOJA (SOYBEAN) OIL, HELIANTHUS ANNUUS (SUNFLOWER) SEED OIL, TOCOPHEROL, MALTODEXTRIN, SCLEROTIUM GUM, PROPYLENE GLYCOL, BENZYL ALCOHOL, CITRIC ACID<\/p>\n","protected":false},"excerpt":{"rendered":"<p>Siluv silmahooldus sarapuu, punase ristikheina ja silmarohuga muudab tundliku silmapiirkonna n\u00f5tkeks ja eluj\u00f5uliseks. H\u00fcaluroonhape niisutab intensiivselt, jooned ja kortsud v\u00e4henevad&#8230;.<\/p>\n","protected":false},"featured_media":6126,"comment_status":"open","ping_status":"closed","template":"","meta":{"_acf_changed":false,"inline_featured_image":false},"pwb-brand":[978],"product_brand":[],"product_cat":[868,927,940,973],"product_tag":[],"class_list":{"0":"post-6065","1":"product","2":"type-product","3":"status-publish","4":"has-post-thumbnail","6":"pwb-brand-dr-scheller","7":"product_cat-looduskosmeetika","8":"product_cat-apteegikosmeetika","9":"product_cat-silmahooldus","10":"product_cat-populaarne","12":"first","13":"instock","14":"taxable","15":"shipping-taxable","16":"purchasable","17":"product-type-simple"},"acf":[],"brands":[{"id":978,"name":"Dr. Scheller","slug":"dr-scheller"}],"_links":{"self":[{"href":"https:\/\/startlan.ee\/en\/wp-json\/wp\/v2\/product\/6065","targetHints":{"allow":["GET"]}}],"collection":[{"href":"https:\/\/startlan.ee\/en\/wp-json\/wp\/v2\/product"}],"about":[{"href":"https:\/\/startlan.ee\/en\/wp-json\/wp\/v2\/types\/product"}],"replies":[{"embeddable":true,"href":"https:\/\/startlan.ee\/en\/wp-json\/wp\/v2\/comments?post=6065"}],"wp:featuredmedia":[{"embeddable":true,"href":"https:\/\/startlan.ee\/en\/wp-json\/wp\/v2\/media\/6126"}],"wp:attachment":[{"href":"https:\/\/startlan.ee\/en\/wp-json\/wp\/v2\/media?parent=6065"}],"wp:term":[{"taxonomy":"pwb-brand","embeddable":true,"href":"https:\/\/startlan.ee\/en\/wp-json\/wp\/v2\/pwb-brand?post=6065"},{"taxonomy":"product_brand","embeddable":true,"href":"https:\/\/startlan.ee\/en\/wp-json\/wp\/v2\/product_brand?post=6065"},{"taxonomy":"product_cat","embeddable":true,"href":"https:\/\/startlan.ee\/en\/wp-json\/wp\/v2\/product_cat?post=6065"},{"taxonomy":"product_tag","embeddable":true,"href":"https:\/\/startlan.ee\/en\/wp-json\/wp\/v2\/product_tag?post=6065"}],"curies":[{"name":"wp","href":"https:\/\/api.w.org\/{rel}","templated":true}]}}