{"id":6063,"date":"2023-12-01T11:16:52","date_gmt":"2023-12-01T11:16:52","guid":{"rendered":"https:\/\/startlan.ee\/?post_type=product&#038;p=6063"},"modified":"2026-05-13T18:31:05","modified_gmt":"2026-05-13T15:31:05","slug":"dr-scheller-mask-kannatuslille-varskendav-16ml","status":"publish","type":"product","link":"https:\/\/startlan.ee\/en\/toode\/dr-scheller-mask-kannatuslille-varskendav-16ml\/","title":{"rendered":"Dr. Scheller mask Kannatuslille v\u00e4rskendav 16ml"},"content":{"rendered":"<p>V\u00e4rskendav lehtmask koheste tulemustega. Annab eluj\u00f5udu ja niisutab intensiivselt.<br \/>\nKasutamine: Pane mask puhastatud nahale ja vajuta \u00f5rnalt nahale. J\u00e4ta m\u00f5juma 15 minutiks, eemalda ja masseeri maski j\u00e4\u00e4gid \u00f5rnalt naha sisse.<\/p>\n<p><strong>KOOSTISOSAD:<\/strong><\/p>\n<p>AQUA (WATER), PYRUS MALUS (APPLE) FRUIT WATER*, PENTYLENE GLYCOL, GLYCERIN, PASSIFLORA INCARNATA EXTRACT*, CALENDULA OFFICINALIS FLOWER EXTRACT, SODIUM HYALURONATE, CAMELLIA SINENSIS LEAF EXTRACT*, ALOE BARBADENSIS LEAF JUICE POWDER*, GLYCYRRHIZA GLABRA (LICORICE) ROOT EXTRACT*, OPUNTIA FICUS-INDICA STEM EXTRACT, GALACTOARABINAN, BENZYL ALCOHOL, DISODIUM PHOSPHATE<\/p>\n","protected":false},"excerpt":{"rendered":"<p>V\u00e4rskendav lehtmask koheste tulemustega. Annab eluj\u00f5udu ja niisutab intensiivselt. Kasutamine: Pane mask puhastatud nahale ja vajuta \u00f5rnalt nahale. J\u00e4ta m\u00f5juma&#8230;<\/p>\n","protected":false},"featured_media":6122,"comment_status":"open","ping_status":"closed","template":"","meta":{"_acf_changed":false,"inline_featured_image":false},"pwb-brand":[978],"product_brand":[],"product_cat":[866,868,927],"product_tag":[],"class_list":{"0":"post-6063","1":"product","2":"type-product","3":"status-publish","4":"has-post-thumbnail","6":"pwb-brand-dr-scheller","7":"product_cat-maskid-nagu","8":"product_cat-looduskosmeetika","9":"product_cat-apteegikosmeetika","11":"first","12":"instock","13":"taxable","14":"shipping-taxable","15":"purchasable","16":"product-type-simple"},"acf":[],"brands":[{"id":978,"name":"Dr. Scheller","slug":"dr-scheller"}],"_links":{"self":[{"href":"https:\/\/startlan.ee\/en\/wp-json\/wp\/v2\/product\/6063","targetHints":{"allow":["GET"]}}],"collection":[{"href":"https:\/\/startlan.ee\/en\/wp-json\/wp\/v2\/product"}],"about":[{"href":"https:\/\/startlan.ee\/en\/wp-json\/wp\/v2\/types\/product"}],"replies":[{"embeddable":true,"href":"https:\/\/startlan.ee\/en\/wp-json\/wp\/v2\/comments?post=6063"}],"wp:featuredmedia":[{"embeddable":true,"href":"https:\/\/startlan.ee\/en\/wp-json\/wp\/v2\/media\/6122"}],"wp:attachment":[{"href":"https:\/\/startlan.ee\/en\/wp-json\/wp\/v2\/media?parent=6063"}],"wp:term":[{"taxonomy":"pwb-brand","embeddable":true,"href":"https:\/\/startlan.ee\/en\/wp-json\/wp\/v2\/pwb-brand?post=6063"},{"taxonomy":"product_brand","embeddable":true,"href":"https:\/\/startlan.ee\/en\/wp-json\/wp\/v2\/product_brand?post=6063"},{"taxonomy":"product_cat","embeddable":true,"href":"https:\/\/startlan.ee\/en\/wp-json\/wp\/v2\/product_cat?post=6063"},{"taxonomy":"product_tag","embeddable":true,"href":"https:\/\/startlan.ee\/en\/wp-json\/wp\/v2\/product_tag?post=6063"}],"curies":[{"name":"wp","href":"https:\/\/api.w.org\/{rel}","templated":true}]}}