{"id":6061,"date":"2023-12-01T11:16:51","date_gmt":"2023-12-01T11:16:51","guid":{"rendered":"https:\/\/startlan.ee\/?post_type=product&#038;p=6061"},"modified":"2026-05-13T18:02:01","modified_gmt":"2026-05-13T15:02:01","slug":"dr-scheller-kreem-palsam-ohaka-toitev-50ml","status":"publish","type":"product","link":"https:\/\/startlan.ee\/en\/toode\/dr-scheller-kreem-palsam-ohaka-toitev-50ml\/","title":{"rendered":"Dr. Scheller kreem-palsam Ohaka toitev 49g"},"content":{"rendered":"<p>Rikkalik hoolitsus s\u00fcgavuti kaitstud ja rahustatud naha jaoks. Nahka t\u00e4iustav koostis sheav\u00f5i, taimse kollageeni ja ektoiiniga kaitseb nahka keskkonnam\u00f5jude ja niiskuse kaotuse eest. Nahk on sile, jooned ja kortsud v\u00e4henevad. Toitvad \u00f5lid ohakast ja avokaadost j\u00e4tavad naha pehmeks, n\u00f5tkeks ja l\u00f5\u00f5gastunuks.<br \/>\nKasutamine: Kandke hommikuti ja \u00f5htuti eelnevalt puhastatud nahale.<\/p>\n<p>KOOSTISOSAD:<\/p>\n<p>AQUA (WATER), BUTYROSPERMUM PARKII (SHEA) BUTTER*, PERSEA GRATISSIMA (AVOCADO) OIL, DECYL OLEATE, PENTYLENE GLYCOL, RICINUS COMMUNIS (CASTOR) SEED OIL*, CETEARYL ALCOHOL, GLYCERYL STEARATE CITRATE, HYDROGENATED VEGETABLE OIL, CAPRYLIC\/CAPRIC TRIGLYCERIDE, PRUNUS AMYGDALUS DULCIS (SWEET ALMOND) OIL*, CARTHAMUS TINCTORIUS (SAFFLOWER) SEED OIL, HYDROGENATED OLIVE OIL, CETEARYL GLUCOSIDE, CALENDULA OFFICINALIS FLOWER EXTRACT, COLLAGEN AMINO ACIDS, ECTOIN, HELIANTHUS ANNUUS (SUNFLOWER) SEED OIL, GLYCINE SOJA (SOYBEAN) OIL, OLEA EUROPAEA (OLIVE) FRUIT OIL, OLEA EUROPAEA (OLIVE) OIL UNSAPONIFIABLES, LEUCONOSTOC\/RADISH ROOT FERMENT FILTRATE, BRASSICA CAMPESTRIS STEROLS, TOCOPHEROL, SCLEROTIUM GUM, HYDROGENATED PALM GLYCERIDES CITRATE, BENZYL ALCOHOL, LIMONENE**, LINALOOL**, GERANIOL**, PARFUM (FRAGRANCE), CITRIC ACID<\/p>\n","protected":false},"excerpt":{"rendered":"<p>Rikkalik hoolitsus s\u00fcgavuti kaitstud ja rahustatud naha jaoks. Nahka t\u00e4iustav koostis sheav\u00f5i, taimse kollageeni ja ektoiiniga kaitseb nahka keskkonnam\u00f5jude ja&#8230;<\/p>\n","protected":false},"featured_media":6106,"comment_status":"open","ping_status":"closed","template":"","meta":{"_acf_changed":false,"inline_featured_image":false},"pwb-brand":[978],"product_brand":[],"product_cat":[864,868,927],"product_tag":[],"class_list":{"0":"post-6061","1":"product","2":"type-product","3":"status-publish","4":"has-post-thumbnail","6":"pwb-brand-dr-scheller","7":"product_cat-naokreemid","8":"product_cat-looduskosmeetika","9":"product_cat-apteegikosmeetika","11":"first","12":"instock","13":"taxable","14":"shipping-taxable","15":"purchasable","16":"product-type-simple"},"acf":[],"brands":[{"id":978,"name":"Dr. Scheller","slug":"dr-scheller"}],"_links":{"self":[{"href":"https:\/\/startlan.ee\/en\/wp-json\/wp\/v2\/product\/6061","targetHints":{"allow":["GET"]}}],"collection":[{"href":"https:\/\/startlan.ee\/en\/wp-json\/wp\/v2\/product"}],"about":[{"href":"https:\/\/startlan.ee\/en\/wp-json\/wp\/v2\/types\/product"}],"replies":[{"embeddable":true,"href":"https:\/\/startlan.ee\/en\/wp-json\/wp\/v2\/comments?post=6061"}],"wp:featuredmedia":[{"embeddable":true,"href":"https:\/\/startlan.ee\/en\/wp-json\/wp\/v2\/media\/6106"}],"wp:attachment":[{"href":"https:\/\/startlan.ee\/en\/wp-json\/wp\/v2\/media?parent=6061"}],"wp:term":[{"taxonomy":"pwb-brand","embeddable":true,"href":"https:\/\/startlan.ee\/en\/wp-json\/wp\/v2\/pwb-brand?post=6061"},{"taxonomy":"product_brand","embeddable":true,"href":"https:\/\/startlan.ee\/en\/wp-json\/wp\/v2\/product_brand?post=6061"},{"taxonomy":"product_cat","embeddable":true,"href":"https:\/\/startlan.ee\/en\/wp-json\/wp\/v2\/product_cat?post=6061"},{"taxonomy":"product_tag","embeddable":true,"href":"https:\/\/startlan.ee\/en\/wp-json\/wp\/v2\/product_tag?post=6061"}],"curies":[{"name":"wp","href":"https:\/\/api.w.org\/{rel}","templated":true}]}}