{"id":6059,"date":"2023-12-01T11:16:51","date_gmt":"2023-12-01T11:16:51","guid":{"rendered":"https:\/\/startlan.ee\/?post_type=product&#038;p=6059"},"modified":"2026-05-13T18:31:05","modified_gmt":"2026-05-13T15:31:05","slug":"dr-scheller-seerum-kummeli-rahustav-15ml","status":"publish","type":"product","link":"https:\/\/startlan.ee\/en\/toode\/dr-scheller-seerum-kummeli-rahustav-15ml\/","title":{"rendered":"Dr. Scheller seerum Kummeli rahustav 15ml"},"content":{"rendered":"<p>Tagab tasakaalustatud naha ja v\u00e4hendab punetust, peeneid jooni ja kortse. Kontsentreeritud kummeli, v\u00e4giheina ja lagritsaga koostis rahustab koheselt pinges, tundlikku nahka. Mandli\u00f5li ja prebiootikumid taastavad, tugevdavad ja toetavad naha loomulikku kaitsebarj\u00e4\u00e4ri. H\u00fcaluroonhape niisutab intensiivselt ja toetab kaitsebarj\u00e4\u00e4ri. Ei ole lisatud l\u00f5hnaaineid.<br \/>\nKasutamine: Kanna nahale hommikul ja \u00f5htul peale puhastamist. Seej\u00e4rel kasuta oma tavap\u00e4rast niisutavat kreemi.<\/p>\n<p>KOOSTISOSAD:<\/p>\n<p>AQUA (WATER), PYRUS MALUS (APPLE) FRUIT WATER*, PENTYLENE GLYCOL, LACTOCOCCUS FERMENT LYSATE, PRUNUS AMYGDALUS DULCIS (SWEET ALMOND) OIL*, CETEARYL OLIVATE, SORBITAN OLIVATE, CHAMOMILLA RECUTITA (MATRICARIA) FLOWER EXTRACT, CALENDULA OFFICINALIS FLOWER EXTRACT, GLYCYRRHIZA GLABRA (LICORICE) ROOT EXTRACT*, VERBASCUM THAPSUS FLOWER EXTRACT, BISABOLOL, SODIUM HYALURONATE, HELIANTHUS ANNUUS (SUNFLOWER) SEED OIL, GLYCINE SOJA (SOYBEAN) OIL, GLYCERIN, TOCOPHEROL, BIOSACCHARIDE GUM-1, SUCCINOGLYCAN, GLYCERYL CAPRYLATE, SODIUM LEVULINATE, SODIUM HYDROXIDE, SODIUM CHLORIDE, PHENYLPROPANOL, BENZYL ALCOHOL, LACTIC ACID, p-ANISIC ACID, LEVULINIC ACID<\/p>\n","protected":false},"excerpt":{"rendered":"<p>Tagab tasakaalustatud naha ja v\u00e4hendab punetust, peeneid jooni ja kortse. Kontsentreeritud kummeli, v\u00e4giheina ja lagritsaga koostis rahustab koheselt pinges, tundlikku&#8230;<\/p>\n","protected":false},"featured_media":6102,"comment_status":"open","ping_status":"closed","template":"","meta":{"_acf_changed":false,"inline_featured_image":false},"pwb-brand":[978],"product_brand":[],"product_cat":[865,868,927],"product_tag":[],"class_list":{"0":"post-6059","1":"product","2":"type-product","3":"status-publish","4":"has-post-thumbnail","6":"pwb-brand-dr-scheller","7":"product_cat-seerumid-ja-kontsentraadid","8":"product_cat-looduskosmeetika","9":"product_cat-apteegikosmeetika","11":"first","12":"instock","13":"taxable","14":"shipping-taxable","15":"purchasable","16":"product-type-simple"},"acf":[],"brands":[{"id":978,"name":"Dr. Scheller","slug":"dr-scheller"}],"_links":{"self":[{"href":"https:\/\/startlan.ee\/en\/wp-json\/wp\/v2\/product\/6059","targetHints":{"allow":["GET"]}}],"collection":[{"href":"https:\/\/startlan.ee\/en\/wp-json\/wp\/v2\/product"}],"about":[{"href":"https:\/\/startlan.ee\/en\/wp-json\/wp\/v2\/types\/product"}],"replies":[{"embeddable":true,"href":"https:\/\/startlan.ee\/en\/wp-json\/wp\/v2\/comments?post=6059"}],"wp:featuredmedia":[{"embeddable":true,"href":"https:\/\/startlan.ee\/en\/wp-json\/wp\/v2\/media\/6102"}],"wp:attachment":[{"href":"https:\/\/startlan.ee\/en\/wp-json\/wp\/v2\/media?parent=6059"}],"wp:term":[{"taxonomy":"pwb-brand","embeddable":true,"href":"https:\/\/startlan.ee\/en\/wp-json\/wp\/v2\/pwb-brand?post=6059"},{"taxonomy":"product_brand","embeddable":true,"href":"https:\/\/startlan.ee\/en\/wp-json\/wp\/v2\/product_brand?post=6059"},{"taxonomy":"product_cat","embeddable":true,"href":"https:\/\/startlan.ee\/en\/wp-json\/wp\/v2\/product_cat?post=6059"},{"taxonomy":"product_tag","embeddable":true,"href":"https:\/\/startlan.ee\/en\/wp-json\/wp\/v2\/product_tag?post=6059"}],"curies":[{"name":"wp","href":"https:\/\/api.w.org\/{rel}","templated":true}]}}