{"id":6058,"date":"2023-12-01T11:16:51","date_gmt":"2023-12-01T11:16:51","guid":{"rendered":"https:\/\/startlan.ee\/?post_type=product&#038;p=6058"},"modified":"2026-05-13T18:02:01","modified_gmt":"2026-05-13T15:02:01","slug":"dr-scheller-geel-kreem-kassinaeri-rahustav-50ml","status":"publish","type":"product","link":"https:\/\/startlan.ee\/en\/toode\/dr-scheller-geel-kreem-kassinaeri-rahustav-50ml\/","title":{"rendered":"Dr. Scheller geel-kreem Kassinaeri rahustav 50ml"},"content":{"rendered":"<p>Siidine ja kerge hoolitsus, mis on n\u00e4htavalt rahustav, niisutav ja pehmendav. Kassinaeris, leedripuu ja p\u00e4rna\u00f5is rahustavad ning siluvad nahka. Kerge kibuvitsa\u00f5li ja jojoba \u00f5li muudavad naha n\u00f5tkeks ja uuenenuks. H\u00fcaluroonhape, gl\u00fctseriin ja kaktuse ekstrakt niisutavad intensiivselt ning siluvad jooni ja kortse.<br \/>\nKasutamine: kandke igal hommikul eelnevalt puhastatud nahale. V\u00e4ltige intensiivset keskp\u00e4evast p\u00e4ikest.<\/p>\n<p>KOOSTISOSAD:<\/p>\n<p>AQUA (WATER), PYRUS MALUS (APPLE) FRUIT WATER*, PENTYLENE GLYCOL, DECYL OLEATE, PRUNUS ARMENIACA (APRICOT) KERNEL OIL*, CETEARYL ALCOHOL, DISTARCH PHOSPHATE, GLYCERIN, C9-12 ALKANE, CETEARYL GLUCOSIDE, MALVA SYLVESTRIS (MALLOW) FLOWER EXTRACT, CALENDULA OFFICINALIS FLOWER EXTRACT, SODIUM HYALURONATE, ROSA CANINA FRUIT OIL*, TILIA CORDATA FLOWER EXTRACT, SAMBUCUS NIGRA FLOWER EXTRACT, OPUNTIA FICUS-INDICA STEM EXTRACT, SIMMONDSIA CHINENSIS (JOJOBA) SEED OIL*, HELIANTHUS ANNUUS (SUNFLOWER) SEED OIL, GLYCINE SOJA (SOYBEAN) OIL, TOCOPHEROL, COCO-CAPRYLATE\/CAPRATE, SCLEROTIUM GUM, SUCCINOGLYCAN, DISODIUM PHOSPHATE, BENZYL ALCOHOL, HYDROGENATED PALM GLYCERIDES CITRATE, CITRIC ACID<\/p>\n","protected":false},"excerpt":{"rendered":"<p>Siidine ja kerge hoolitsus, mis on n\u00e4htavalt rahustav, niisutav ja pehmendav. Kassinaeris, leedripuu ja p\u00e4rna\u00f5is rahustavad ning siluvad nahka. Kerge&#8230;<\/p>\n","protected":false},"featured_media":6100,"comment_status":"open","ping_status":"closed","template":"","meta":{"_acf_changed":false,"inline_featured_image":false},"pwb-brand":[978],"product_brand":[],"product_cat":[864,868,927],"product_tag":[],"class_list":{"0":"post-6058","1":"product","2":"type-product","3":"status-publish","4":"has-post-thumbnail","6":"pwb-brand-dr-scheller","7":"product_cat-naokreemid","8":"product_cat-looduskosmeetika","9":"product_cat-apteegikosmeetika","11":"first","12":"instock","13":"taxable","14":"shipping-taxable","15":"purchasable","16":"product-type-simple"},"acf":[],"brands":[{"id":978,"name":"Dr. Scheller","slug":"dr-scheller"}],"_links":{"self":[{"href":"https:\/\/startlan.ee\/en\/wp-json\/wp\/v2\/product\/6058","targetHints":{"allow":["GET"]}}],"collection":[{"href":"https:\/\/startlan.ee\/en\/wp-json\/wp\/v2\/product"}],"about":[{"href":"https:\/\/startlan.ee\/en\/wp-json\/wp\/v2\/types\/product"}],"replies":[{"embeddable":true,"href":"https:\/\/startlan.ee\/en\/wp-json\/wp\/v2\/comments?post=6058"}],"wp:featuredmedia":[{"embeddable":true,"href":"https:\/\/startlan.ee\/en\/wp-json\/wp\/v2\/media\/6100"}],"wp:attachment":[{"href":"https:\/\/startlan.ee\/en\/wp-json\/wp\/v2\/media?parent=6058"}],"wp:term":[{"taxonomy":"pwb-brand","embeddable":true,"href":"https:\/\/startlan.ee\/en\/wp-json\/wp\/v2\/pwb-brand?post=6058"},{"taxonomy":"product_brand","embeddable":true,"href":"https:\/\/startlan.ee\/en\/wp-json\/wp\/v2\/product_brand?post=6058"},{"taxonomy":"product_cat","embeddable":true,"href":"https:\/\/startlan.ee\/en\/wp-json\/wp\/v2\/product_cat?post=6058"},{"taxonomy":"product_tag","embeddable":true,"href":"https:\/\/startlan.ee\/en\/wp-json\/wp\/v2\/product_tag?post=6058"}],"curies":[{"name":"wp","href":"https:\/\/api.w.org\/{rel}","templated":true}]}}