{"id":6057,"date":"2023-12-01T11:16:51","date_gmt":"2023-12-01T11:16:51","guid":{"rendered":"https:\/\/startlan.ee\/?post_type=product&#038;p=6057"},"modified":"2026-05-13T18:02:01","modified_gmt":"2026-05-13T15:02:01","slug":"dr-scheller-argaaniaoli-100-naole-ja-juustele-30ml","status":"publish","type":"product","link":"https:\/\/startlan.ee\/en\/toode\/dr-scheller-argaaniaoli-100-naole-ja-juustele-30ml\/","title":{"rendered":"Dr. Scheller Argaania\u00f5li 100% (n\u00e4ole ja juustele) 30ml"},"content":{"rendered":"<p>100% puhas \u00f5li, mis suurendab naha elaststust ja annab hoolitsetud ning n\u00f5tke naha tunde. Juustes kasutamine annab l\u00e4iget ja muudab juuksed siidiselt pehmeks. Argaania\u00f5li on saadud orgaaniliselt kasvanud argaaniapuu seemnetest ning on rikas nahka hooldavate ainete poolest, millest olulisemad on E-vitamiin ning rasvhapped.<br \/>\nEt \u00f5li v\u00e4\u00e4rtuslikke toitaineid s\u00e4ilitada, pressitakse seda k\u00fclmpressi meetodil.<br \/>\nKasutamine: Kanna eelnevalt puhastatud nahale, masseeri \u00f5rnalt naha sisse v\u00f5i kanna juukseotstele ning aja laiali. Ei tohi kasutada toiduks. Ainult v\u00e4lispidiseks kasutamiseks.<\/p>\n<p>KOOSTISOSA:<\/p>\n<p>ARGANIA SPINOSA KERNEL OIL<\/p>\n","protected":false},"excerpt":{"rendered":"<p>100% puhas \u00f5li, mis suurendab naha elaststust ja annab hoolitsetud ning n\u00f5tke naha tunde. Juustes kasutamine annab l\u00e4iget ja muudab&#8230;<\/p>\n","protected":false},"featured_media":6098,"comment_status":"open","ping_status":"closed","template":"","meta":{"_acf_changed":false,"inline_featured_image":false},"pwb-brand":[978],"product_brand":[],"product_cat":[857,865,868,927],"product_tag":[],"class_list":{"0":"post-6057","1":"product","2":"type-product","3":"status-publish","4":"has-post-thumbnail","6":"pwb-brand-dr-scheller","7":"product_cat-seerumid","8":"product_cat-seerumid-ja-kontsentraadid","9":"product_cat-looduskosmeetika","10":"product_cat-apteegikosmeetika","12":"first","13":"instock","14":"taxable","15":"shipping-taxable","16":"purchasable","17":"product-type-simple"},"acf":[],"brands":[{"id":978,"name":"Dr. Scheller","slug":"dr-scheller"}],"_links":{"self":[{"href":"https:\/\/startlan.ee\/en\/wp-json\/wp\/v2\/product\/6057","targetHints":{"allow":["GET"]}}],"collection":[{"href":"https:\/\/startlan.ee\/en\/wp-json\/wp\/v2\/product"}],"about":[{"href":"https:\/\/startlan.ee\/en\/wp-json\/wp\/v2\/types\/product"}],"replies":[{"embeddable":true,"href":"https:\/\/startlan.ee\/en\/wp-json\/wp\/v2\/comments?post=6057"}],"wp:featuredmedia":[{"embeddable":true,"href":"https:\/\/startlan.ee\/en\/wp-json\/wp\/v2\/media\/6098"}],"wp:attachment":[{"href":"https:\/\/startlan.ee\/en\/wp-json\/wp\/v2\/media?parent=6057"}],"wp:term":[{"taxonomy":"pwb-brand","embeddable":true,"href":"https:\/\/startlan.ee\/en\/wp-json\/wp\/v2\/pwb-brand?post=6057"},{"taxonomy":"product_brand","embeddable":true,"href":"https:\/\/startlan.ee\/en\/wp-json\/wp\/v2\/product_brand?post=6057"},{"taxonomy":"product_cat","embeddable":true,"href":"https:\/\/startlan.ee\/en\/wp-json\/wp\/v2\/product_cat?post=6057"},{"taxonomy":"product_tag","embeddable":true,"href":"https:\/\/startlan.ee\/en\/wp-json\/wp\/v2\/product_tag?post=6057"}],"curies":[{"name":"wp","href":"https:\/\/api.w.org\/{rel}","templated":true}]}}