{"id":6056,"date":"2023-12-01T11:16:51","date_gmt":"2023-12-01T11:16:51","guid":{"rendered":"https:\/\/startlan.ee\/?post_type=product&#038;p=6056"},"modified":"2026-05-13T18:31:04","modified_gmt":"2026-05-13T15:31:04","slug":"dr-scheller-kaitsev-argaaniaoliga-paevakreem-spf15-50ml","status":"publish","type":"product","link":"https:\/\/startlan.ee\/en\/toode\/dr-scheller-kaitsev-argaaniaoliga-paevakreem-spf15-50ml\/","title":{"rendered":"Dr. Scheller Kaitsev Argaania\u00f5liga p\u00e4evakreem SPF15 60ml"},"content":{"rendered":"<p>Kergelt tooniv p\u00e4evakreem mineraalsete UV-filtrite ja vananemisvastase toimega. Mineraalsed kaitsefiltrid peegeldavad tagasi kahjulike UVA ja UVB kiiri kaitstes seel\u00e4bi nahka nende eest. Rikastatud E-vitamiini ja valge ingveriga v\u00f5itleb see kreem p\u00e4ikesest ja keskkonnast tingitud naha enneaegse vananemisega. K\u00fclmpressitud oargaania\u00f5li ja parakress siluvad jooni ja kortse ning toidavad nahka muutes selle pehmeks ja n\u00f5tkeks. H\u00fcaluroonhape ja taimset p\u00e4ritolu gl\u00fctseriin niisutavad. Naturaalsed v\u00e4rvipigmendid tagavad \u00fchtlase pealekandmise, \u00fchtlustavad naha tooni ja muudavad siidiselt pehmeks.<br \/>\nKasutamine: Kandke igal hommikul eelnevalt puhastatud nahale. V\u00e4ltige intensiivset keskp\u00e4evast p\u00e4ikest.<\/p>\n<p>KOOSTISOSAD:<\/p>\n<p>AQUA (WATER), ZINC OXIDE, CAPRYLIC\/CAPRIC TRIGLYCERIDE, SILICA, COCO-CAPRYLATE, GLYCINE SOJA (SOYBEAN) OIL*, TITANIUM DIOXIDE, PENTYLENE GLYCOL, C9-12 ALKANE, PYRUS MALUS (APPLE) FRUIT WATER*, POLYGLYCERYL-3 DICITRATE\/STEARATE, COCOS NUCIFERA (COCONUT) OIL*, GLYCERYL STEARATE SE, GLYCERIN, ARGANIA SPINOSA KERNEL OIL*, CALENDULA OFFICINALIS FLOWER EXTRACT, SODIUM HYALURONATE, ACMELLA OLERACEA EXTRACT, HEDYCHIUM CORONARIUM ROOT EXTRACT, SIMMONDSIA CHINENSIS (JOJOBA) SEED OIL, HELIANTHUS ANNUUS (SUNFLOWER) SEED OIL, TOCOPHEROL, COCO-CAPRYLATE\/CAPRATE, LECITHIN, JOJOBA ESTERS, XANTHAN GUM, SUCCINOGLYCAN, POLYHYDROXYSTEARIC ACID, POLYGLYCERYL-3 POLYRICINOLEATE, POLYGLYCERYL-6 POLYRICINOLEATE, CETYL ALCOHOL, ISOSTEARIC ACID, BENZYL ALCOHOL, BEHENYL ALCOHOL, LIMONENE**, LINALOOL**, GERANIOL**, CITRONELLOL**, CITRAL**, PARFUM (FRAGRANCE), CI 77491 (IRON OXIDES), CI 77492 (IRON OXIDES), CI 77499 (IRON OXIDES)<\/p>\n","protected":false},"excerpt":{"rendered":"<p>Kergelt tooniv p\u00e4evakreem mineraalsete UV-filtrite ja vananemisvastase toimega. Mineraalsed kaitsefiltrid peegeldavad tagasi kahjulike UVA ja UVB kiiri kaitstes seel\u00e4bi nahka&#8230;<\/p>\n","protected":false},"featured_media":6096,"comment_status":"open","ping_status":"closed","template":"","meta":{"_acf_changed":false,"inline_featured_image":false},"pwb-brand":[978],"product_brand":[],"product_cat":[864,868,927,941,973],"product_tag":[],"class_list":{"0":"post-6056","1":"product","2":"type-product","3":"status-publish","4":"has-post-thumbnail","6":"pwb-brand-dr-scheller","7":"product_cat-naokreemid","8":"product_cat-looduskosmeetika","9":"product_cat-apteegikosmeetika","10":"product_cat-paikesetooted-2","11":"product_cat-populaarne","13":"first","14":"instock","15":"taxable","16":"shipping-taxable","17":"purchasable","18":"product-type-simple"},"acf":[],"brands":[{"id":978,"name":"Dr. Scheller","slug":"dr-scheller"}],"_links":{"self":[{"href":"https:\/\/startlan.ee\/en\/wp-json\/wp\/v2\/product\/6056","targetHints":{"allow":["GET"]}}],"collection":[{"href":"https:\/\/startlan.ee\/en\/wp-json\/wp\/v2\/product"}],"about":[{"href":"https:\/\/startlan.ee\/en\/wp-json\/wp\/v2\/types\/product"}],"replies":[{"embeddable":true,"href":"https:\/\/startlan.ee\/en\/wp-json\/wp\/v2\/comments?post=6056"}],"wp:featuredmedia":[{"embeddable":true,"href":"https:\/\/startlan.ee\/en\/wp-json\/wp\/v2\/media\/6096"}],"wp:attachment":[{"href":"https:\/\/startlan.ee\/en\/wp-json\/wp\/v2\/media?parent=6056"}],"wp:term":[{"taxonomy":"pwb-brand","embeddable":true,"href":"https:\/\/startlan.ee\/en\/wp-json\/wp\/v2\/pwb-brand?post=6056"},{"taxonomy":"product_brand","embeddable":true,"href":"https:\/\/startlan.ee\/en\/wp-json\/wp\/v2\/product_brand?post=6056"},{"taxonomy":"product_cat","embeddable":true,"href":"https:\/\/startlan.ee\/en\/wp-json\/wp\/v2\/product_cat?post=6056"},{"taxonomy":"product_tag","embeddable":true,"href":"https:\/\/startlan.ee\/en\/wp-json\/wp\/v2\/product_tag?post=6056"}],"curies":[{"name":"wp","href":"https:\/\/api.w.org\/{rel}","templated":true}]}}