{"id":6055,"date":"2023-12-01T11:16:51","date_gmt":"2023-12-01T11:16:51","guid":{"rendered":"https:\/\/startlan.ee\/?post_type=product&#038;p=6055"},"modified":"2026-05-13T18:02:01","modified_gmt":"2026-05-13T15:02:01","slug":"dr-scheller-ookreem-argaaniaoliga-kortsudevastane-50ml","status":"publish","type":"product","link":"https:\/\/startlan.ee\/en\/toode\/dr-scheller-ookreem-argaaniaoliga-kortsudevastane-50ml\/","title":{"rendered":"Dr. Scheller \u00f6\u00f6kreem Argaania\u00f5liga kortsudevastane 49g"},"content":{"rendered":"<p>Kortsudevastane \u00f6\u00f6kreem, mis aktiveerib naha uuenemisprotsesse, silub kortse ja toetab naha loomulikku uuenemist. Taimset p\u00e4ritolu kollageen, h\u00fcaluroonhape ja parakress siluvad nahka ja annavad kauni jume. Kontsentreeritud orgaaniline palderjani ekstrakt, shoreav\u00f5i ning toitvad \u00f5lid moodustavad nahale kaitsekihi ja s\u00e4ilitavad selle niiskustaset. T\u00e4iendab naha niiskustaset ning nahk uueneb magamise ajal. Kasutamine: Kanna igal \u00f5htul eelnevalt puhastatud nahale.<\/p>\n<p>KOOSTISOSAD:<\/p>\n<p>AQUA (WATER), DECYL OLEATE, GLYCINE SOJA (SOYBEAN) OIL*, PENTYLENE GLYCOL, COCOS NUCIFERA (COCONUT) OIL*, PRUNUS ARMENIACA (APRICOT) KERNEL OIL*, GLYCERYL STEARATE CITRATE, CETEARYL ALCOHOL, SHOREA STENOPTERA SEED BUTTER, CAPRYLIC\/CAPRIC TRIGLYCERIDE, ARGANIA SPINOSA KERNEL OIL*, PUNICA GRANATUM SEED OIL*, SQUALANE, COLLAGEN AMINO ACIDS, CALENDULA OFFICINALIS FLOWER EXTRACT, SODIUM HYALURONATE, ACMELLA OLERACEA EXTRACT, VALERIANA OFFICINALIS ROOT EXTRACT*, LEUCONOSTOC\/RADISH ROOT FERMENT FILTRATE, HELIANTHUS ANNUUS (SUNFLOWER) SEED OIL, TOCOPHEROL, GLYCERIN, CETEARYL GLUCOSIDE, SODIUM HYDROXIDE, SCLEROTIUM GUM, HYDROGENATED PALM GLYCERIDES CITRATE, BENZYL ALCOHOL, LIMONENE**, CITRAL**, LINALOOL**, GERANIOL**, CITRONELLOL**, PARFUM (FRAGRANCE)<\/p>\n<p>&nbsp;<\/p>\n","protected":false},"excerpt":{"rendered":"<p>Kortsudevastane \u00f6\u00f6kreem, mis aktiveerib naha uuenemisprotsesse, silub kortse ja toetab naha loomulikku uuenemist. Taimset p\u00e4ritolu kollageen, h\u00fcaluroonhape ja parakress siluvad&#8230;<\/p>\n","protected":false},"featured_media":6094,"comment_status":"open","ping_status":"closed","template":"","meta":{"_acf_changed":false,"inline_featured_image":false},"pwb-brand":[978],"product_brand":[],"product_cat":[973,864,868,927],"product_tag":[],"class_list":{"0":"post-6055","1":"product","2":"type-product","3":"status-publish","4":"has-post-thumbnail","6":"pwb-brand-dr-scheller","7":"product_cat-populaarne","8":"product_cat-naokreemid","9":"product_cat-looduskosmeetika","10":"product_cat-apteegikosmeetika","12":"first","13":"instock","14":"taxable","15":"shipping-taxable","16":"purchasable","17":"product-type-simple"},"acf":[],"brands":[{"id":978,"name":"Dr. Scheller","slug":"dr-scheller"}],"_links":{"self":[{"href":"https:\/\/startlan.ee\/en\/wp-json\/wp\/v2\/product\/6055","targetHints":{"allow":["GET"]}}],"collection":[{"href":"https:\/\/startlan.ee\/en\/wp-json\/wp\/v2\/product"}],"about":[{"href":"https:\/\/startlan.ee\/en\/wp-json\/wp\/v2\/types\/product"}],"replies":[{"embeddable":true,"href":"https:\/\/startlan.ee\/en\/wp-json\/wp\/v2\/comments?post=6055"}],"wp:featuredmedia":[{"embeddable":true,"href":"https:\/\/startlan.ee\/en\/wp-json\/wp\/v2\/media\/6094"}],"wp:attachment":[{"href":"https:\/\/startlan.ee\/en\/wp-json\/wp\/v2\/media?parent=6055"}],"wp:term":[{"taxonomy":"pwb-brand","embeddable":true,"href":"https:\/\/startlan.ee\/en\/wp-json\/wp\/v2\/pwb-brand?post=6055"},{"taxonomy":"product_brand","embeddable":true,"href":"https:\/\/startlan.ee\/en\/wp-json\/wp\/v2\/product_brand?post=6055"},{"taxonomy":"product_cat","embeddable":true,"href":"https:\/\/startlan.ee\/en\/wp-json\/wp\/v2\/product_cat?post=6055"},{"taxonomy":"product_tag","embeddable":true,"href":"https:\/\/startlan.ee\/en\/wp-json\/wp\/v2\/product_tag?post=6055"}],"curies":[{"name":"wp","href":"https:\/\/api.w.org\/{rel}","templated":true}]}}