{"id":6054,"date":"2023-12-01T11:16:51","date_gmt":"2023-12-01T11:16:51","guid":{"rendered":"https:\/\/startlan.ee\/?post_type=product&#038;p=6054"},"modified":"2026-05-13T18:02:01","modified_gmt":"2026-05-13T15:02:01","slug":"dr-scheller-paevakreem-argaaniaoliga-kortsudevastane-50ml","status":"publish","type":"product","link":"https:\/\/startlan.ee\/en\/toode\/dr-scheller-paevakreem-argaaniaoliga-kortsudevastane-50ml\/","title":{"rendered":"Dr. Scheller p\u00e4evakreem Argaania\u00f5liga kortsudevastane 50ml"},"content":{"rendered":"<p>Siluv p\u00e4evakreem \u00fchtlustatud nahatooni ja muudab naha elastsemaks. Tasandab kortse ja kaitseb enneaegse vananemise eest. K\u00f5rge kontsentratsiooniga parakressi ekstrakt toniseerib ja silub miimikajooni ja kortse. K\u00fclmpressitud orgaaniline argaania\u00f5li, orgaaniline granaat\u00f5unaseemne \u00f5li ja f\u00fctoskvalaan hooldavad nahka j\u00e4ttes selle siledaks, pehmeks ja n\u00f5tkeks.<br \/>\nH\u00fcaluroonhape ja taimset p\u00e4ritolu gl\u00fctseriin niisutavad intensiivselt ja kaitsevad nahka niiskuse kaotuse eest. Kasutamine: Kanna igal hommikul eelnevalt puhastatud nahale.<\/p>\n<p>KOOSTISOSAD:<\/p>\n<p>AQUA (WATER), GLYCINE SOJA (SOYBEAN) OIL*, DECYL OLEATE, PENTYLENE GLYCOL, GLYCERYL STEARATE CITRATE, COCOS NUCIFERA (COCONUT) OIL*, GLYCERIN, CETEARYL ALCOHOL, CAPRYLIC\/CAPRIC TRIGLYDERIDE, SQUALANE, PUNICA GRANATUM SEED OIL*, ARGANIA SPINOSA KERNEL OIL*, CALENDULA OFFICINALIS FLOWER EXTRACT, SODIUM HYALURONATE, ACMELLA OLERACEA EXTRACT, HELIANTHUS ANNUUS (SUNFLOWER) SEED OIL, TOCOPHEROL, CETEARYL GLUCOSIDE, SCLEROTIUM GUM, HYDROGENATED PALM GLYCERIDES CITRATE, BENZYL ALCOHOL, LIMONENE**, CITRAL**, LINALOOL**, GERANIOL**, CITRONELLOL**, PARFUM (FRAGRANCE)<\/p>\n","protected":false},"excerpt":{"rendered":"<p>Siluv p\u00e4evakreem \u00fchtlustatud nahatooni ja muudab naha elastsemaks. Tasandab kortse ja kaitseb enneaegse vananemise eest. K\u00f5rge kontsentratsiooniga parakressi ekstrakt toniseerib&#8230;<\/p>\n","protected":false},"featured_media":6092,"comment_status":"open","ping_status":"closed","template":"","meta":{"_acf_changed":false,"inline_featured_image":false},"pwb-brand":[978],"product_brand":[],"product_cat":[973,864,868,927],"product_tag":[],"class_list":{"0":"post-6054","1":"product","2":"type-product","3":"status-publish","4":"has-post-thumbnail","6":"pwb-brand-dr-scheller","7":"product_cat-populaarne","8":"product_cat-naokreemid","9":"product_cat-looduskosmeetika","10":"product_cat-apteegikosmeetika","12":"first","13":"instock","14":"taxable","15":"shipping-taxable","16":"purchasable","17":"product-type-simple"},"acf":[],"brands":[{"id":978,"name":"Dr. Scheller","slug":"dr-scheller"}],"_links":{"self":[{"href":"https:\/\/startlan.ee\/en\/wp-json\/wp\/v2\/product\/6054","targetHints":{"allow":["GET"]}}],"collection":[{"href":"https:\/\/startlan.ee\/en\/wp-json\/wp\/v2\/product"}],"about":[{"href":"https:\/\/startlan.ee\/en\/wp-json\/wp\/v2\/types\/product"}],"replies":[{"embeddable":true,"href":"https:\/\/startlan.ee\/en\/wp-json\/wp\/v2\/comments?post=6054"}],"wp:featuredmedia":[{"embeddable":true,"href":"https:\/\/startlan.ee\/en\/wp-json\/wp\/v2\/media\/6092"}],"wp:attachment":[{"href":"https:\/\/startlan.ee\/en\/wp-json\/wp\/v2\/media?parent=6054"}],"wp:term":[{"taxonomy":"pwb-brand","embeddable":true,"href":"https:\/\/startlan.ee\/en\/wp-json\/wp\/v2\/pwb-brand?post=6054"},{"taxonomy":"product_brand","embeddable":true,"href":"https:\/\/startlan.ee\/en\/wp-json\/wp\/v2\/product_brand?post=6054"},{"taxonomy":"product_cat","embeddable":true,"href":"https:\/\/startlan.ee\/en\/wp-json\/wp\/v2\/product_cat?post=6054"},{"taxonomy":"product_tag","embeddable":true,"href":"https:\/\/startlan.ee\/en\/wp-json\/wp\/v2\/product_tag?post=6054"}],"curies":[{"name":"wp","href":"https:\/\/api.w.org\/{rel}","templated":true}]}}