{"id":6053,"date":"2023-12-01T11:16:50","date_gmt":"2023-12-01T11:16:50","guid":{"rendered":"https:\/\/startlan.ee\/?post_type=product&#038;p=6053"},"modified":"2026-05-13T18:31:04","modified_gmt":"2026-05-13T15:31:04","slug":"dr-scheller-seerum-bakuchioli-taastav-15ml","status":"publish","type":"product","link":"https:\/\/startlan.ee\/en\/toode\/dr-scheller-seerum-bakuchioli-taastav-15ml\/","title":{"rendered":"Dr. Scheller seerum Bakuchioli taastav 15ml"},"content":{"rendered":"<p>Pinguldav seerum, mis stimuleerib kollageeni tootmist, v\u00e4hendab pigmendilaike ja silub nahka.<br \/>\nSisaldab f\u00fctoretinooli, bakuchiooli, skvalaani ja jojoba\u00f5li. Ei ole lisatud l\u00f5hnaaineid.<br \/>\nKasutamine: kanna nahale hommikul ja \u00f5htul peale puhastamist. Seej\u00e4rel kasuta oma tavap\u00e4rast niisutavat kreemi.<\/p>\n<p>KOOSTISOSAD:<\/p>\n<p>GLYCINE SOJA (SOYBEAN) OIL*, COCO-CAPRYLATE, OENOTHERA BIENNIS (EVENING PRIMROSE) OIL, SIMMONDSIA CHINENSIS (JOJOBA) SEED OIL*, SQUALANE, BAKUCHIOL, CALENDULA OFFICINALIS FLOWER EXTRACT, BISABOLOL, HELIANTHUS ANNUUS (SUNFLOWER) SEED OIL, TOCOPHEROL<\/p>\n","protected":false},"excerpt":{"rendered":"<p>Pinguldav seerum, mis stimuleerib kollageeni tootmist, v\u00e4hendab pigmendilaike ja silub nahka. Sisaldab f\u00fctoretinooli, bakuchiooli, skvalaani ja jojoba\u00f5li. Ei ole lisatud&#8230;<\/p>\n","protected":false},"featured_media":29558,"comment_status":"open","ping_status":"closed","template":"","meta":{"_acf_changed":false,"inline_featured_image":false},"pwb-brand":[978],"product_brand":[],"product_cat":[973,976,865,868,927],"product_tag":[],"class_list":{"0":"post-6053","1":"product","2":"type-product","3":"status-publish","4":"has-post-thumbnail","6":"pwb-brand-dr-scheller","7":"product_cat-populaarne","8":"product_cat-auhinnatud-tooted","9":"product_cat-seerumid-ja-kontsentraadid","10":"product_cat-looduskosmeetika","11":"product_cat-apteegikosmeetika","13":"first","14":"instock","15":"taxable","16":"shipping-taxable","17":"purchasable","18":"product-type-simple"},"acf":[],"brands":[{"id":978,"name":"Dr. Scheller","slug":"dr-scheller"}],"_links":{"self":[{"href":"https:\/\/startlan.ee\/en\/wp-json\/wp\/v2\/product\/6053","targetHints":{"allow":["GET"]}}],"collection":[{"href":"https:\/\/startlan.ee\/en\/wp-json\/wp\/v2\/product"}],"about":[{"href":"https:\/\/startlan.ee\/en\/wp-json\/wp\/v2\/types\/product"}],"replies":[{"embeddable":true,"href":"https:\/\/startlan.ee\/en\/wp-json\/wp\/v2\/comments?post=6053"}],"wp:featuredmedia":[{"embeddable":true,"href":"https:\/\/startlan.ee\/en\/wp-json\/wp\/v2\/media\/29558"}],"wp:attachment":[{"href":"https:\/\/startlan.ee\/en\/wp-json\/wp\/v2\/media?parent=6053"}],"wp:term":[{"taxonomy":"pwb-brand","embeddable":true,"href":"https:\/\/startlan.ee\/en\/wp-json\/wp\/v2\/pwb-brand?post=6053"},{"taxonomy":"product_brand","embeddable":true,"href":"https:\/\/startlan.ee\/en\/wp-json\/wp\/v2\/product_brand?post=6053"},{"taxonomy":"product_cat","embeddable":true,"href":"https:\/\/startlan.ee\/en\/wp-json\/wp\/v2\/product_cat?post=6053"},{"taxonomy":"product_tag","embeddable":true,"href":"https:\/\/startlan.ee\/en\/wp-json\/wp\/v2\/product_tag?post=6053"}],"curies":[{"name":"wp","href":"https:\/\/api.w.org\/{rel}","templated":true}]}}