{"id":6052,"date":"2023-12-01T11:16:50","date_gmt":"2023-12-01T11:16:50","guid":{"rendered":"https:\/\/startlan.ee\/?post_type=product&#038;p=6052"},"modified":"2026-05-13T18:31:04","modified_gmt":"2026-05-13T15:31:04","slug":"dr-scheller-puhastusgeel-aloe-vera-orn-125ml","status":"publish","type":"product","link":"https:\/\/startlan.ee\/en\/toode\/dr-scheller-puhastusgeel-aloe-vera-orn-125ml\/","title":{"rendered":"Dr. Scheller puhastusgeel Aloe Vera \u00f5rn 125ml"},"content":{"rendered":"<p>V\u00e4rskendav, \u00f5rn ja p\u00f5hjalik puhastusgeel, mis j\u00e4tab naha pehmeks. Aloe vera, kurgi ja kasemahla koostis m\u00f5jub rahustavalt.<br \/>\nAlkoholivaba, pH-neutraalne, ei ole lisatud l\u00f5hnaaineid.<br \/>\nKasutamine: kanna nahale, masseeri \u00f5rnalt ning loputa veega.<\/p>\n<p>KOOSTISOSAD:<\/p>\n<p>AQUA (WATER), GLYCERIN, SODIUM COCOYL GLUTAMATE, COCO-GLUCOSIDE, PYRUS MALUS (APPLE) FRUIT WATER*, ALOE BARBADENSIS LEAF JUICE POWDER*, CALENDULA OFFICINALIS FLOWER EXTRACT, CUCUMIS SATIVUS (CUCUMBER) FRUIT WATER, BETULA ALBA LEAF EXTRACT*, CHONDRUS CRISPUS (CARRAGEENAN), DEHYDROXANTHAN GUM, SODIUM LEVULINATE, BENZYL ALCOHOL, SODIUM ANISATE<\/p>\n","protected":false},"excerpt":{"rendered":"<p>V\u00e4rskendav, \u00f5rn ja p\u00f5hjalik puhastusgeel, mis j\u00e4tab naha pehmeks. Aloe vera, kurgi ja kasemahla koostis m\u00f5jub rahustavalt. Alkoholivaba, pH-neutraalne, ei&#8230;<\/p>\n","protected":false},"featured_media":6088,"comment_status":"open","ping_status":"closed","template":"","meta":{"_acf_changed":false,"inline_featured_image":false},"pwb-brand":[978],"product_brand":[],"product_cat":[867,868,927],"product_tag":[],"class_list":{"0":"post-6052","1":"product","2":"type-product","3":"status-publish","4":"has-post-thumbnail","6":"pwb-brand-dr-scheller","7":"product_cat-puhastus-meigieemaldus","8":"product_cat-looduskosmeetika","9":"product_cat-apteegikosmeetika","11":"first","12":"instock","13":"taxable","14":"shipping-taxable","15":"purchasable","16":"product-type-simple"},"acf":[],"brands":[{"id":978,"name":"Dr. Scheller","slug":"dr-scheller"}],"_links":{"self":[{"href":"https:\/\/startlan.ee\/en\/wp-json\/wp\/v2\/product\/6052","targetHints":{"allow":["GET"]}}],"collection":[{"href":"https:\/\/startlan.ee\/en\/wp-json\/wp\/v2\/product"}],"about":[{"href":"https:\/\/startlan.ee\/en\/wp-json\/wp\/v2\/types\/product"}],"replies":[{"embeddable":true,"href":"https:\/\/startlan.ee\/en\/wp-json\/wp\/v2\/comments?post=6052"}],"wp:featuredmedia":[{"embeddable":true,"href":"https:\/\/startlan.ee\/en\/wp-json\/wp\/v2\/media\/6088"}],"wp:attachment":[{"href":"https:\/\/startlan.ee\/en\/wp-json\/wp\/v2\/media?parent=6052"}],"wp:term":[{"taxonomy":"pwb-brand","embeddable":true,"href":"https:\/\/startlan.ee\/en\/wp-json\/wp\/v2\/pwb-brand?post=6052"},{"taxonomy":"product_brand","embeddable":true,"href":"https:\/\/startlan.ee\/en\/wp-json\/wp\/v2\/product_brand?post=6052"},{"taxonomy":"product_cat","embeddable":true,"href":"https:\/\/startlan.ee\/en\/wp-json\/wp\/v2\/product_cat?post=6052"},{"taxonomy":"product_tag","embeddable":true,"href":"https:\/\/startlan.ee\/en\/wp-json\/wp\/v2\/product_tag?post=6052"}],"curies":[{"name":"wp","href":"https:\/\/api.w.org\/{rel}","templated":true}]}}