{"id":6050,"date":"2023-12-01T11:16:50","date_gmt":"2023-12-01T11:16:50","guid":{"rendered":"https:\/\/startlan.ee\/?post_type=product&#038;p=6050"},"modified":"2026-05-13T18:02:01","modified_gmt":"2026-05-13T15:02:01","slug":"dr-scheller-intensiivseerum-argaaniaoli-kortsudevastane-30ml","status":"publish","type":"product","link":"https:\/\/startlan.ee\/en\/toode\/dr-scheller-intensiivseerum-argaaniaoli-kortsudevastane-30ml\/","title":{"rendered":"Dr. Scheller intensiivseerum Argaania\u00f5li kortsudevastane 30ml"},"content":{"rendered":"<p>Koheselt siluv ja pinguldav seerum, mis v\u00e4hendab joonekesi ja kortse ning annab intensiivselt niisutatud, t\u00e4idlasema naha tunde. Koostises on kasutatud orgaanilist argaania\u00f5li, h\u00fcaluroonhapet, parakressi ja viigimarju. Tsitrusviljade l\u00f5hnaga.<br \/>\nKasutamine: kandke nahale hommikul ja \u00f5htul peale puhastamist ning seej\u00e4rel kasutage oma tavap\u00e4rast niisutajat.<\/p>\n<p>KOOSTISOSAD:<\/p>\n<p>AQUA (WATER), PYRUS MALUS (APPLE) FRUIT WATER*, PENTYLENE GLYCOL, PROPANEDIOL, ARGANIA SPINOSA KERNEL OIL*, SODIUM HYALURONATE, CALENDULA OFFICINALIS FLOWER EXTRACT, FICUS CARICA (FIG) FRUIT EXTRACT, ACMELLA OLERACEA EXTRACT, GLYCINE SOJA (SOYBEAN) OIL, HELIANTHUS ANNUUS (SUNFLOWER) SEED OIL, TOCOPHEROL, SUCCINOGLYCAN, CETEARYL OLIVATE, SORBITAN OLIVATE, XANTHAN GUM, SODIUM HYDROXIDE, BENZYL ALCOHOL, PHENETHYL ALCOHOL, LIMONENE**, CITRAL**, LINALOOL**, GERANIOL**, PARFUM (FRAGRANCE)<\/p>\n","protected":false},"excerpt":{"rendered":"<p>Koheselt siluv ja pinguldav seerum, mis v\u00e4hendab joonekesi ja kortse ning annab intensiivselt niisutatud, t\u00e4idlasema naha tunde. Koostises on kasutatud&#8230;<\/p>\n","protected":false},"featured_media":6084,"comment_status":"open","ping_status":"closed","template":"","meta":{"_acf_changed":false,"inline_featured_image":false},"pwb-brand":[978],"product_brand":[],"product_cat":[865,868,927],"product_tag":[],"class_list":{"0":"post-6050","1":"product","2":"type-product","3":"status-publish","4":"has-post-thumbnail","6":"pwb-brand-dr-scheller","7":"product_cat-seerumid-ja-kontsentraadid","8":"product_cat-looduskosmeetika","9":"product_cat-apteegikosmeetika","11":"first","12":"instock","13":"taxable","14":"shipping-taxable","15":"purchasable","16":"product-type-simple"},"acf":[],"brands":[{"id":978,"name":"Dr. Scheller","slug":"dr-scheller"}],"_links":{"self":[{"href":"https:\/\/startlan.ee\/en\/wp-json\/wp\/v2\/product\/6050","targetHints":{"allow":["GET"]}}],"collection":[{"href":"https:\/\/startlan.ee\/en\/wp-json\/wp\/v2\/product"}],"about":[{"href":"https:\/\/startlan.ee\/en\/wp-json\/wp\/v2\/types\/product"}],"replies":[{"embeddable":true,"href":"https:\/\/startlan.ee\/en\/wp-json\/wp\/v2\/comments?post=6050"}],"wp:featuredmedia":[{"embeddable":true,"href":"https:\/\/startlan.ee\/en\/wp-json\/wp\/v2\/media\/6084"}],"wp:attachment":[{"href":"https:\/\/startlan.ee\/en\/wp-json\/wp\/v2\/media?parent=6050"}],"wp:term":[{"taxonomy":"pwb-brand","embeddable":true,"href":"https:\/\/startlan.ee\/en\/wp-json\/wp\/v2\/pwb-brand?post=6050"},{"taxonomy":"product_brand","embeddable":true,"href":"https:\/\/startlan.ee\/en\/wp-json\/wp\/v2\/product_brand?post=6050"},{"taxonomy":"product_cat","embeddable":true,"href":"https:\/\/startlan.ee\/en\/wp-json\/wp\/v2\/product_cat?post=6050"},{"taxonomy":"product_tag","embeddable":true,"href":"https:\/\/startlan.ee\/en\/wp-json\/wp\/v2\/product_tag?post=6050"}],"curies":[{"name":"wp","href":"https:\/\/api.w.org\/{rel}","templated":true}]}}