{"id":5651,"date":"2023-12-01T11:13:59","date_gmt":"2023-12-01T11:13:59","guid":{"rendered":"https:\/\/startlan.ee\/?post_type=product&#038;p=5651"},"modified":"2026-05-13T16:03:25","modified_gmt":"2026-05-13T13:03:25","slug":"sans-soucis-alpi-roos-silmakreem-15ml","status":"publish","type":"product","link":"https:\/\/startlan.ee\/en\/toode\/sans-soucis-alpi-roos-silmakreem-15ml\/","title":{"rendered":"Sans Soucis Alpi roos silmakreem 15ml"},"content":{"rendered":"<p>Alpi roosiga silmakreem. Kaitseb silma\u00fcmbruse tundlikku nahka UV-stressi eest, parandab naha niiskustasakaalu ja t\u00fcvirakkude eluj\u00f5udu. Kasutamine: kandke hommikul ja \u00f5htul \u00f5rnalt puhastatud silma\u00fcmbruse nahale.<\/p>\n","protected":false},"excerpt":{"rendered":"<p>Alpi roosiga silmakreem. Kaitseb silma\u00fcmbruse tundlikku nahka UV-stressi eest, parandab naha niiskustasakaalu ja t\u00fcvirakkude eluj\u00f5udu. Kasutamine: kandke hommikul ja \u00f5htul&#8230;<\/p>\n","protected":false},"featured_media":5714,"comment_status":"open","ping_status":"closed","template":"","meta":{"_acf_changed":false,"inline_featured_image":false},"pwb-brand":[500],"product_brand":[],"product_cat":[940],"product_tag":[],"class_list":{"0":"post-5651","1":"product","2":"type-product","3":"status-publish","4":"has-post-thumbnail","6":"pwb-brand-sans-soucis","7":"product_cat-silmahooldus","9":"first","10":"instock","11":"sale","12":"taxable","13":"shipping-taxable","14":"purchasable","15":"product-type-simple"},"acf":[],"brands":[{"id":500,"name":"Sans Soucis","slug":"sans-soucis"}],"_links":{"self":[{"href":"https:\/\/startlan.ee\/en\/wp-json\/wp\/v2\/product\/5651","targetHints":{"allow":["GET"]}}],"collection":[{"href":"https:\/\/startlan.ee\/en\/wp-json\/wp\/v2\/product"}],"about":[{"href":"https:\/\/startlan.ee\/en\/wp-json\/wp\/v2\/types\/product"}],"replies":[{"embeddable":true,"href":"https:\/\/startlan.ee\/en\/wp-json\/wp\/v2\/comments?post=5651"}],"wp:featuredmedia":[{"embeddable":true,"href":"https:\/\/startlan.ee\/en\/wp-json\/wp\/v2\/media\/5714"}],"wp:attachment":[{"href":"https:\/\/startlan.ee\/en\/wp-json\/wp\/v2\/media?parent=5651"}],"wp:term":[{"taxonomy":"pwb-brand","embeddable":true,"href":"https:\/\/startlan.ee\/en\/wp-json\/wp\/v2\/pwb-brand?post=5651"},{"taxonomy":"product_brand","embeddable":true,"href":"https:\/\/startlan.ee\/en\/wp-json\/wp\/v2\/product_brand?post=5651"},{"taxonomy":"product_cat","embeddable":true,"href":"https:\/\/startlan.ee\/en\/wp-json\/wp\/v2\/product_cat?post=5651"},{"taxonomy":"product_tag","embeddable":true,"href":"https:\/\/startlan.ee\/en\/wp-json\/wp\/v2\/product_tag?post=5651"}],"curies":[{"name":"wp","href":"https:\/\/api.w.org\/{rel}","templated":true}]}}