{"id":55931,"date":"2025-08-22T10:00:27","date_gmt":"2025-08-22T07:00:27","guid":{"rendered":"https:\/\/startlan.ee\/toode\/7days-kuivsampoon-x2-voluum-esmaspaev-200ml\/"},"modified":"2026-05-13T18:00:19","modified_gmt":"2026-05-13T15:00:19","slug":"7days-kuivsampoon-x2-voluum-esmaspaev-200ml","status":"publish","type":"product","link":"https:\/\/startlan.ee\/en\/toode\/7days-kuivsampoon-x2-voluum-esmaspaev-200ml\/","title":{"rendered":"7DAYS kuiv\u0161ampoon X2 vol\u00fc\u00fcm esmasp\u00e4ev 200ml"},"content":{"rendered":"<p>Kuiv\u0161ampoon 7DAYS MY BEAUTY WEEK SUPER FRESH puhastab s\u00fcgavuti, annab juurtele XXL vol\u00fc\u00fcmi ja v\u00e4rskust.<\/p>\n<p>\u0160ampoon eemaldab \u00f5rnalt ja t\u00f5husalt liigse rasu ja mustuse, j\u00e4ttes juuksed v\u00e4rskeks ja meeldivalt l\u00f5hnavaks. Looduslike koostisosadega toode puhastab juuksejuuri ja parandab peanaha seisundit: riisit\u00e4rklis k\u00f5rvaldab rasuse l\u00e4ike, lisab vol\u00fc\u00fcmi, kuivatamata juukseid ega j\u00e4ta valgeid j\u00e4\u00e4ke. E-vitamiin taastab juuste loomuliku pehmuse ja siidisuse. Sobib k\u00f5ikidele juukset\u00fc\u00fcpidele ja -toonidele, ka tumedatele ja heledatele juustele.<\/p>\n<p>\u00d5rn, kuid t\u00f5hus koostis ei p\u00f5hjusta \u00e4rritust ega s\u00fcgelust isegi tundliku peanaha korral. #1 kiirpuhastusmeetod, mis ei vaja aega ega pesutingimusi \u2013 ideaalne reisimiseks. Sobib ka soengu viimistlemiseks ja tekstuuri lisamiseks. Vaid paari sekundiga v\u00e4rskendab see soengu, nii et \u201cmustade juuste p\u00e4evadel\u201d ei pea enam juukseid hobusesabasse v\u00f5i krunni panema. Puhastele juustele kantuna lisab kuiv\u0161ampoon m\u00e4rgatavalt vol\u00fc\u00fcmi juurtele, annab kergust ja pikendab juuste puhtust ilma ebameeldiva l\u00f5hnata.<\/p>\n<p>Kuiv\u0161ampooni t\u00e4iendab kaalutu, v\u00e4rske aroom. Aitab taastada juuste puhtuse igal ajal ja igal pool, muutes need kohevaks ja kergesti soengusse seatavaks. Sobib tundlikule peanahale.<\/p>\n","protected":false},"excerpt":{"rendered":"<p>Kuiv\u0161ampoon 7DAYS MY BEAUTY WEEK SUPER FRESH puhastab s\u00fcgavuti, annab juurtele XXL vol\u00fc\u00fcmi ja v\u00e4rskust. \u0160ampoon eemaldab \u00f5rnalt ja t\u00f5husalt&#8230;<\/p>\n","protected":false},"featured_media":56464,"comment_status":"open","ping_status":"closed","template":"","meta":{"_acf_changed":false,"inline_featured_image":false},"pwb-brand":[981],"product_brand":[],"product_cat":[860,1071],"product_tag":[],"class_list":{"0":"post-55931","1":"product","2":"type-product","3":"status-publish","4":"has-post-thumbnail","6":"pwb-brand-7days","7":"product_cat-kuivsampoonid","8":"product_cat-korea","10":"first","11":"instock","12":"sale","13":"taxable","14":"shipping-taxable","15":"purchasable","16":"product-type-simple"},"acf":[],"brands":[{"id":981,"name":"7Days","slug":"7days"}],"_links":{"self":[{"href":"https:\/\/startlan.ee\/en\/wp-json\/wp\/v2\/product\/55931","targetHints":{"allow":["GET"]}}],"collection":[{"href":"https:\/\/startlan.ee\/en\/wp-json\/wp\/v2\/product"}],"about":[{"href":"https:\/\/startlan.ee\/en\/wp-json\/wp\/v2\/types\/product"}],"replies":[{"embeddable":true,"href":"https:\/\/startlan.ee\/en\/wp-json\/wp\/v2\/comments?post=55931"}],"wp:featuredmedia":[{"embeddable":true,"href":"https:\/\/startlan.ee\/en\/wp-json\/wp\/v2\/media\/56464"}],"wp:attachment":[{"href":"https:\/\/startlan.ee\/en\/wp-json\/wp\/v2\/media?parent=55931"}],"wp:term":[{"taxonomy":"pwb-brand","embeddable":true,"href":"https:\/\/startlan.ee\/en\/wp-json\/wp\/v2\/pwb-brand?post=55931"},{"taxonomy":"product_brand","embeddable":true,"href":"https:\/\/startlan.ee\/en\/wp-json\/wp\/v2\/product_brand?post=55931"},{"taxonomy":"product_cat","embeddable":true,"href":"https:\/\/startlan.ee\/en\/wp-json\/wp\/v2\/product_cat?post=55931"},{"taxonomy":"product_tag","embeddable":true,"href":"https:\/\/startlan.ee\/en\/wp-json\/wp\/v2\/product_tag?post=55931"}],"curies":[{"name":"wp","href":"https:\/\/api.w.org\/{rel}","templated":true}]}}