{"id":55930,"date":"2025-08-22T10:00:27","date_gmt":"2025-08-22T07:00:27","guid":{"rendered":"https:\/\/startlan.ee\/toode\/7days-kehakreem-marjad-ja-sheavoi-250ml\/"},"modified":"2026-05-13T18:00:19","modified_gmt":"2026-05-13T15:00:19","slug":"7days-kehakreem-marjad-ja-sheavoi-250ml","status":"publish","type":"product","link":"https:\/\/startlan.ee\/en\/toode\/7days-kehakreem-marjad-ja-sheavoi-250ml\/","title":{"rendered":"7DAYS Kehakreem marjad ja sheav\u00f5i 250ml"},"content":{"rendered":"<p>Kehakreem rahustab ja sheav\u00f5i ja mandli\u00f5li niisutavad, toidavad ja taastavad nahka. Muraka -, Mustika -, Vaarikaekstraktid toniseerivad ja pinguldavad nahka. Mandlite suvine aroom v\u00e4rskete vaarikatega aitab end positiivsete emotsioonidega laadida ja p\u00e4rast rasket p\u00e4eva taastuda.<\/p>\n<p>&nbsp;<\/p>\n<p><strong>KOOSTIS:\u00a0<\/strong>AQUA (WATER), CAPRYLIC\/CAPRIC TRIGLYCERIDE, GLYCERIN, CETEARYL ALCOHOL, GLYCERYL STEARATE, POLYSORBATE 60, DIMETHICONE, BUTYROSPERMUM PARKII (SHEA) BUTTER, PRUNUS AMYGDALUS DULCIS (SWEET ALMOND) OIL, PANTHENOL, ALLANTOIN, SALICORNIA HERBACEA EXTRACT, PHRAGMITES COMMUNIS EXTRACT, PASSIFLORA EDULIS SEED OIL, TOCOPHERYL ACETATE, RUBUS FRUTICOSUS (BLACKBERRY) FRUIT EXTRACT, VACCINIUM ANGUSTIFOLIUM (BLUEBERRY) FRUIT EXTRACT, RUBUS IDAEUS (RASPBERRY) FRUIT EXTRACT, GLYCINE SOJA (SOYBEAN) OIL, PHENOXYETHANOL, ETHYLHEXYLGLYCERIN, SORBITAN SESQUIOLEATE, CARBOMER, 1,2-HEXANEDIOL, BUTYLENE GLYCOL, TRIETHANOLAMINE, DISODIUM EDTA, CI 16185, CI 19140, PARFUM (FRAGRANCE).<\/p>\n","protected":false},"excerpt":{"rendered":"<p>Kehakreem rahustab ja sheav\u00f5i ja mandli\u00f5li niisutavad, toidavad ja taastavad nahka. Muraka -, Mustika -, Vaarikaekstraktid toniseerivad ja pinguldavad nahka&#8230;.<\/p>\n","protected":false},"featured_media":55955,"comment_status":"open","ping_status":"closed","template":"","meta":{"_acf_changed":false,"inline_featured_image":false},"pwb-brand":[981],"product_brand":[],"product_cat":[872,1071],"product_tag":[1057],"class_list":{"0":"post-55930","1":"product","2":"type-product","3":"status-publish","4":"has-post-thumbnail","6":"pwb-brand-7days","7":"product_cat-kehakreemid-ihupiimad","8":"product_cat-korea","9":"product_tag-7days-kehakreemid","11":"first","12":"instock","13":"sale","14":"taxable","15":"shipping-taxable","16":"purchasable","17":"product-type-simple"},"acf":[],"brands":[{"id":981,"name":"7Days","slug":"7days"}],"_links":{"self":[{"href":"https:\/\/startlan.ee\/en\/wp-json\/wp\/v2\/product\/55930","targetHints":{"allow":["GET"]}}],"collection":[{"href":"https:\/\/startlan.ee\/en\/wp-json\/wp\/v2\/product"}],"about":[{"href":"https:\/\/startlan.ee\/en\/wp-json\/wp\/v2\/types\/product"}],"replies":[{"embeddable":true,"href":"https:\/\/startlan.ee\/en\/wp-json\/wp\/v2\/comments?post=55930"}],"wp:featuredmedia":[{"embeddable":true,"href":"https:\/\/startlan.ee\/en\/wp-json\/wp\/v2\/media\/55955"}],"wp:attachment":[{"href":"https:\/\/startlan.ee\/en\/wp-json\/wp\/v2\/media?parent=55930"}],"wp:term":[{"taxonomy":"pwb-brand","embeddable":true,"href":"https:\/\/startlan.ee\/en\/wp-json\/wp\/v2\/pwb-brand?post=55930"},{"taxonomy":"product_brand","embeddable":true,"href":"https:\/\/startlan.ee\/en\/wp-json\/wp\/v2\/product_brand?post=55930"},{"taxonomy":"product_cat","embeddable":true,"href":"https:\/\/startlan.ee\/en\/wp-json\/wp\/v2\/product_cat?post=55930"},{"taxonomy":"product_tag","embeddable":true,"href":"https:\/\/startlan.ee\/en\/wp-json\/wp\/v2\/product_tag?post=55930"}],"curies":[{"name":"wp","href":"https:\/\/api.w.org\/{rel}","templated":true}]}}