{"id":55906,"date":"2025-08-15T11:04:50","date_gmt":"2025-08-15T08:04:50","guid":{"rendered":"https:\/\/startlan.ee\/toode\/maruderm-mask-juustele-hualuroonhape-niisutav-300-ml\/"},"modified":"2026-04-18T04:34:14","modified_gmt":"2026-04-18T01:34:14","slug":"maruderm-mask-juustele-hualuroonhape-niisutav-300-ml","status":"publish","type":"product","link":"https:\/\/startlan.ee\/en\/toode\/maruderm-mask-juustele-hualuroonhape-niisutav-300-ml\/","title":{"rendered":"MaruDerm Mask juustele H\u00fcaluroonhape niisutav 300 ml"},"content":{"rendered":"<p>Kanna piisav kogus toodet niisketele ja puhastele juustele, masseeri sisse. Lase maskil toimida 15\u201330 minutit. Seej\u00e4rel loputa juuksed veega. Soovitatav kasutada 1\u20132 korda n\u00e4dalas. Ainult v\u00e4lispidiseks kasutamiseks. V\u00e4ltida otsest silma sattumist. Silma sattumise korral loputada koheselt rohke veega. Hoida laste eest. S\u00e4ilitamine: +5\u00b0C kuni +25\u00b0C.<\/p>\n","protected":false},"excerpt":{"rendered":"<p>Kanna piisav kogus toodet niisketele ja puhastele juustele, masseeri sisse. Lase maskil toimida 15\u201330 minutit. Seej\u00e4rel loputa juuksed veega. Soovitatav&#8230;<\/p>\n","protected":false},"featured_media":56147,"comment_status":"open","ping_status":"closed","template":"","meta":{"_acf_changed":false,"inline_featured_image":false},"pwb-brand":[1056],"product_brand":[],"product_cat":[856],"product_tag":[],"class_list":{"0":"post-55906","1":"product","2":"type-product","3":"status-publish","4":"has-post-thumbnail","6":"pwb-brand-maruderm","7":"product_cat-maskid","9":"first","10":"instock","11":"taxable","12":"shipping-taxable","13":"purchasable","14":"product-type-simple"},"acf":[],"brands":[{"id":1056,"name":"MaruDerm","slug":"maruderm"}],"_links":{"self":[{"href":"https:\/\/startlan.ee\/en\/wp-json\/wp\/v2\/product\/55906","targetHints":{"allow":["GET"]}}],"collection":[{"href":"https:\/\/startlan.ee\/en\/wp-json\/wp\/v2\/product"}],"about":[{"href":"https:\/\/startlan.ee\/en\/wp-json\/wp\/v2\/types\/product"}],"replies":[{"embeddable":true,"href":"https:\/\/startlan.ee\/en\/wp-json\/wp\/v2\/comments?post=55906"}],"wp:featuredmedia":[{"embeddable":true,"href":"https:\/\/startlan.ee\/en\/wp-json\/wp\/v2\/media\/56147"}],"wp:attachment":[{"href":"https:\/\/startlan.ee\/en\/wp-json\/wp\/v2\/media?parent=55906"}],"wp:term":[{"taxonomy":"pwb-brand","embeddable":true,"href":"https:\/\/startlan.ee\/en\/wp-json\/wp\/v2\/pwb-brand?post=55906"},{"taxonomy":"product_brand","embeddable":true,"href":"https:\/\/startlan.ee\/en\/wp-json\/wp\/v2\/product_brand?post=55906"},{"taxonomy":"product_cat","embeddable":true,"href":"https:\/\/startlan.ee\/en\/wp-json\/wp\/v2\/product_cat?post=55906"},{"taxonomy":"product_tag","embeddable":true,"href":"https:\/\/startlan.ee\/en\/wp-json\/wp\/v2\/product_tag?post=55906"}],"curies":[{"name":"wp","href":"https:\/\/api.w.org\/{rel}","templated":true}]}}