{"id":55905,"date":"2025-08-15T11:04:36","date_gmt":"2025-08-15T08:04:36","guid":{"rendered":"https:\/\/startlan.ee\/toode\/maruderm-mask-juukseid-taastav-300-ml\/"},"modified":"2026-04-18T04:34:13","modified_gmt":"2026-04-18T01:34:13","slug":"maruderm-mask-juukseid-taastav-300-ml","status":"publish","type":"product","link":"https:\/\/startlan.ee\/en\/toode\/maruderm-mask-juukseid-taastav-300-ml\/","title":{"rendered":"MaruDerm Mask juukseid taastav 300 ml"},"content":{"rendered":"<p>Sisaldab aminohappekompleksi, pajukoore ekstrakti, argaania- ja kookos\u00f5li. Aitab s\u00e4ilitada juuste niiskustasakaalu ja tugevdab juuksekiude, andes neile s\u00e4rava ja tugeva v\u00e4limuse. Kasutamine: Masseeri niisketele ja puhastele juustele, lase m\u00f5juda 15\u201330 minutit. Seej\u00e4rel loputa. Kasuta 1\u20132 korda n\u00e4dalas. Ainult v\u00e4lispidiseks kasutamiseks. Hoida laste eest. S\u00e4ilitamine: +5\u00b0C kuni +25\u00b0C.<\/p>\n","protected":false},"excerpt":{"rendered":"<p>Sisaldab aminohappekompleksi, pajukoore ekstrakti, argaania- ja kookos\u00f5li. Aitab s\u00e4ilitada juuste niiskustasakaalu ja tugevdab juuksekiude, andes neile s\u00e4rava ja tugeva v\u00e4limuse&#8230;.<\/p>\n","protected":false},"featured_media":56149,"comment_status":"open","ping_status":"closed","template":"","meta":{"_acf_changed":false,"inline_featured_image":false},"pwb-brand":[1056],"product_brand":[],"product_cat":[856],"product_tag":[],"class_list":{"0":"post-55905","1":"product","2":"type-product","3":"status-publish","4":"has-post-thumbnail","6":"pwb-brand-maruderm","7":"product_cat-maskid","9":"first","10":"instock","11":"taxable","12":"shipping-taxable","13":"purchasable","14":"product-type-simple"},"acf":[],"brands":[{"id":1056,"name":"MaruDerm","slug":"maruderm"}],"_links":{"self":[{"href":"https:\/\/startlan.ee\/en\/wp-json\/wp\/v2\/product\/55905","targetHints":{"allow":["GET"]}}],"collection":[{"href":"https:\/\/startlan.ee\/en\/wp-json\/wp\/v2\/product"}],"about":[{"href":"https:\/\/startlan.ee\/en\/wp-json\/wp\/v2\/types\/product"}],"replies":[{"embeddable":true,"href":"https:\/\/startlan.ee\/en\/wp-json\/wp\/v2\/comments?post=55905"}],"wp:featuredmedia":[{"embeddable":true,"href":"https:\/\/startlan.ee\/en\/wp-json\/wp\/v2\/media\/56149"}],"wp:attachment":[{"href":"https:\/\/startlan.ee\/en\/wp-json\/wp\/v2\/media?parent=55905"}],"wp:term":[{"taxonomy":"pwb-brand","embeddable":true,"href":"https:\/\/startlan.ee\/en\/wp-json\/wp\/v2\/pwb-brand?post=55905"},{"taxonomy":"product_brand","embeddable":true,"href":"https:\/\/startlan.ee\/en\/wp-json\/wp\/v2\/product_brand?post=55905"},{"taxonomy":"product_cat","embeddable":true,"href":"https:\/\/startlan.ee\/en\/wp-json\/wp\/v2\/product_cat?post=55905"},{"taxonomy":"product_tag","embeddable":true,"href":"https:\/\/startlan.ee\/en\/wp-json\/wp\/v2\/product_tag?post=55905"}],"curies":[{"name":"wp","href":"https:\/\/api.w.org\/{rel}","templated":true}]}}