{"id":55903,"date":"2025-08-15T11:04:35","date_gmt":"2025-08-15T08:04:35","guid":{"rendered":"https:\/\/startlan.ee\/toode\/maruderm-mask-juuste-valjalangemise-vastu-300-ml\/"},"modified":"2026-04-18T04:34:12","modified_gmt":"2026-04-18T01:34:12","slug":"maruderm-mask-juuste-valjalangemise-vastu-300-ml","status":"publish","type":"product","link":"https:\/\/startlan.ee\/en\/toode\/maruderm-mask-juuste-valjalangemise-vastu-300-ml\/","title":{"rendered":"MaruDerm Mask juuste v\u00e4ljalangemise vastu 300 ml"},"content":{"rendered":"<p>Sisaldab h\u00fcdrol\u00fc\u00fcsitud maisi-, nisu- ja sojaproteiine, p\u00f5ldosja ekstrakti, aminohappekompleksi, kofeiini ja biotiini. Aitab v\u00e4hendada juuksekadu ning annab juustele l\u00e4ikiva ja vol\u00fc\u00fcmika v\u00e4limuse. Kasutamine: Kanna niisketele ja puhastele juustele, masseeri. Lase m\u00f5juda 15 minutit. Seej\u00e4rel loputa. Soovitatav kasutada 1\u20132 korda n\u00e4dalas.<\/p>\n","protected":false},"excerpt":{"rendered":"<p>Sisaldab h\u00fcdrol\u00fc\u00fcsitud maisi-, nisu- ja sojaproteiine, p\u00f5ldosja ekstrakti, aminohappekompleksi, kofeiini ja biotiini. Aitab v\u00e4hendada juuksekadu ning annab juustele l\u00e4ikiva ja&#8230;<\/p>\n","protected":false},"featured_media":56155,"comment_status":"open","ping_status":"closed","template":"","meta":{"_acf_changed":false,"inline_featured_image":false},"pwb-brand":[1056],"product_brand":[],"product_cat":[856],"product_tag":[],"class_list":{"0":"post-55903","1":"product","2":"type-product","3":"status-publish","4":"has-post-thumbnail","6":"pwb-brand-maruderm","7":"product_cat-maskid","9":"first","10":"instock","11":"taxable","12":"shipping-taxable","13":"purchasable","14":"product-type-simple"},"acf":[],"brands":[{"id":1056,"name":"MaruDerm","slug":"maruderm"}],"_links":{"self":[{"href":"https:\/\/startlan.ee\/en\/wp-json\/wp\/v2\/product\/55903","targetHints":{"allow":["GET"]}}],"collection":[{"href":"https:\/\/startlan.ee\/en\/wp-json\/wp\/v2\/product"}],"about":[{"href":"https:\/\/startlan.ee\/en\/wp-json\/wp\/v2\/types\/product"}],"replies":[{"embeddable":true,"href":"https:\/\/startlan.ee\/en\/wp-json\/wp\/v2\/comments?post=55903"}],"wp:featuredmedia":[{"embeddable":true,"href":"https:\/\/startlan.ee\/en\/wp-json\/wp\/v2\/media\/56155"}],"wp:attachment":[{"href":"https:\/\/startlan.ee\/en\/wp-json\/wp\/v2\/media?parent=55903"}],"wp:term":[{"taxonomy":"pwb-brand","embeddable":true,"href":"https:\/\/startlan.ee\/en\/wp-json\/wp\/v2\/pwb-brand?post=55903"},{"taxonomy":"product_brand","embeddable":true,"href":"https:\/\/startlan.ee\/en\/wp-json\/wp\/v2\/product_brand?post=55903"},{"taxonomy":"product_cat","embeddable":true,"href":"https:\/\/startlan.ee\/en\/wp-json\/wp\/v2\/product_cat?post=55903"},{"taxonomy":"product_tag","embeddable":true,"href":"https:\/\/startlan.ee\/en\/wp-json\/wp\/v2\/product_tag?post=55903"}],"curies":[{"name":"wp","href":"https:\/\/api.w.org\/{rel}","templated":true}]}}