{"id":55900,"date":"2025-08-15T10:04:12","date_gmt":"2025-08-15T07:04:12","guid":{"rendered":"https:\/\/startlan.ee\/toode\/maruderm-palsam-taastav-300-ml\/"},"modified":"2026-04-18T04:34:13","modified_gmt":"2026-04-18T01:34:13","slug":"maruderm-palsam-taastav-300-ml","status":"publish","type":"product","link":"https:\/\/startlan.ee\/en\/toode\/maruderm-palsam-taastav-300-ml\/","title":{"rendered":"MaruDerm Palsam taastav 300 ml"},"content":{"rendered":"<p>Taastav ja niisutav juuksepalsam Sisaldab aminohappekompleksi, pajukoore ekstrakti, argaania- ja kookos\u00f5li. Aitab taastada kahjustatud juukseid ning annab neile l\u00e4ikiva, s\u00e4rava ja vol\u00fc\u00fcmika v\u00e4limuse. Kasutamine\/Ettevaatusabin\u00f5ud: Kanna piisav kogus puhastatud ja m\u00e4rgadele juustele ja peanahale, masseeri. Lase m\u00f5juda 5\u201310 minutit, seej\u00e4rel loputa. Soovitatav kasutada 2\u20133 korda n\u00e4dalas. Ainult v\u00e4lispidiseks kasutamiseks. V\u00e4ltida silma sattumist. Silma sattumise korral loputada rohke veega. Hoida laste eest. S\u00e4ilitamine: +5\u00b0C kuni +25\u00b0C.<\/p>\n","protected":false},"excerpt":{"rendered":"<p>Taastav ja niisutav juuksepalsam Sisaldab aminohappekompleksi, pajukoore ekstrakti, argaania- ja kookos\u00f5li. Aitab taastada kahjustatud juukseid ning annab neile l\u00e4ikiva, s\u00e4rava&#8230;<\/p>\n","protected":false},"featured_media":56161,"comment_status":"open","ping_status":"closed","template":"","meta":{"_acf_changed":false,"inline_featured_image":false},"pwb-brand":[1056],"product_brand":[],"product_cat":[855],"product_tag":[],"class_list":{"0":"post-55900","1":"product","2":"type-product","3":"status-publish","4":"has-post-thumbnail","6":"pwb-brand-maruderm","7":"product_cat-palsamid","9":"first","10":"instock","11":"taxable","12":"shipping-taxable","13":"purchasable","14":"product-type-simple"},"acf":[],"brands":[{"id":1056,"name":"MaruDerm","slug":"maruderm"}],"_links":{"self":[{"href":"https:\/\/startlan.ee\/en\/wp-json\/wp\/v2\/product\/55900","targetHints":{"allow":["GET"]}}],"collection":[{"href":"https:\/\/startlan.ee\/en\/wp-json\/wp\/v2\/product"}],"about":[{"href":"https:\/\/startlan.ee\/en\/wp-json\/wp\/v2\/types\/product"}],"replies":[{"embeddable":true,"href":"https:\/\/startlan.ee\/en\/wp-json\/wp\/v2\/comments?post=55900"}],"wp:featuredmedia":[{"embeddable":true,"href":"https:\/\/startlan.ee\/en\/wp-json\/wp\/v2\/media\/56161"}],"wp:attachment":[{"href":"https:\/\/startlan.ee\/en\/wp-json\/wp\/v2\/media?parent=55900"}],"wp:term":[{"taxonomy":"pwb-brand","embeddable":true,"href":"https:\/\/startlan.ee\/en\/wp-json\/wp\/v2\/pwb-brand?post=55900"},{"taxonomy":"product_brand","embeddable":true,"href":"https:\/\/startlan.ee\/en\/wp-json\/wp\/v2\/product_brand?post=55900"},{"taxonomy":"product_cat","embeddable":true,"href":"https:\/\/startlan.ee\/en\/wp-json\/wp\/v2\/product_cat?post=55900"},{"taxonomy":"product_tag","embeddable":true,"href":"https:\/\/startlan.ee\/en\/wp-json\/wp\/v2\/product_tag?post=55900"}],"curies":[{"name":"wp","href":"https:\/\/api.w.org\/{rel}","templated":true}]}}