{"id":55890,"date":"2025-08-14T15:03:31","date_gmt":"2025-08-14T12:03:31","guid":{"rendered":"https:\/\/startlan.ee\/toode\/maruderm-sampoon-hualuroonhape-niisutav-sles-vaba-400-ml\/"},"modified":"2026-04-18T04:34:15","modified_gmt":"2026-04-18T01:34:15","slug":"maruderm-sampoon-hualuroonhape-niisutav-sles-vaba-400-ml","status":"publish","type":"product","link":"https:\/\/startlan.ee\/en\/toode\/maruderm-sampoon-hualuroonhape-niisutav-sles-vaba-400-ml\/","title":{"rendered":"MaruDerm \u0160ampoon H\u00fcaluroonhape niisutav SLES-vaba 400 ml"},"content":{"rendered":"<p>Spetsiaalselt v\u00e4lja t\u00f6\u00f6tatud niisutav ja toitaineterikas juuksehooldus, mis sisaldab h\u00fcaluroonhapet, pantenooli, keratiini, argaania- ja kookos\u00f5li ning aitab saavutada siledamad, niisutatud ja l\u00e4ikivamad juuksed; kasutamiseks kanna m\u00e4rgadele juustele, masseeri, lase m\u00f5juda 3\u20135 minutit ja loputa rohke veega; vajadusel korda; ainult v\u00e4lispidiseks kasutamiseks; hoida laste eest; s\u00e4ilitada temperatuuril +5\u00b0C kuni +25\u00b0C;<\/p>\n","protected":false},"excerpt":{"rendered":"<p>Spetsiaalselt v\u00e4lja t\u00f6\u00f6tatud niisutav ja toitaineterikas juuksehooldus, mis sisaldab h\u00fcaluroonhapet, pantenooli, keratiini, argaania- ja kookos\u00f5li ning aitab saavutada siledamad, niisutatud&#8230;<\/p>\n","protected":false},"featured_media":56167,"comment_status":"open","ping_status":"closed","template":"","meta":{"_acf_changed":false,"inline_featured_image":false},"pwb-brand":[1056],"product_brand":[],"product_cat":[854],"product_tag":[],"class_list":{"0":"post-55890","1":"product","2":"type-product","3":"status-publish","4":"has-post-thumbnail","6":"pwb-brand-maruderm","7":"product_cat-sampoonid","9":"first","10":"instock","11":"taxable","12":"shipping-taxable","13":"purchasable","14":"product-type-simple"},"acf":[],"brands":[{"id":1056,"name":"MaruDerm","slug":"maruderm"}],"_links":{"self":[{"href":"https:\/\/startlan.ee\/en\/wp-json\/wp\/v2\/product\/55890","targetHints":{"allow":["GET"]}}],"collection":[{"href":"https:\/\/startlan.ee\/en\/wp-json\/wp\/v2\/product"}],"about":[{"href":"https:\/\/startlan.ee\/en\/wp-json\/wp\/v2\/types\/product"}],"replies":[{"embeddable":true,"href":"https:\/\/startlan.ee\/en\/wp-json\/wp\/v2\/comments?post=55890"}],"wp:featuredmedia":[{"embeddable":true,"href":"https:\/\/startlan.ee\/en\/wp-json\/wp\/v2\/media\/56167"}],"wp:attachment":[{"href":"https:\/\/startlan.ee\/en\/wp-json\/wp\/v2\/media?parent=55890"}],"wp:term":[{"taxonomy":"pwb-brand","embeddable":true,"href":"https:\/\/startlan.ee\/en\/wp-json\/wp\/v2\/pwb-brand?post=55890"},{"taxonomy":"product_brand","embeddable":true,"href":"https:\/\/startlan.ee\/en\/wp-json\/wp\/v2\/product_brand?post=55890"},{"taxonomy":"product_cat","embeddable":true,"href":"https:\/\/startlan.ee\/en\/wp-json\/wp\/v2\/product_cat?post=55890"},{"taxonomy":"product_tag","embeddable":true,"href":"https:\/\/startlan.ee\/en\/wp-json\/wp\/v2\/product_tag?post=55890"}],"curies":[{"name":"wp","href":"https:\/\/api.w.org\/{rel}","templated":true}]}}