{"id":55889,"date":"2025-08-14T15:03:31","date_gmt":"2025-08-14T12:03:31","guid":{"rendered":"https:\/\/startlan.ee\/toode\/maruderm-kehakreem-c-vitamiin-kirgastav-400-ml\/"},"modified":"2026-04-18T04:34:14","modified_gmt":"2026-04-18T01:34:14","slug":"maruderm-kehakreem-c-vitamiin-kirgastav-400-ml","status":"publish","type":"product","link":"https:\/\/startlan.ee\/en\/toode\/maruderm-kehakreem-c-vitamiin-kirgastav-400-ml\/","title":{"rendered":"MaruDerm Kehakreem C-vitamiin kirgastav 400 ml"},"content":{"rendered":"<p>C-vitamiin annab nahale loomuliku s\u00e4ra, samas kui alfa-arbutiin aitab v\u00e4hendada tumedaid laike ja \u00fchtlustada naha tooni. Riisiklii\u00f5li toidab ja niisutab nahka s\u00fcgavuti, aidates saavutada pehme ja sileda tekstuuri. Kanda nahale piisav kogus kreemi ja masseerida \u00f5rnalt. Sobib igap\u00e4evaseks kasutamiseks.<\/p>\n","protected":false},"excerpt":{"rendered":"<p>C-vitamiin annab nahale loomuliku s\u00e4ra, samas kui alfa-arbutiin aitab v\u00e4hendada tumedaid laike ja \u00fchtlustada naha tooni. Riisiklii\u00f5li toidab ja niisutab&#8230;<\/p>\n","protected":false},"featured_media":56163,"comment_status":"open","ping_status":"closed","template":"","meta":{"_acf_changed":false,"inline_featured_image":false},"pwb-brand":[1056],"product_brand":[],"product_cat":[872],"product_tag":[],"class_list":{"0":"post-55889","1":"product","2":"type-product","3":"status-publish","4":"has-post-thumbnail","6":"pwb-brand-maruderm","7":"product_cat-kehakreemid-ihupiimad","9":"first","10":"instock","11":"taxable","12":"shipping-taxable","13":"purchasable","14":"product-type-simple"},"acf":[],"brands":[{"id":1056,"name":"MaruDerm","slug":"maruderm"}],"_links":{"self":[{"href":"https:\/\/startlan.ee\/en\/wp-json\/wp\/v2\/product\/55889","targetHints":{"allow":["GET"]}}],"collection":[{"href":"https:\/\/startlan.ee\/en\/wp-json\/wp\/v2\/product"}],"about":[{"href":"https:\/\/startlan.ee\/en\/wp-json\/wp\/v2\/types\/product"}],"replies":[{"embeddable":true,"href":"https:\/\/startlan.ee\/en\/wp-json\/wp\/v2\/comments?post=55889"}],"wp:featuredmedia":[{"embeddable":true,"href":"https:\/\/startlan.ee\/en\/wp-json\/wp\/v2\/media\/56163"}],"wp:attachment":[{"href":"https:\/\/startlan.ee\/en\/wp-json\/wp\/v2\/media?parent=55889"}],"wp:term":[{"taxonomy":"pwb-brand","embeddable":true,"href":"https:\/\/startlan.ee\/en\/wp-json\/wp\/v2\/pwb-brand?post=55889"},{"taxonomy":"product_brand","embeddable":true,"href":"https:\/\/startlan.ee\/en\/wp-json\/wp\/v2\/product_brand?post=55889"},{"taxonomy":"product_cat","embeddable":true,"href":"https:\/\/startlan.ee\/en\/wp-json\/wp\/v2\/product_cat?post=55889"},{"taxonomy":"product_tag","embeddable":true,"href":"https:\/\/startlan.ee\/en\/wp-json\/wp\/v2\/product_tag?post=55889"}],"curies":[{"name":"wp","href":"https:\/\/api.w.org\/{rel}","templated":true}]}}