{"id":55888,"date":"2025-08-14T15:03:30","date_gmt":"2025-08-14T12:03:30","guid":{"rendered":"https:\/\/startlan.ee\/toode\/maruderm-sampoon-taastav-sles-vaba-400-ml\/"},"modified":"2026-04-18T04:34:13","modified_gmt":"2026-04-18T01:34:13","slug":"maruderm-sampoon-taastav-sles-vaba-400-ml","status":"publish","type":"product","link":"https:\/\/startlan.ee\/en\/toode\/maruderm-sampoon-taastav-sles-vaba-400-ml\/","title":{"rendered":"MaruDerm \u0160ampoon taastav SLES-vaba 400 ml"},"content":{"rendered":"<p>Juukseid tugevdav ja parandav \u0161ampoon, mis sisaldab aminohappekompleksi, pajukoore ekstrakti, argaania\u00f5li ja kookos\u00f5li \u2013 spetsiaalne koostis aitab taastada kahjustatud juukseid, andes neile l\u00e4ikiva, s\u00e4rava ja kohevama v\u00e4limuse; kasutamiseks kanna m\u00e4rgadele juustele, masseeri ja vahuta, seej\u00e4rel loputa rohke veega ning korda vajadusel; sobib igap\u00e4evaseks kasutamiseks; v\u00e4ltida silma sattumist; ainult v\u00e4lispidiseks kasutamiseks; s\u00e4ilitada temperatuuril +5\u00b0C kuni +25\u00b0C<\/p>\n","protected":false},"excerpt":{"rendered":"<p>Juukseid tugevdav ja parandav \u0161ampoon, mis sisaldab aminohappekompleksi, pajukoore ekstrakti, argaania\u00f5li ja kookos\u00f5li \u2013 spetsiaalne koostis aitab taastada kahjustatud juukseid,&#8230;<\/p>\n","protected":false},"featured_media":56181,"comment_status":"open","ping_status":"closed","template":"","meta":{"_acf_changed":false,"inline_featured_image":false},"pwb-brand":[1056],"product_brand":[],"product_cat":[854],"product_tag":[],"class_list":{"0":"post-55888","1":"product","2":"type-product","3":"status-publish","4":"has-post-thumbnail","6":"pwb-brand-maruderm","7":"product_cat-sampoonid","9":"first","10":"instock","11":"taxable","12":"shipping-taxable","13":"purchasable","14":"product-type-simple"},"acf":[],"brands":[{"id":1056,"name":"MaruDerm","slug":"maruderm"}],"_links":{"self":[{"href":"https:\/\/startlan.ee\/en\/wp-json\/wp\/v2\/product\/55888","targetHints":{"allow":["GET"]}}],"collection":[{"href":"https:\/\/startlan.ee\/en\/wp-json\/wp\/v2\/product"}],"about":[{"href":"https:\/\/startlan.ee\/en\/wp-json\/wp\/v2\/types\/product"}],"replies":[{"embeddable":true,"href":"https:\/\/startlan.ee\/en\/wp-json\/wp\/v2\/comments?post=55888"}],"wp:featuredmedia":[{"embeddable":true,"href":"https:\/\/startlan.ee\/en\/wp-json\/wp\/v2\/media\/56181"}],"wp:attachment":[{"href":"https:\/\/startlan.ee\/en\/wp-json\/wp\/v2\/media?parent=55888"}],"wp:term":[{"taxonomy":"pwb-brand","embeddable":true,"href":"https:\/\/startlan.ee\/en\/wp-json\/wp\/v2\/pwb-brand?post=55888"},{"taxonomy":"product_brand","embeddable":true,"href":"https:\/\/startlan.ee\/en\/wp-json\/wp\/v2\/product_brand?post=55888"},{"taxonomy":"product_cat","embeddable":true,"href":"https:\/\/startlan.ee\/en\/wp-json\/wp\/v2\/product_cat?post=55888"},{"taxonomy":"product_tag","embeddable":true,"href":"https:\/\/startlan.ee\/en\/wp-json\/wp\/v2\/product_tag?post=55888"}],"curies":[{"name":"wp","href":"https:\/\/api.w.org\/{rel}","templated":true}]}}