{"id":55887,"date":"2025-08-14T15:03:30","date_gmt":"2025-08-14T12:03:30","guid":{"rendered":"https:\/\/startlan.ee\/toode\/maruderm-palsam-koomavastane-300-ml\/"},"modified":"2026-04-18T04:34:12","modified_gmt":"2026-04-18T01:34:12","slug":"maruderm-palsam-koomavastane-300-ml","status":"publish","type":"product","link":"https:\/\/startlan.ee\/en\/toode\/maruderm-palsam-koomavastane-300-ml\/","title":{"rendered":"MaruDerm Palsam k\u00f5\u00f5mavastane 300 ml"},"content":{"rendered":"<p>K\u00f5\u00f5mavastane juuksepalsam prebiootikumide, bambuse, teepuu- ja salvei\u00f5liga. Niisutab, puhastab peanahka ja ennetab k\u00f5\u00f5ma. Kanna m\u00e4rgadele juustele, hoia 5\u201310 min, loputa. Ainult v\u00e4lispidiseks kasutamiseks.<\/p>\n","protected":false},"excerpt":{"rendered":"<p>K\u00f5\u00f5mavastane juuksepalsam prebiootikumide, bambuse, teepuu- ja salvei\u00f5liga. Niisutab, puhastab peanahka ja ennetab k\u00f5\u00f5ma. Kanna m\u00e4rgadele juustele, hoia 5\u201310 min, loputa&#8230;.<\/p>\n","protected":false},"featured_media":56179,"comment_status":"open","ping_status":"closed","template":"","meta":{"_acf_changed":false,"inline_featured_image":false},"pwb-brand":[1056],"product_brand":[],"product_cat":[855],"product_tag":[],"class_list":{"0":"post-55887","1":"product","2":"type-product","3":"status-publish","4":"has-post-thumbnail","6":"pwb-brand-maruderm","7":"product_cat-palsamid","9":"first","10":"instock","11":"taxable","12":"shipping-taxable","13":"purchasable","14":"product-type-simple"},"acf":[],"brands":[{"id":1056,"name":"MaruDerm","slug":"maruderm"}],"_links":{"self":[{"href":"https:\/\/startlan.ee\/en\/wp-json\/wp\/v2\/product\/55887","targetHints":{"allow":["GET"]}}],"collection":[{"href":"https:\/\/startlan.ee\/en\/wp-json\/wp\/v2\/product"}],"about":[{"href":"https:\/\/startlan.ee\/en\/wp-json\/wp\/v2\/types\/product"}],"replies":[{"embeddable":true,"href":"https:\/\/startlan.ee\/en\/wp-json\/wp\/v2\/comments?post=55887"}],"wp:featuredmedia":[{"embeddable":true,"href":"https:\/\/startlan.ee\/en\/wp-json\/wp\/v2\/media\/56179"}],"wp:attachment":[{"href":"https:\/\/startlan.ee\/en\/wp-json\/wp\/v2\/media?parent=55887"}],"wp:term":[{"taxonomy":"pwb-brand","embeddable":true,"href":"https:\/\/startlan.ee\/en\/wp-json\/wp\/v2\/pwb-brand?post=55887"},{"taxonomy":"product_brand","embeddable":true,"href":"https:\/\/startlan.ee\/en\/wp-json\/wp\/v2\/product_brand?post=55887"},{"taxonomy":"product_cat","embeddable":true,"href":"https:\/\/startlan.ee\/en\/wp-json\/wp\/v2\/product_cat?post=55887"},{"taxonomy":"product_tag","embeddable":true,"href":"https:\/\/startlan.ee\/en\/wp-json\/wp\/v2\/product_tag?post=55887"}],"curies":[{"name":"wp","href":"https:\/\/api.w.org\/{rel}","templated":true}]}}