{"id":55884,"date":"2025-08-14T15:03:30","date_gmt":"2025-08-14T12:03:30","guid":{"rendered":"https:\/\/startlan.ee\/toode\/maruderm-sampoon-juuste-valjalangemise-vastu-sles-vaba-400-ml\/"},"modified":"2026-04-18T04:03:18","modified_gmt":"2026-04-18T01:03:18","slug":"maruderm-sampoon-juuste-valjalangemise-vastu-sles-vaba-400-ml","status":"publish","type":"product","link":"https:\/\/startlan.ee\/en\/toode\/maruderm-sampoon-juuste-valjalangemise-vastu-sles-vaba-400-ml\/","title":{"rendered":"MaruDerm \u0160ampoon juuste v\u00e4ljalangemise vastu SLES-vaba 400 ml"},"content":{"rendered":"<p>Juuste v\u00e4ljalangemist ennetav \u0161ampoon, mis sisaldab h\u00fcdrol\u00fc\u00fcsitud soja-, maisi- ja nisuproteiine, p\u00f5ldosja ekstrakti, aminohappekompleksi, kofeiini ja biotiini. Aitab v\u00e4hendada juuste v\u00e4ljalangemist ning annab neile kohevuse ja l\u00e4ike. Kasutamine: Kanna m\u00e4rgadele juustele, masseeri ja vahuta, loputa rohke veega. Vajadusel korda. Sobib igap\u00e4evaseks kasutamiseks.<\/p>\n","protected":false},"excerpt":{"rendered":"<p>Juuste v\u00e4ljalangemist ennetav \u0161ampoon, mis sisaldab h\u00fcdrol\u00fc\u00fcsitud soja-, maisi- ja nisuproteiine, p\u00f5ldosja ekstrakti, aminohappekompleksi, kofeiini ja biotiini. Aitab v\u00e4hendada juuste&#8230;<\/p>\n","protected":false},"featured_media":56171,"comment_status":"open","ping_status":"closed","template":"","meta":{"_acf_changed":false,"inline_featured_image":false},"pwb-brand":[1056],"product_brand":[],"product_cat":[854],"product_tag":[],"class_list":{"0":"post-55884","1":"product","2":"type-product","3":"status-publish","4":"has-post-thumbnail","6":"pwb-brand-maruderm","7":"product_cat-sampoonid","9":"first","10":"outofstock","11":"taxable","12":"shipping-taxable","13":"purchasable","14":"product-type-simple"},"acf":[],"brands":[{"id":1056,"name":"MaruDerm","slug":"maruderm"}],"_links":{"self":[{"href":"https:\/\/startlan.ee\/en\/wp-json\/wp\/v2\/product\/55884","targetHints":{"allow":["GET"]}}],"collection":[{"href":"https:\/\/startlan.ee\/en\/wp-json\/wp\/v2\/product"}],"about":[{"href":"https:\/\/startlan.ee\/en\/wp-json\/wp\/v2\/types\/product"}],"replies":[{"embeddable":true,"href":"https:\/\/startlan.ee\/en\/wp-json\/wp\/v2\/comments?post=55884"}],"wp:featuredmedia":[{"embeddable":true,"href":"https:\/\/startlan.ee\/en\/wp-json\/wp\/v2\/media\/56171"}],"wp:attachment":[{"href":"https:\/\/startlan.ee\/en\/wp-json\/wp\/v2\/media?parent=55884"}],"wp:term":[{"taxonomy":"pwb-brand","embeddable":true,"href":"https:\/\/startlan.ee\/en\/wp-json\/wp\/v2\/pwb-brand?post=55884"},{"taxonomy":"product_brand","embeddable":true,"href":"https:\/\/startlan.ee\/en\/wp-json\/wp\/v2\/product_brand?post=55884"},{"taxonomy":"product_cat","embeddable":true,"href":"https:\/\/startlan.ee\/en\/wp-json\/wp\/v2\/product_cat?post=55884"},{"taxonomy":"product_tag","embeddable":true,"href":"https:\/\/startlan.ee\/en\/wp-json\/wp\/v2\/product_tag?post=55884"}],"curies":[{"name":"wp","href":"https:\/\/api.w.org\/{rel}","templated":true}]}}