{"id":55883,"date":"2025-08-14T15:03:29","date_gmt":"2025-08-14T12:03:29","guid":{"rendered":"https:\/\/startlan.ee\/toode\/maruderm-tselluliidigeel-pinguldav-ja-silendav-300-ml\/"},"modified":"2026-04-18T04:34:11","modified_gmt":"2026-04-18T01:34:11","slug":"maruderm-tselluliidigeel-pinguldav-ja-silendav-300-ml","status":"publish","type":"product","link":"https:\/\/startlan.ee\/en\/toode\/maruderm-tselluliidigeel-pinguldav-ja-silendav-300-ml\/","title":{"rendered":"MaruDerm Tselluliidigeel Pinguldav ja silendav 300 ml"},"content":{"rendered":"<p>Pinguldav ja siluv tselluliidigeel kofeiini, Korea \u017een\u0161enni ja hobukastani ekstraktidega v\u00e4hendab tselluliidi n\u00e4htavust, ergutab vereringet, toniseerib ja niisutab nahka. Mentool lisab jahutustunnet. Sobib igap\u00e4evaseks kasutamiseks probleemsetele piirkondadele, imendub kiiresti. V\u00e4ltida kahjustatud nahka, ainult v\u00e4lispidiseks kasutamiseks.<\/p>\n","protected":false},"excerpt":{"rendered":"<p>Pinguldav ja siluv tselluliidigeel kofeiini, Korea \u017een\u0161enni ja hobukastani ekstraktidega v\u00e4hendab tselluliidi n\u00e4htavust, ergutab vereringet, toniseerib ja niisutab nahka. Mentool&#8230;<\/p>\n","protected":false},"featured_media":56184,"comment_status":"open","ping_status":"closed","template":"","meta":{"_acf_changed":false,"inline_featured_image":false},"pwb-brand":[1056],"product_brand":[],"product_cat":[874],"product_tag":[],"class_list":{"0":"post-55883","1":"product","2":"type-product","3":"status-publish","4":"has-post-thumbnail","6":"pwb-brand-maruderm","7":"product_cat-tselluliidihooldus","9":"first","10":"instock","11":"taxable","12":"shipping-taxable","13":"purchasable","14":"product-type-simple"},"acf":[],"brands":[{"id":1056,"name":"MaruDerm","slug":"maruderm"}],"_links":{"self":[{"href":"https:\/\/startlan.ee\/en\/wp-json\/wp\/v2\/product\/55883","targetHints":{"allow":["GET"]}}],"collection":[{"href":"https:\/\/startlan.ee\/en\/wp-json\/wp\/v2\/product"}],"about":[{"href":"https:\/\/startlan.ee\/en\/wp-json\/wp\/v2\/types\/product"}],"replies":[{"embeddable":true,"href":"https:\/\/startlan.ee\/en\/wp-json\/wp\/v2\/comments?post=55883"}],"wp:featuredmedia":[{"embeddable":true,"href":"https:\/\/startlan.ee\/en\/wp-json\/wp\/v2\/media\/56184"}],"wp:attachment":[{"href":"https:\/\/startlan.ee\/en\/wp-json\/wp\/v2\/media?parent=55883"}],"wp:term":[{"taxonomy":"pwb-brand","embeddable":true,"href":"https:\/\/startlan.ee\/en\/wp-json\/wp\/v2\/pwb-brand?post=55883"},{"taxonomy":"product_brand","embeddable":true,"href":"https:\/\/startlan.ee\/en\/wp-json\/wp\/v2\/product_brand?post=55883"},{"taxonomy":"product_cat","embeddable":true,"href":"https:\/\/startlan.ee\/en\/wp-json\/wp\/v2\/product_cat?post=55883"},{"taxonomy":"product_tag","embeddable":true,"href":"https:\/\/startlan.ee\/en\/wp-json\/wp\/v2\/product_tag?post=55883"}],"curies":[{"name":"wp","href":"https:\/\/api.w.org\/{rel}","templated":true}]}}