{"id":55881,"date":"2025-08-14T13:04:00","date_gmt":"2025-08-14T10:04:00","guid":{"rendered":"https:\/\/startlan.ee\/toode\/maruderm-naokoorija-pulber-puuviljaensuumid-puhastav-60-g\/"},"modified":"2026-04-18T04:34:14","modified_gmt":"2026-04-18T01:34:14","slug":"maruderm-naokoorija-pulber-puuviljaensuumid-puhastav-60-g","status":"publish","type":"product","link":"https:\/\/startlan.ee\/en\/toode\/maruderm-naokoorija-pulber-puuviljaensuumid-puhastav-60-g\/","title":{"rendered":"MaruDerm N\u00e4okoorija pulber puuviljaens\u00fc\u00fcmid puhastav 60 g"},"content":{"rendered":"<p>S\u00fcgavpuhastav ens\u00fc\u00fcmkoorija salits\u00fc\u00fclhappe ja teepuu\u00f5liga. Sobib h\u00e4sti rasusele ja aknele kalduvale nahale. Koorib \u00f5rnalt, samal ajal rahustab ja niisutab. Kanda puhtale nahale, j\u00e4tta 5\u20137 minutiks ja loputada. V\u00e4ltida silma sattumist.<\/p>\n","protected":false},"excerpt":{"rendered":"<p>S\u00fcgavpuhastav ens\u00fc\u00fcmkoorija salits\u00fc\u00fclhappe ja teepuu\u00f5liga. Sobib h\u00e4sti rasusele ja aknele kalduvale nahale. Koorib \u00f5rnalt, samal ajal rahustab ja niisutab. Kanda&#8230;<\/p>\n","protected":false},"featured_media":56191,"comment_status":"open","ping_status":"closed","template":"","meta":{"_acf_changed":false,"inline_featured_image":false},"pwb-brand":[1056],"product_brand":[],"product_cat":[869],"product_tag":[],"class_list":{"0":"post-55881","1":"product","2":"type-product","3":"status-publish","4":"has-post-thumbnail","6":"pwb-brand-maruderm","7":"product_cat-koorivad-kreemid","9":"first","10":"instock","11":"taxable","12":"shipping-taxable","13":"purchasable","14":"product-type-simple"},"acf":[],"brands":[{"id":1056,"name":"MaruDerm","slug":"maruderm"}],"_links":{"self":[{"href":"https:\/\/startlan.ee\/en\/wp-json\/wp\/v2\/product\/55881","targetHints":{"allow":["GET"]}}],"collection":[{"href":"https:\/\/startlan.ee\/en\/wp-json\/wp\/v2\/product"}],"about":[{"href":"https:\/\/startlan.ee\/en\/wp-json\/wp\/v2\/types\/product"}],"replies":[{"embeddable":true,"href":"https:\/\/startlan.ee\/en\/wp-json\/wp\/v2\/comments?post=55881"}],"wp:featuredmedia":[{"embeddable":true,"href":"https:\/\/startlan.ee\/en\/wp-json\/wp\/v2\/media\/56191"}],"wp:attachment":[{"href":"https:\/\/startlan.ee\/en\/wp-json\/wp\/v2\/media?parent=55881"}],"wp:term":[{"taxonomy":"pwb-brand","embeddable":true,"href":"https:\/\/startlan.ee\/en\/wp-json\/wp\/v2\/pwb-brand?post=55881"},{"taxonomy":"product_brand","embeddable":true,"href":"https:\/\/startlan.ee\/en\/wp-json\/wp\/v2\/product_brand?post=55881"},{"taxonomy":"product_cat","embeddable":true,"href":"https:\/\/startlan.ee\/en\/wp-json\/wp\/v2\/product_cat?post=55881"},{"taxonomy":"product_tag","embeddable":true,"href":"https:\/\/startlan.ee\/en\/wp-json\/wp\/v2\/product_tag?post=55881"}],"curies":[{"name":"wp","href":"https:\/\/api.w.org\/{rel}","templated":true}]}}