{"id":55880,"date":"2025-08-14T13:04:00","date_gmt":"2025-08-14T10:04:00","guid":{"rendered":"https:\/\/startlan.ee\/toode\/maruderm-naokoorija-pulber-puuviljaensuumid-niisutav-60-g\/"},"modified":"2026-04-18T04:34:14","modified_gmt":"2026-04-18T01:34:14","slug":"maruderm-naokoorija-pulber-puuviljaensuumid-niisutav-60-g","status":"publish","type":"product","link":"https:\/\/startlan.ee\/en\/toode\/maruderm-naokoorija-pulber-puuviljaensuumid-niisutav-60-g\/","title":{"rendered":"MaruDerm N\u00e4okoorija pulber puuviljaens\u00fc\u00fcmid niisutav 60 g"},"content":{"rendered":"<p>\u00d5rn ens\u00fc\u00fcmkoorija papaiast saadud papainiga, sisaldab ka aselaiinhapet, piimhapet ja vitamiinirikkaid ekstrakte, mis eemaldavad surnud rakud ja \u00fchtlustavad jumet. Sobib ka tundlikule nahale. Kanda nahale 5\u201310 minutiks, v\u00e4ltida silma\u00fcmbrust, loputada p\u00f5hjalikult.<\/p>\n","protected":false},"excerpt":{"rendered":"<p>\u00d5rn ens\u00fc\u00fcmkoorija papaiast saadud papainiga, sisaldab ka aselaiinhapet, piimhapet ja vitamiinirikkaid ekstrakte, mis eemaldavad surnud rakud ja \u00fchtlustavad jumet. Sobib&#8230;<\/p>\n","protected":false},"featured_media":56188,"comment_status":"open","ping_status":"closed","template":"","meta":{"_acf_changed":false,"inline_featured_image":false},"pwb-brand":[1056],"product_brand":[],"product_cat":[869],"product_tag":[],"class_list":{"0":"post-55880","1":"product","2":"type-product","3":"status-publish","4":"has-post-thumbnail","6":"pwb-brand-maruderm","7":"product_cat-koorivad-kreemid","9":"first","10":"instock","11":"taxable","12":"shipping-taxable","13":"purchasable","14":"product-type-simple"},"acf":[],"brands":[{"id":1056,"name":"MaruDerm","slug":"maruderm"}],"_links":{"self":[{"href":"https:\/\/startlan.ee\/en\/wp-json\/wp\/v2\/product\/55880","targetHints":{"allow":["GET"]}}],"collection":[{"href":"https:\/\/startlan.ee\/en\/wp-json\/wp\/v2\/product"}],"about":[{"href":"https:\/\/startlan.ee\/en\/wp-json\/wp\/v2\/types\/product"}],"replies":[{"embeddable":true,"href":"https:\/\/startlan.ee\/en\/wp-json\/wp\/v2\/comments?post=55880"}],"wp:featuredmedia":[{"embeddable":true,"href":"https:\/\/startlan.ee\/en\/wp-json\/wp\/v2\/media\/56188"}],"wp:attachment":[{"href":"https:\/\/startlan.ee\/en\/wp-json\/wp\/v2\/media?parent=55880"}],"wp:term":[{"taxonomy":"pwb-brand","embeddable":true,"href":"https:\/\/startlan.ee\/en\/wp-json\/wp\/v2\/pwb-brand?post=55880"},{"taxonomy":"product_brand","embeddable":true,"href":"https:\/\/startlan.ee\/en\/wp-json\/wp\/v2\/product_brand?post=55880"},{"taxonomy":"product_cat","embeddable":true,"href":"https:\/\/startlan.ee\/en\/wp-json\/wp\/v2\/product_cat?post=55880"},{"taxonomy":"product_tag","embeddable":true,"href":"https:\/\/startlan.ee\/en\/wp-json\/wp\/v2\/product_tag?post=55880"}],"curies":[{"name":"wp","href":"https:\/\/api.w.org\/{rel}","templated":true}]}}