{"id":55879,"date":"2025-08-14T13:03:59","date_gmt":"2025-08-14T10:03:59","guid":{"rendered":"https:\/\/startlan.ee\/toode\/maruderm-kehakreem-centella-5-taastav-400-ml\/"},"modified":"2026-04-18T04:03:20","modified_gmt":"2026-04-18T01:03:20","slug":"maruderm-kehakreem-centella-5-taastav-400-ml","status":"publish","type":"product","link":"https:\/\/startlan.ee\/en\/toode\/maruderm-kehakreem-centella-5-taastav-400-ml\/","title":{"rendered":"MaruDerm Kehakreem Centella 5% taastav 400 ml"},"content":{"rendered":"<p>Centella kehakreem on spetsiaalselt loodud atoopilise ja tundliku naha intensiivseks hoolduseks, pakkudes s\u00fcgavat niisutust ja taastumist. Centella ekstrakt rahustab nahka ja v\u00e4hendab \u00e4rritust, samal ajal kui niatsiinamiid tugevdab naha kaitsebarj\u00e4\u00e4ri ja aitab v\u00e4hendada punetuse n\u00e4htavust. Fermentoil rohelise tee ekstrakt toidab ja kaitseb nahka oma tugeva antioks\u00fcdantse toimega. Kanda nahale piisav kogus kreemi ja masseerida \u00f5rnalt.<\/p>\n","protected":false},"excerpt":{"rendered":"<p>Centella kehakreem on spetsiaalselt loodud atoopilise ja tundliku naha intensiivseks hoolduseks, pakkudes s\u00fcgavat niisutust ja taastumist. Centella ekstrakt rahustab nahka&#8230;<\/p>\n","protected":false},"featured_media":56200,"comment_status":"open","ping_status":"closed","template":"","meta":{"_acf_changed":false,"inline_featured_image":false},"pwb-brand":[1056],"product_brand":[],"product_cat":[872],"product_tag":[],"class_list":{"0":"post-55879","1":"product","2":"type-product","3":"status-publish","4":"has-post-thumbnail","6":"pwb-brand-maruderm","7":"product_cat-kehakreemid-ihupiimad","9":"first","10":"outofstock","11":"taxable","12":"shipping-taxable","13":"purchasable","14":"product-type-simple"},"acf":[],"brands":[{"id":1056,"name":"MaruDerm","slug":"maruderm"}],"_links":{"self":[{"href":"https:\/\/startlan.ee\/en\/wp-json\/wp\/v2\/product\/55879","targetHints":{"allow":["GET"]}}],"collection":[{"href":"https:\/\/startlan.ee\/en\/wp-json\/wp\/v2\/product"}],"about":[{"href":"https:\/\/startlan.ee\/en\/wp-json\/wp\/v2\/types\/product"}],"replies":[{"embeddable":true,"href":"https:\/\/startlan.ee\/en\/wp-json\/wp\/v2\/comments?post=55879"}],"wp:featuredmedia":[{"embeddable":true,"href":"https:\/\/startlan.ee\/en\/wp-json\/wp\/v2\/media\/56200"}],"wp:attachment":[{"href":"https:\/\/startlan.ee\/en\/wp-json\/wp\/v2\/media?parent=55879"}],"wp:term":[{"taxonomy":"pwb-brand","embeddable":true,"href":"https:\/\/startlan.ee\/en\/wp-json\/wp\/v2\/pwb-brand?post=55879"},{"taxonomy":"product_brand","embeddable":true,"href":"https:\/\/startlan.ee\/en\/wp-json\/wp\/v2\/product_brand?post=55879"},{"taxonomy":"product_cat","embeddable":true,"href":"https:\/\/startlan.ee\/en\/wp-json\/wp\/v2\/product_cat?post=55879"},{"taxonomy":"product_tag","embeddable":true,"href":"https:\/\/startlan.ee\/en\/wp-json\/wp\/v2\/product_tag?post=55879"}],"curies":[{"name":"wp","href":"https:\/\/api.w.org\/{rel}","templated":true}]}}