{"id":55878,"date":"2025-08-14T13:03:59","date_gmt":"2025-08-14T10:03:59","guid":{"rendered":"https:\/\/startlan.ee\/toode\/maruderm-kehakreem-urea-10-intensiivselt-niisutav-400-ml\/"},"modified":"2026-04-18T04:34:14","modified_gmt":"2026-04-18T01:34:14","slug":"maruderm-kehakreem-urea-10-intensiivselt-niisutav-400-ml","status":"publish","type":"product","link":"https:\/\/startlan.ee\/en\/toode\/maruderm-kehakreem-urea-10-intensiivselt-niisutav-400-ml\/","title":{"rendered":"MaruDerm Kehakreem UREA 10% intensiivselt niisutav 400 ml"},"content":{"rendered":"<p>Kanda nahale piisav kogus kreemi ja masseerida \u00f5rnalt. Sobib igap\u00e4evaseks kasutamiseks. Ainult v\u00e4lispidiseks kasutamiseks. Mitte kasutada \u00e4rritunud nahal. V\u00e4ltida silma sattumist; silma sattumise korral loputada rohke veega.<\/p>\n","protected":false},"excerpt":{"rendered":"<p>Kanda nahale piisav kogus kreemi ja masseerida \u00f5rnalt. Sobib igap\u00e4evaseks kasutamiseks. Ainult v\u00e4lispidiseks kasutamiseks. Mitte kasutada \u00e4rritunud nahal. V\u00e4ltida silma&#8230;<\/p>\n","protected":false},"featured_media":56196,"comment_status":"open","ping_status":"closed","template":"","meta":{"_acf_changed":false,"inline_featured_image":false},"pwb-brand":[1056],"product_brand":[],"product_cat":[872],"product_tag":[],"class_list":{"0":"post-55878","1":"product","2":"type-product","3":"status-publish","4":"has-post-thumbnail","6":"pwb-brand-maruderm","7":"product_cat-kehakreemid-ihupiimad","9":"first","10":"instock","11":"taxable","12":"shipping-taxable","13":"purchasable","14":"product-type-simple"},"acf":[],"brands":[{"id":1056,"name":"MaruDerm","slug":"maruderm"}],"_links":{"self":[{"href":"https:\/\/startlan.ee\/en\/wp-json\/wp\/v2\/product\/55878","targetHints":{"allow":["GET"]}}],"collection":[{"href":"https:\/\/startlan.ee\/en\/wp-json\/wp\/v2\/product"}],"about":[{"href":"https:\/\/startlan.ee\/en\/wp-json\/wp\/v2\/types\/product"}],"replies":[{"embeddable":true,"href":"https:\/\/startlan.ee\/en\/wp-json\/wp\/v2\/comments?post=55878"}],"wp:featuredmedia":[{"embeddable":true,"href":"https:\/\/startlan.ee\/en\/wp-json\/wp\/v2\/media\/56196"}],"wp:attachment":[{"href":"https:\/\/startlan.ee\/en\/wp-json\/wp\/v2\/media?parent=55878"}],"wp:term":[{"taxonomy":"pwb-brand","embeddable":true,"href":"https:\/\/startlan.ee\/en\/wp-json\/wp\/v2\/pwb-brand?post=55878"},{"taxonomy":"product_brand","embeddable":true,"href":"https:\/\/startlan.ee\/en\/wp-json\/wp\/v2\/product_brand?post=55878"},{"taxonomy":"product_cat","embeddable":true,"href":"https:\/\/startlan.ee\/en\/wp-json\/wp\/v2\/product_cat?post=55878"},{"taxonomy":"product_tag","embeddable":true,"href":"https:\/\/startlan.ee\/en\/wp-json\/wp\/v2\/product_tag?post=55878"}],"curies":[{"name":"wp","href":"https:\/\/api.w.org\/{rel}","templated":true}]}}