{"id":55877,"date":"2025-08-14T13:03:59","date_gmt":"2025-08-14T10:03:59","guid":{"rendered":"https:\/\/startlan.ee\/toode\/maruderm-naomask-salitsuulhape-ja-teepuuoli-puhastav-savimask-100-ml\/"},"modified":"2026-04-18T04:34:13","modified_gmt":"2026-04-18T01:34:13","slug":"maruderm-naomask-salitsuulhape-ja-teepuuoli-puhastav-savimask-100-ml","status":"publish","type":"product","link":"https:\/\/startlan.ee\/en\/toode\/maruderm-naomask-salitsuulhape-ja-teepuuoli-puhastav-savimask-100-ml\/","title":{"rendered":"MaruDerm N\u00e4omask Salits\u00fc\u00fclhape ja teepuu\u00f5li puhastav savimask 100 ml"},"content":{"rendered":"<p>Puhastav savimask salits\u00fc\u00fclhappe ja teepuu\u00f5liga, mis v\u00e4hendab vistrikke, ummistunud poore ja liigset rasu. Sisaldab ka kaolini, kurgiekstrakti ja panthenooli. Sobib eriti h\u00e4sti rasusele ja probleemsele nahale. Kasutada 1\u20132x n\u00e4dalas, mitte kombineerida teiste hapetega. V\u00e4ltida toote silma sattumist.<\/p>\n","protected":false},"excerpt":{"rendered":"<p>Puhastav savimask salits\u00fc\u00fclhappe ja teepuu\u00f5liga, mis v\u00e4hendab vistrikke, ummistunud poore ja liigset rasu. Sisaldab ka kaolini, kurgiekstrakti ja panthenooli. Sobib&#8230;<\/p>\n","protected":false},"featured_media":56193,"comment_status":"open","ping_status":"closed","template":"","meta":{"_acf_changed":false,"inline_featured_image":false},"pwb-brand":[1056],"product_brand":[],"product_cat":[866],"product_tag":[],"class_list":{"0":"post-55877","1":"product","2":"type-product","3":"status-publish","4":"has-post-thumbnail","6":"pwb-brand-maruderm","7":"product_cat-maskid-nagu","9":"first","10":"instock","11":"taxable","12":"shipping-taxable","13":"purchasable","14":"product-type-simple"},"acf":[],"brands":[{"id":1056,"name":"MaruDerm","slug":"maruderm"}],"_links":{"self":[{"href":"https:\/\/startlan.ee\/en\/wp-json\/wp\/v2\/product\/55877","targetHints":{"allow":["GET"]}}],"collection":[{"href":"https:\/\/startlan.ee\/en\/wp-json\/wp\/v2\/product"}],"about":[{"href":"https:\/\/startlan.ee\/en\/wp-json\/wp\/v2\/types\/product"}],"replies":[{"embeddable":true,"href":"https:\/\/startlan.ee\/en\/wp-json\/wp\/v2\/comments?post=55877"}],"wp:featuredmedia":[{"embeddable":true,"href":"https:\/\/startlan.ee\/en\/wp-json\/wp\/v2\/media\/56193"}],"wp:attachment":[{"href":"https:\/\/startlan.ee\/en\/wp-json\/wp\/v2\/media?parent=55877"}],"wp:term":[{"taxonomy":"pwb-brand","embeddable":true,"href":"https:\/\/startlan.ee\/en\/wp-json\/wp\/v2\/pwb-brand?post=55877"},{"taxonomy":"product_brand","embeddable":true,"href":"https:\/\/startlan.ee\/en\/wp-json\/wp\/v2\/product_brand?post=55877"},{"taxonomy":"product_cat","embeddable":true,"href":"https:\/\/startlan.ee\/en\/wp-json\/wp\/v2\/product_cat?post=55877"},{"taxonomy":"product_tag","embeddable":true,"href":"https:\/\/startlan.ee\/en\/wp-json\/wp\/v2\/product_tag?post=55877"}],"curies":[{"name":"wp","href":"https:\/\/api.w.org\/{rel}","templated":true}]}}