{"id":55876,"date":"2025-08-14T12:03:29","date_gmt":"2025-08-14T09:03:29","guid":{"rendered":"https:\/\/startlan.ee\/toode\/maruderm-naomask-zensenni-ekstrakt-ja-jojobaoli-toitev-100-ml\/"},"modified":"2026-04-18T04:34:13","modified_gmt":"2026-04-18T01:34:13","slug":"maruderm-naomask-zensenni-ekstrakt-ja-jojobaoli-toitev-100-ml","status":"publish","type":"product","link":"https:\/\/startlan.ee\/en\/toode\/maruderm-naomask-zensenni-ekstrakt-ja-jojobaoli-toitev-100-ml\/","title":{"rendered":"MaruDerm N\u00e4omask \u017den\u0161enni ekstrakt ja jojoba\u00f5li toitev 100 ml"},"content":{"rendered":"<p>Toitev ja niisutav mask Ginseng ekstrakti ja Jojoba \u00f5liga, sisaldab ka Kaolini, h\u00fcaluroonhapet ja rahustavaid ekstrakte nagu kummel ja Centella. Parandab vereringet, toidab ja rahustab nahka. Sobib kuivale ja v\u00e4sinud nahale.<\/p>\n","protected":false},"excerpt":{"rendered":"<p>Toitev ja niisutav mask Ginseng ekstrakti ja Jojoba \u00f5liga, sisaldab ka Kaolini, h\u00fcaluroonhapet ja rahustavaid ekstrakte nagu kummel ja Centella&#8230;.<\/p>\n","protected":false},"featured_media":56212,"comment_status":"open","ping_status":"closed","template":"","meta":{"_acf_changed":false,"inline_featured_image":false},"pwb-brand":[1056],"product_brand":[],"product_cat":[866],"product_tag":[],"class_list":{"0":"post-55876","1":"product","2":"type-product","3":"status-publish","4":"has-post-thumbnail","6":"pwb-brand-maruderm","7":"product_cat-maskid-nagu","9":"first","10":"instock","11":"taxable","12":"shipping-taxable","13":"purchasable","14":"product-type-simple"},"acf":[],"brands":[{"id":1056,"name":"MaruDerm","slug":"maruderm"}],"_links":{"self":[{"href":"https:\/\/startlan.ee\/en\/wp-json\/wp\/v2\/product\/55876","targetHints":{"allow":["GET"]}}],"collection":[{"href":"https:\/\/startlan.ee\/en\/wp-json\/wp\/v2\/product"}],"about":[{"href":"https:\/\/startlan.ee\/en\/wp-json\/wp\/v2\/types\/product"}],"replies":[{"embeddable":true,"href":"https:\/\/startlan.ee\/en\/wp-json\/wp\/v2\/comments?post=55876"}],"wp:featuredmedia":[{"embeddable":true,"href":"https:\/\/startlan.ee\/en\/wp-json\/wp\/v2\/media\/56212"}],"wp:attachment":[{"href":"https:\/\/startlan.ee\/en\/wp-json\/wp\/v2\/media?parent=55876"}],"wp:term":[{"taxonomy":"pwb-brand","embeddable":true,"href":"https:\/\/startlan.ee\/en\/wp-json\/wp\/v2\/pwb-brand?post=55876"},{"taxonomy":"product_brand","embeddable":true,"href":"https:\/\/startlan.ee\/en\/wp-json\/wp\/v2\/product_brand?post=55876"},{"taxonomy":"product_cat","embeddable":true,"href":"https:\/\/startlan.ee\/en\/wp-json\/wp\/v2\/product_cat?post=55876"},{"taxonomy":"product_tag","embeddable":true,"href":"https:\/\/startlan.ee\/en\/wp-json\/wp\/v2\/product_tag?post=55876"}],"curies":[{"name":"wp","href":"https:\/\/api.w.org\/{rel}","templated":true}]}}