{"id":55873,"date":"2025-08-14T12:03:28","date_gmt":"2025-08-14T09:03:28","guid":{"rendered":"https:\/\/startlan.ee\/toode\/maruderm-silmaseerum-kofeiin-5-30-ml\/"},"modified":"2026-04-18T04:34:10","modified_gmt":"2026-04-18T01:34:10","slug":"maruderm-silmaseerum-kofeiin-5-30-ml","status":"publish","type":"product","link":"https:\/\/startlan.ee\/en\/toode\/maruderm-silmaseerum-kofeiin-5-30-ml\/","title":{"rendered":"MaruDerm Silmaseerum Kofeiin 5% 30 ml"},"content":{"rendered":"<p>Silma\u00fcmbruse seerum 5% kofeiiniga v\u00e4hendab tumedaid ringe, turseid ja peeneid jooni, sisaldab peptiide ja h\u00fcaluroonhapet. Niisutab ja toidab \u00f5rna nahka. Sobib k\u00f5ikidele nahat\u00fc\u00fcpidele. Patsuta \u00f5rnalt silma\u00fcmbrusele hommikul ja\/v\u00f5i \u00f5htul. V\u00e4ldi silma sattumist.<\/p>\n","protected":false},"excerpt":{"rendered":"<p>Silma\u00fcmbruse seerum 5% kofeiiniga v\u00e4hendab tumedaid ringe, turseid ja peeneid jooni, sisaldab peptiide ja h\u00fcaluroonhapet. Niisutab ja toidab \u00f5rna nahka&#8230;.<\/p>\n","protected":false},"featured_media":56226,"comment_status":"open","ping_status":"closed","template":"","meta":{"_acf_changed":false,"inline_featured_image":false},"pwb-brand":[1056],"product_brand":[],"product_cat":[865],"product_tag":[],"class_list":{"0":"post-55873","1":"product","2":"type-product","3":"status-publish","4":"has-post-thumbnail","6":"pwb-brand-maruderm","7":"product_cat-seerumid-ja-kontsentraadid","9":"first","10":"instock","11":"taxable","12":"shipping-taxable","13":"purchasable","14":"product-type-simple"},"acf":[],"brands":[{"id":1056,"name":"MaruDerm","slug":"maruderm"}],"_links":{"self":[{"href":"https:\/\/startlan.ee\/en\/wp-json\/wp\/v2\/product\/55873","targetHints":{"allow":["GET"]}}],"collection":[{"href":"https:\/\/startlan.ee\/en\/wp-json\/wp\/v2\/product"}],"about":[{"href":"https:\/\/startlan.ee\/en\/wp-json\/wp\/v2\/types\/product"}],"replies":[{"embeddable":true,"href":"https:\/\/startlan.ee\/en\/wp-json\/wp\/v2\/comments?post=55873"}],"wp:featuredmedia":[{"embeddable":true,"href":"https:\/\/startlan.ee\/en\/wp-json\/wp\/v2\/media\/56226"}],"wp:attachment":[{"href":"https:\/\/startlan.ee\/en\/wp-json\/wp\/v2\/media?parent=55873"}],"wp:term":[{"taxonomy":"pwb-brand","embeddable":true,"href":"https:\/\/startlan.ee\/en\/wp-json\/wp\/v2\/pwb-brand?post=55873"},{"taxonomy":"product_brand","embeddable":true,"href":"https:\/\/startlan.ee\/en\/wp-json\/wp\/v2\/product_brand?post=55873"},{"taxonomy":"product_cat","embeddable":true,"href":"https:\/\/startlan.ee\/en\/wp-json\/wp\/v2\/product_cat?post=55873"},{"taxonomy":"product_tag","embeddable":true,"href":"https:\/\/startlan.ee\/en\/wp-json\/wp\/v2\/product_tag?post=55873"}],"curies":[{"name":"wp","href":"https:\/\/api.w.org\/{rel}","templated":true}]}}