{"id":55872,"date":"2025-08-14T12:03:28","date_gmt":"2025-08-14T09:03:28","guid":{"rendered":"https:\/\/startlan.ee\/toode\/maruderm-naoseerum-aha-10-bha-2-kooriv-30-ml\/"},"modified":"2026-04-18T04:34:10","modified_gmt":"2026-04-18T01:34:10","slug":"maruderm-naoseerum-aha-10-bha-2-kooriv-30-ml","status":"publish","type":"product","link":"https:\/\/startlan.ee\/en\/toode\/maruderm-naoseerum-aha-10-bha-2-kooriv-30-ml\/","title":{"rendered":"MaruDerm N\u00e4oseerum AHA 10% + BHA 2% kooriv 30 ml"},"content":{"rendered":"<p>AHA + BHA kooriv seerum koorib, helendab n\u00e4onahka ja puhastab poore, parandab naha tekstuuri. Kasutamine 2\u20133x n\u00e4dalas ainult \u00f5htuti. Kasuta j\u00e4rgmisel p\u00e4eval p\u00e4ikesekaitset.<\/p>\n","protected":false},"excerpt":{"rendered":"<p>AHA + BHA kooriv seerum koorib, helendab n\u00e4onahka ja puhastab poore, parandab naha tekstuuri. Kasutamine 2\u20133x n\u00e4dalas ainult \u00f5htuti. Kasuta&#8230;<\/p>\n","protected":false},"featured_media":56220,"comment_status":"open","ping_status":"closed","template":"","meta":{"_acf_changed":false,"inline_featured_image":false},"pwb-brand":[1056],"product_brand":[],"product_cat":[865],"product_tag":[],"class_list":{"0":"post-55872","1":"product","2":"type-product","3":"status-publish","4":"has-post-thumbnail","6":"pwb-brand-maruderm","7":"product_cat-seerumid-ja-kontsentraadid","9":"first","10":"instock","11":"taxable","12":"shipping-taxable","13":"purchasable","14":"product-type-simple"},"acf":[],"brands":[{"id":1056,"name":"MaruDerm","slug":"maruderm"}],"_links":{"self":[{"href":"https:\/\/startlan.ee\/en\/wp-json\/wp\/v2\/product\/55872","targetHints":{"allow":["GET"]}}],"collection":[{"href":"https:\/\/startlan.ee\/en\/wp-json\/wp\/v2\/product"}],"about":[{"href":"https:\/\/startlan.ee\/en\/wp-json\/wp\/v2\/types\/product"}],"replies":[{"embeddable":true,"href":"https:\/\/startlan.ee\/en\/wp-json\/wp\/v2\/comments?post=55872"}],"wp:featuredmedia":[{"embeddable":true,"href":"https:\/\/startlan.ee\/en\/wp-json\/wp\/v2\/media\/56220"}],"wp:attachment":[{"href":"https:\/\/startlan.ee\/en\/wp-json\/wp\/v2\/media?parent=55872"}],"wp:term":[{"taxonomy":"pwb-brand","embeddable":true,"href":"https:\/\/startlan.ee\/en\/wp-json\/wp\/v2\/pwb-brand?post=55872"},{"taxonomy":"product_brand","embeddable":true,"href":"https:\/\/startlan.ee\/en\/wp-json\/wp\/v2\/product_brand?post=55872"},{"taxonomy":"product_cat","embeddable":true,"href":"https:\/\/startlan.ee\/en\/wp-json\/wp\/v2\/product_cat?post=55872"},{"taxonomy":"product_tag","embeddable":true,"href":"https:\/\/startlan.ee\/en\/wp-json\/wp\/v2\/product_tag?post=55872"}],"curies":[{"name":"wp","href":"https:\/\/api.w.org\/{rel}","templated":true}]}}