{"id":55867,"date":"2025-08-13T15:03:29","date_gmt":"2025-08-13T12:03:29","guid":{"rendered":"https:\/\/startlan.ee\/toode\/maruderm-toonik-aha-igapaevane-sarav-nahk-250-ml\/"},"modified":"2026-04-18T04:34:10","modified_gmt":"2026-04-18T01:34:10","slug":"maruderm-toonik-aha-igapaevane-sarav-nahk-250-ml","status":"publish","type":"product","link":"https:\/\/startlan.ee\/en\/toode\/maruderm-toonik-aha-igapaevane-sarav-nahk-250-ml\/","title":{"rendered":"MaruDerm Toonik AHA igap\u00e4evane s\u00e4rav nahk 250 ml"},"content":{"rendered":"<p>Toonik 7% gl\u00fckoolhappega, mis koorib nahka, sisaldab lagritsajuure ekstrakti, panthenooli, h\u00fcaluroonhapet ja rahustavaid taimeekstrakte, parandab naha tekstuuri ja v\u00e4hendab pooride n\u00e4htavust. Kasutada \u00f5htuti 2\u20133x n\u00e4dalas. Kasutada SPF-i n\u00e4ol j\u00e4rgmisel p\u00e4eval.<\/p>\n","protected":false},"excerpt":{"rendered":"<p>Toonik 7% gl\u00fckoolhappega, mis koorib nahka, sisaldab lagritsajuure ekstrakti, panthenooli, h\u00fcaluroonhapet ja rahustavaid taimeekstrakte, parandab naha tekstuuri ja v\u00e4hendab pooride&#8230;<\/p>\n","protected":false},"featured_media":56232,"comment_status":"open","ping_status":"closed","template":"","meta":{"_acf_changed":false,"inline_featured_image":false},"pwb-brand":[1056],"product_brand":[],"product_cat":[867],"product_tag":[],"class_list":{"0":"post-55867","1":"product","2":"type-product","3":"status-publish","4":"has-post-thumbnail","6":"pwb-brand-maruderm","7":"product_cat-puhastus-meigieemaldus","9":"first","10":"instock","11":"taxable","12":"shipping-taxable","13":"purchasable","14":"product-type-simple"},"acf":[],"brands":[{"id":1056,"name":"MaruDerm","slug":"maruderm"}],"_links":{"self":[{"href":"https:\/\/startlan.ee\/en\/wp-json\/wp\/v2\/product\/55867","targetHints":{"allow":["GET"]}}],"collection":[{"href":"https:\/\/startlan.ee\/en\/wp-json\/wp\/v2\/product"}],"about":[{"href":"https:\/\/startlan.ee\/en\/wp-json\/wp\/v2\/types\/product"}],"replies":[{"embeddable":true,"href":"https:\/\/startlan.ee\/en\/wp-json\/wp\/v2\/comments?post=55867"}],"wp:featuredmedia":[{"embeddable":true,"href":"https:\/\/startlan.ee\/en\/wp-json\/wp\/v2\/media\/56232"}],"wp:attachment":[{"href":"https:\/\/startlan.ee\/en\/wp-json\/wp\/v2\/media?parent=55867"}],"wp:term":[{"taxonomy":"pwb-brand","embeddable":true,"href":"https:\/\/startlan.ee\/en\/wp-json\/wp\/v2\/pwb-brand?post=55867"},{"taxonomy":"product_brand","embeddable":true,"href":"https:\/\/startlan.ee\/en\/wp-json\/wp\/v2\/product_brand?post=55867"},{"taxonomy":"product_cat","embeddable":true,"href":"https:\/\/startlan.ee\/en\/wp-json\/wp\/v2\/product_cat?post=55867"},{"taxonomy":"product_tag","embeddable":true,"href":"https:\/\/startlan.ee\/en\/wp-json\/wp\/v2\/product_tag?post=55867"}],"curies":[{"name":"wp","href":"https:\/\/api.w.org\/{rel}","templated":true}]}}