{"id":55866,"date":"2025-08-13T15:03:28","date_gmt":"2025-08-13T12:03:28","guid":{"rendered":"https:\/\/startlan.ee\/toode\/maruderm-naoseerum-c-vitamiin-30-ml\/"},"modified":"2026-04-18T04:34:09","modified_gmt":"2026-04-18T01:34:09","slug":"maruderm-naoseerum-c-vitamiin-30-ml","status":"publish","type":"product","link":"https:\/\/startlan.ee\/en\/toode\/maruderm-naoseerum-c-vitamiin-30-ml\/","title":{"rendered":"MaruDerm N\u00e4oseerum C-vitamiin 30 ml"},"content":{"rendered":"<p>Vitamiin C s\u00e4ra seerum sisaldab 12% vitamiin C derivaat, niatsiinamiid ja peptiidid, v\u00e4hendab laike ja punetust, parandab jume ja naha tugevust, v\u00e4hendab n\u00e4onahal peeneid jooni. Kasutamine: hommikul ja\/v\u00f5i \u00f5htul enne n\u00e4okreemi. Ohutus: Kasuta SPF-i p\u00e4eva jooksul.<\/p>\n","protected":false},"excerpt":{"rendered":"<p>Vitamiin C s\u00e4ra seerum sisaldab 12% vitamiin C derivaat, niatsiinamiid ja peptiidid, v\u00e4hendab laike ja punetust, parandab jume ja naha&#8230;<\/p>\n","protected":false},"featured_media":56234,"comment_status":"open","ping_status":"closed","template":"","meta":{"_acf_changed":false,"inline_featured_image":false},"pwb-brand":[1056],"product_brand":[],"product_cat":[865],"product_tag":[],"class_list":{"0":"post-55866","1":"product","2":"type-product","3":"status-publish","4":"has-post-thumbnail","6":"pwb-brand-maruderm","7":"product_cat-seerumid-ja-kontsentraadid","9":"first","10":"instock","11":"taxable","12":"shipping-taxable","13":"purchasable","14":"product-type-simple"},"acf":[],"brands":[{"id":1056,"name":"MaruDerm","slug":"maruderm"}],"_links":{"self":[{"href":"https:\/\/startlan.ee\/en\/wp-json\/wp\/v2\/product\/55866","targetHints":{"allow":["GET"]}}],"collection":[{"href":"https:\/\/startlan.ee\/en\/wp-json\/wp\/v2\/product"}],"about":[{"href":"https:\/\/startlan.ee\/en\/wp-json\/wp\/v2\/types\/product"}],"replies":[{"embeddable":true,"href":"https:\/\/startlan.ee\/en\/wp-json\/wp\/v2\/comments?post=55866"}],"wp:featuredmedia":[{"embeddable":true,"href":"https:\/\/startlan.ee\/en\/wp-json\/wp\/v2\/media\/56234"}],"wp:attachment":[{"href":"https:\/\/startlan.ee\/en\/wp-json\/wp\/v2\/media?parent=55866"}],"wp:term":[{"taxonomy":"pwb-brand","embeddable":true,"href":"https:\/\/startlan.ee\/en\/wp-json\/wp\/v2\/pwb-brand?post=55866"},{"taxonomy":"product_brand","embeddable":true,"href":"https:\/\/startlan.ee\/en\/wp-json\/wp\/v2\/product_brand?post=55866"},{"taxonomy":"product_cat","embeddable":true,"href":"https:\/\/startlan.ee\/en\/wp-json\/wp\/v2\/product_cat?post=55866"},{"taxonomy":"product_tag","embeddable":true,"href":"https:\/\/startlan.ee\/en\/wp-json\/wp\/v2\/product_tag?post=55866"}],"curies":[{"name":"wp","href":"https:\/\/api.w.org\/{rel}","templated":true}]}}