{"id":55863,"date":"2025-08-13T12:04:42","date_gmt":"2025-08-13T09:04:42","guid":{"rendered":"https:\/\/startlan.ee\/toode\/maruderm-naokreem-teolima-92-taastav-100-ml\/"},"modified":"2026-04-18T04:34:14","modified_gmt":"2026-04-18T01:34:14","slug":"maruderm-naokreem-teolima-92-taastav-100-ml","status":"publish","type":"product","link":"https:\/\/startlan.ee\/en\/toode\/maruderm-naokreem-teolima-92-taastav-100-ml\/","title":{"rendered":"MaruDerm N\u00e4okreem Teolima 92% taastav 100 ml"},"content":{"rendered":"<p>Teolima, Argireline\u00b4i, h\u00fcaluroonhappe ja pantenooliga rikastatud kreem pakub nahale s\u00fcgavat niisutust ja toitvat hooldust, aidates ennetada peente joonte teket ning andes nahale s\u00e4ravama, niisutatuma ja pringima v\u00e4limuse. Kanna piisav kogus kreemi puhastatud nahale hommikul ja \u00f5htul, masseerides \u00f5rnalt kuni t\u00e4ieliku imendumiseni. Enne esmakordset kasutamist on soovitatav teha nahatundlikkuse test, et v\u00e4ltida v\u00f5imalikke soovimatuid k\u00f5rvaltoimeid ja \u00e4rritust. Kui tekib \u00e4rritus, l\u00f5petage kasutamine ja p\u00f6\u00f6rduge dermatoloogi poole. Toode on ainult v\u00e4lispidiseks kasutamiseks, v\u00e4ltida kasutamist kahjustatud nahal ning otsest kokkupuudet silmadega \u2013 silma sattumisel loputada koheselt rohke veega. Hoida lastele k\u00e4ttesaamatus kohas. S\u00e4ilitada toatemperatuuril vahemikus +5\u00b0C kuni +25\u00b0C.<\/p>\n","protected":false},"excerpt":{"rendered":"<p>Teolima, Argireline\u00b4i, h\u00fcaluroonhappe ja pantenooliga rikastatud kreem pakub nahale s\u00fcgavat niisutust ja toitvat hooldust, aidates ennetada peente joonte teket ning&#8230;<\/p>\n","protected":false},"featured_media":56249,"comment_status":"open","ping_status":"closed","template":"","meta":{"_acf_changed":false,"inline_featured_image":false},"pwb-brand":[1056],"product_brand":[],"product_cat":[864],"product_tag":[],"class_list":{"0":"post-55863","1":"product","2":"type-product","3":"status-publish","4":"has-post-thumbnail","6":"pwb-brand-maruderm","7":"product_cat-naokreemid","9":"first","10":"instock","11":"taxable","12":"shipping-taxable","13":"purchasable","14":"product-type-simple"},"acf":[],"brands":[{"id":1056,"name":"MaruDerm","slug":"maruderm"}],"_links":{"self":[{"href":"https:\/\/startlan.ee\/en\/wp-json\/wp\/v2\/product\/55863","targetHints":{"allow":["GET"]}}],"collection":[{"href":"https:\/\/startlan.ee\/en\/wp-json\/wp\/v2\/product"}],"about":[{"href":"https:\/\/startlan.ee\/en\/wp-json\/wp\/v2\/types\/product"}],"replies":[{"embeddable":true,"href":"https:\/\/startlan.ee\/en\/wp-json\/wp\/v2\/comments?post=55863"}],"wp:featuredmedia":[{"embeddable":true,"href":"https:\/\/startlan.ee\/en\/wp-json\/wp\/v2\/media\/56249"}],"wp:attachment":[{"href":"https:\/\/startlan.ee\/en\/wp-json\/wp\/v2\/media?parent=55863"}],"wp:term":[{"taxonomy":"pwb-brand","embeddable":true,"href":"https:\/\/startlan.ee\/en\/wp-json\/wp\/v2\/pwb-brand?post=55863"},{"taxonomy":"product_brand","embeddable":true,"href":"https:\/\/startlan.ee\/en\/wp-json\/wp\/v2\/product_brand?post=55863"},{"taxonomy":"product_cat","embeddable":true,"href":"https:\/\/startlan.ee\/en\/wp-json\/wp\/v2\/product_cat?post=55863"},{"taxonomy":"product_tag","embeddable":true,"href":"https:\/\/startlan.ee\/en\/wp-json\/wp\/v2\/product_tag?post=55863"}],"curies":[{"name":"wp","href":"https:\/\/api.w.org\/{rel}","templated":true}]}}