{"id":55862,"date":"2025-08-13T12:04:42","date_gmt":"2025-08-13T09:04:42","guid":{"rendered":"https:\/\/startlan.ee\/toode\/maruderm-puhastusgeel-c-vitamiin-200-ml\/"},"modified":"2026-04-18T04:34:14","modified_gmt":"2026-04-18T01:34:14","slug":"maruderm-puhastusgeel-c-vitamiin-200-ml","status":"publish","type":"product","link":"https:\/\/startlan.ee\/en\/toode\/maruderm-puhastusgeel-c-vitamiin-200-ml\/","title":{"rendered":"MaruDerm Puhastusgeel C-vitamiin 200 ml"},"content":{"rendered":"<p>Vitamiin C-ga rikastatud n\u00e4opesugeel, mis puhastab ja helendab nahka, sisaldab 3-O-et\u00fc\u00fcl askorbiinhapet, naatriumaskorbylfosfaati, niatsiinamiidi, gl\u00fctseriini ja aaloeekstrakti, niisutab ja \u00fchtlustab nahatooni. Kasutada hommikul ja \u00f5htul. V\u00e4ltida kokkupuudet silmadega.<\/p>\n","protected":false},"excerpt":{"rendered":"<p>Vitamiin C-ga rikastatud n\u00e4opesugeel, mis puhastab ja helendab nahka, sisaldab 3-O-et\u00fc\u00fcl askorbiinhapet, naatriumaskorbylfosfaati, niatsiinamiidi, gl\u00fctseriini ja aaloeekstrakti, niisutab ja \u00fchtlustab&#8230;<\/p>\n","protected":false},"featured_media":56247,"comment_status":"open","ping_status":"closed","template":"","meta":{"_acf_changed":false,"inline_featured_image":false},"pwb-brand":[1056],"product_brand":[],"product_cat":[867],"product_tag":[],"class_list":{"0":"post-55862","1":"product","2":"type-product","3":"status-publish","4":"has-post-thumbnail","6":"pwb-brand-maruderm","7":"product_cat-puhastus-meigieemaldus","9":"first","10":"instock","11":"taxable","12":"shipping-taxable","13":"purchasable","14":"product-type-simple"},"acf":[],"brands":[{"id":1056,"name":"MaruDerm","slug":"maruderm"}],"_links":{"self":[{"href":"https:\/\/startlan.ee\/en\/wp-json\/wp\/v2\/product\/55862","targetHints":{"allow":["GET"]}}],"collection":[{"href":"https:\/\/startlan.ee\/en\/wp-json\/wp\/v2\/product"}],"about":[{"href":"https:\/\/startlan.ee\/en\/wp-json\/wp\/v2\/types\/product"}],"replies":[{"embeddable":true,"href":"https:\/\/startlan.ee\/en\/wp-json\/wp\/v2\/comments?post=55862"}],"wp:featuredmedia":[{"embeddable":true,"href":"https:\/\/startlan.ee\/en\/wp-json\/wp\/v2\/media\/56247"}],"wp:attachment":[{"href":"https:\/\/startlan.ee\/en\/wp-json\/wp\/v2\/media?parent=55862"}],"wp:term":[{"taxonomy":"pwb-brand","embeddable":true,"href":"https:\/\/startlan.ee\/en\/wp-json\/wp\/v2\/pwb-brand?post=55862"},{"taxonomy":"product_brand","embeddable":true,"href":"https:\/\/startlan.ee\/en\/wp-json\/wp\/v2\/product_brand?post=55862"},{"taxonomy":"product_cat","embeddable":true,"href":"https:\/\/startlan.ee\/en\/wp-json\/wp\/v2\/product_cat?post=55862"},{"taxonomy":"product_tag","embeddable":true,"href":"https:\/\/startlan.ee\/en\/wp-json\/wp\/v2\/product_tag?post=55862"}],"curies":[{"name":"wp","href":"https:\/\/api.w.org\/{rel}","templated":true}]}}