{"id":55858,"date":"2025-08-13T12:04:41","date_gmt":"2025-08-13T09:04:41","guid":{"rendered":"https:\/\/startlan.ee\/toode\/maruderm-naokreem-tugevdab-ja-taastab-naha-kaitsebarjaari-200-ml\/"},"modified":"2026-04-18T04:34:11","modified_gmt":"2026-04-18T01:34:11","slug":"maruderm-naokreem-tugevdab-ja-taastab-naha-kaitsebarjaari-200-ml","status":"publish","type":"product","link":"https:\/\/startlan.ee\/en\/toode\/maruderm-naokreem-tugevdab-ja-taastab-naha-kaitsebarjaari-200-ml\/","title":{"rendered":"MaruDerm N\u00e4okreem tugevdab ja taastab naha kaitsebarj\u00e4\u00e4ri 200 ml"},"content":{"rendered":"<p>Taasta ja tugevda oma naha loomulikku kaitsev\u00f5imet meie Repairing &amp; Strengthening Barrier Cream-iga, mis on spetsiaalselt loodud naha barj\u00e4\u00e4ri parandamiseks ja tugevdamiseks. Kreem sisaldab 5% pantenooli ning rikkalikku keramiidide segu, mis tagab intensiivse niisutuse ja kaitse, aidates rahustada ja elustada stressis v\u00f5i kahjustatud nahka. Pantenool (provitamiin B5) on tuntud oma s\u00fcgavniisutavate ja rahustavate omaduste poolest, leevendades punetust ja \u00e4rritust. Koos Ceramide NP-ga tugevdab see nahabarj\u00e4\u00e4ri, lukustades niiskuse ja kaitstes nahka keskkonnam\u00f5jude eest. Sheav\u00f5i ja gl\u00fctseriin pakuvad toitvat niisutust, j\u00e4ttes naha pehmeks, elastseks ja vastupidavaks. Naatriumh\u00fcaluronaat suurendab veelgi naha niiskustaset, hoides naha pringi ja h\u00fcdreerituna kogu p\u00e4eva jooksul. Bifida ferment lysate, probiootikumidest saadud koostisosa, toetab naha tervist, tugevdades selle mikrobioomi ja soodustades tasakaalus, vastupidavat jume. Niatsiinamiid aitab parandada nahatooni ja tekstuuri, samal ajal kui skvalaan lisab lisakaitset ja toidet, ummistamata poore.<\/p>\n","protected":false},"excerpt":{"rendered":"<p>Taasta ja tugevda oma naha loomulikku kaitsev\u00f5imet meie Repairing &amp; Strengthening Barrier Cream-iga, mis on spetsiaalselt loodud naha barj\u00e4\u00e4ri parandamiseks&#8230;<\/p>\n","protected":false},"featured_media":56251,"comment_status":"open","ping_status":"closed","template":"","meta":{"_acf_changed":false,"inline_featured_image":false},"pwb-brand":[1056],"product_brand":[],"product_cat":[864],"product_tag":[],"class_list":{"0":"post-55858","1":"product","2":"type-product","3":"status-publish","4":"has-post-thumbnail","6":"pwb-brand-maruderm","7":"product_cat-naokreemid","9":"first","10":"instock","11":"taxable","12":"shipping-taxable","13":"purchasable","14":"product-type-simple"},"acf":[],"brands":[{"id":1056,"name":"MaruDerm","slug":"maruderm"}],"_links":{"self":[{"href":"https:\/\/startlan.ee\/en\/wp-json\/wp\/v2\/product\/55858","targetHints":{"allow":["GET"]}}],"collection":[{"href":"https:\/\/startlan.ee\/en\/wp-json\/wp\/v2\/product"}],"about":[{"href":"https:\/\/startlan.ee\/en\/wp-json\/wp\/v2\/types\/product"}],"replies":[{"embeddable":true,"href":"https:\/\/startlan.ee\/en\/wp-json\/wp\/v2\/comments?post=55858"}],"wp:featuredmedia":[{"embeddable":true,"href":"https:\/\/startlan.ee\/en\/wp-json\/wp\/v2\/media\/56251"}],"wp:attachment":[{"href":"https:\/\/startlan.ee\/en\/wp-json\/wp\/v2\/media?parent=55858"}],"wp:term":[{"taxonomy":"pwb-brand","embeddable":true,"href":"https:\/\/startlan.ee\/en\/wp-json\/wp\/v2\/pwb-brand?post=55858"},{"taxonomy":"product_brand","embeddable":true,"href":"https:\/\/startlan.ee\/en\/wp-json\/wp\/v2\/product_brand?post=55858"},{"taxonomy":"product_cat","embeddable":true,"href":"https:\/\/startlan.ee\/en\/wp-json\/wp\/v2\/product_cat?post=55858"},{"taxonomy":"product_tag","embeddable":true,"href":"https:\/\/startlan.ee\/en\/wp-json\/wp\/v2\/product_tag?post=55858"}],"curies":[{"name":"wp","href":"https:\/\/api.w.org\/{rel}","templated":true}]}}