{"id":55857,"date":"2025-08-13T12:04:40","date_gmt":"2025-08-13T09:04:40","guid":{"rendered":"https:\/\/startlan.ee\/toode\/maruderm-naokreem-centella-rahustav-ja-niisutav-200-ml\/"},"modified":"2026-04-18T04:34:11","modified_gmt":"2026-04-18T01:34:11","slug":"maruderm-naokreem-centella-rahustav-ja-niisutav-200-ml","status":"publish","type":"product","link":"https:\/\/startlan.ee\/en\/toode\/maruderm-naokreem-centella-rahustav-ja-niisutav-200-ml\/","title":{"rendered":"MaruDerm N\u00e4okreem Centella rahustav ja niisutav 200 ml"},"content":{"rendered":"<p>Koge looduse rahustavat ja taastavat v\u00e4ge meie Centella Soothing &amp; Hydrating Cream-iga \u2013 kreemiga, mis on loodud spetsiaalselt tundliku ja \u00e4rritunud naha rahustamiseks, niisutamiseks ja taastamiseks. Toimeaineks on Centella Asiatica (ehk Cica) ekstrakt, mis on tuntud oma p\u00f5letikuvastaste ja nahka parandavate omaduste poolest. See aitab v\u00e4hendada p\u00f5letikku, kiirendab naha loomulikku paranemisprotsessi ja tugevdab naha kaitsebarj\u00e4\u00e4ri, muutes kreemi ideaalseks \u00e4rritunud v\u00f5i kahjustatud naha hoolduses. Niatsiinamiid, mitmetoimeline koostisosa, t\u00e4iendab Centella toimet, parandades naha struktuuri, andes sellele loomuliku s\u00e4ra ja v\u00e4hendades pooride n\u00e4htavust. Sheav\u00f5i ja gl\u00fctseriin tagavad s\u00fcgava, kauakestva niisutuse, j\u00e4ttes naha pehmeks, siledaks ja elastseks. Naatriumh\u00fcaluronaat ja skvalaan aitavad s\u00e4ilitada naha niiskustasakaalu, v\u00e4ltides kuivust ja toetades nooruslikku, prinkjat jumet. Pantenool ja allantoiin tugevdavad rahustavat toimet, v\u00e4hendavad punetust ja \u00e4rritust ning loovad tasakaalus ja rahuliku nahakeskkonna.<\/p>\n","protected":false},"excerpt":{"rendered":"<p>Koge looduse rahustavat ja taastavat v\u00e4ge meie Centella Soothing &amp; Hydrating Cream-iga \u2013 kreemiga, mis on loodud spetsiaalselt tundliku ja&#8230;<\/p>\n","protected":false},"featured_media":56263,"comment_status":"open","ping_status":"closed","template":"","meta":{"_acf_changed":false,"inline_featured_image":false},"pwb-brand":[1056],"product_brand":[],"product_cat":[864],"product_tag":[],"class_list":{"0":"post-55857","1":"product","2":"type-product","3":"status-publish","4":"has-post-thumbnail","6":"pwb-brand-maruderm","7":"product_cat-naokreemid","9":"first","10":"instock","11":"taxable","12":"shipping-taxable","13":"purchasable","14":"product-type-simple"},"acf":[],"brands":[{"id":1056,"name":"MaruDerm","slug":"maruderm"}],"_links":{"self":[{"href":"https:\/\/startlan.ee\/en\/wp-json\/wp\/v2\/product\/55857","targetHints":{"allow":["GET"]}}],"collection":[{"href":"https:\/\/startlan.ee\/en\/wp-json\/wp\/v2\/product"}],"about":[{"href":"https:\/\/startlan.ee\/en\/wp-json\/wp\/v2\/types\/product"}],"replies":[{"embeddable":true,"href":"https:\/\/startlan.ee\/en\/wp-json\/wp\/v2\/comments?post=55857"}],"wp:featuredmedia":[{"embeddable":true,"href":"https:\/\/startlan.ee\/en\/wp-json\/wp\/v2\/media\/56263"}],"wp:attachment":[{"href":"https:\/\/startlan.ee\/en\/wp-json\/wp\/v2\/media?parent=55857"}],"wp:term":[{"taxonomy":"pwb-brand","embeddable":true,"href":"https:\/\/startlan.ee\/en\/wp-json\/wp\/v2\/pwb-brand?post=55857"},{"taxonomy":"product_brand","embeddable":true,"href":"https:\/\/startlan.ee\/en\/wp-json\/wp\/v2\/product_brand?post=55857"},{"taxonomy":"product_cat","embeddable":true,"href":"https:\/\/startlan.ee\/en\/wp-json\/wp\/v2\/product_cat?post=55857"},{"taxonomy":"product_tag","embeddable":true,"href":"https:\/\/startlan.ee\/en\/wp-json\/wp\/v2\/product_tag?post=55857"}],"curies":[{"name":"wp","href":"https:\/\/api.w.org\/{rel}","templated":true}]}}