{"id":55856,"date":"2025-08-13T12:04:40","date_gmt":"2025-08-13T09:04:40","guid":{"rendered":"https:\/\/startlan.ee\/toode\/maruderm-toonik-bha-igapaevane-poore-puhastav-250-ml\/"},"modified":"2026-04-18T04:34:10","modified_gmt":"2026-04-18T01:34:10","slug":"maruderm-toonik-bha-igapaevane-poore-puhastav-250-ml","status":"publish","type":"product","link":"https:\/\/startlan.ee\/en\/toode\/maruderm-toonik-bha-igapaevane-poore-puhastav-250-ml\/","title":{"rendered":"MaruDerm Toonik BHA igap\u00e4evane poore puhastav 250 ml"},"content":{"rendered":"<p>Rahustav toonik centella asiatica ekstraktiga, mis leevendab punetust ja p\u00f5letikku, sisaldab h\u00fcaluroonhapet, ceramiidi NP-d, panthenooli, gl\u00fctseriini ja taimeekstrakte, niisutab ja tugevdab naha kaitsebarj\u00e4\u00e4ri. Kanda n\u00e4onahale p\u00e4rast n\u00e4o puhastust. Ainult v\u00e4lispidiseks kasutamiseks.<\/p>\n","protected":false},"excerpt":{"rendered":"<p>Rahustav toonik centella asiatica ekstraktiga, mis leevendab punetust ja p\u00f5letikku, sisaldab h\u00fcaluroonhapet, ceramiidi NP-d, panthenooli, gl\u00fctseriini ja taimeekstrakte, niisutab ja&#8230;<\/p>\n","protected":false},"featured_media":56259,"comment_status":"open","ping_status":"closed","template":"","meta":{"_acf_changed":false,"inline_featured_image":false},"pwb-brand":[1056],"product_brand":[],"product_cat":[867],"product_tag":[],"class_list":{"0":"post-55856","1":"product","2":"type-product","3":"status-publish","4":"has-post-thumbnail","6":"pwb-brand-maruderm","7":"product_cat-puhastus-meigieemaldus","9":"first","10":"instock","11":"taxable","12":"shipping-taxable","13":"purchasable","14":"product-type-simple"},"acf":[],"brands":[{"id":1056,"name":"MaruDerm","slug":"maruderm"}],"_links":{"self":[{"href":"https:\/\/startlan.ee\/en\/wp-json\/wp\/v2\/product\/55856","targetHints":{"allow":["GET"]}}],"collection":[{"href":"https:\/\/startlan.ee\/en\/wp-json\/wp\/v2\/product"}],"about":[{"href":"https:\/\/startlan.ee\/en\/wp-json\/wp\/v2\/types\/product"}],"replies":[{"embeddable":true,"href":"https:\/\/startlan.ee\/en\/wp-json\/wp\/v2\/comments?post=55856"}],"wp:featuredmedia":[{"embeddable":true,"href":"https:\/\/startlan.ee\/en\/wp-json\/wp\/v2\/media\/56259"}],"wp:attachment":[{"href":"https:\/\/startlan.ee\/en\/wp-json\/wp\/v2\/media?parent=55856"}],"wp:term":[{"taxonomy":"pwb-brand","embeddable":true,"href":"https:\/\/startlan.ee\/en\/wp-json\/wp\/v2\/pwb-brand?post=55856"},{"taxonomy":"product_brand","embeddable":true,"href":"https:\/\/startlan.ee\/en\/wp-json\/wp\/v2\/product_brand?post=55856"},{"taxonomy":"product_cat","embeddable":true,"href":"https:\/\/startlan.ee\/en\/wp-json\/wp\/v2\/product_cat?post=55856"},{"taxonomy":"product_tag","embeddable":true,"href":"https:\/\/startlan.ee\/en\/wp-json\/wp\/v2\/product_tag?post=55856"}],"curies":[{"name":"wp","href":"https:\/\/api.w.org\/{rel}","templated":true}]}}