{"id":55855,"date":"2025-08-13T12:04:39","date_gmt":"2025-08-13T09:04:39","guid":{"rendered":"https:\/\/startlan.ee\/toode\/maruderm-naoreem-hualuroonhape-niisutav-200-ml\/"},"modified":"2026-04-18T04:34:09","modified_gmt":"2026-04-18T01:34:09","slug":"maruderm-naoreem-hualuroonhape-niisutav-200-ml","status":"publish","type":"product","link":"https:\/\/startlan.ee\/en\/toode\/maruderm-naoreem-hualuroonhape-niisutav-200-ml\/","title":{"rendered":"MaruDerm N\u00e4okreem H\u00fcaluroonhape niisutav 200 ml"},"content":{"rendered":"<p>H\u00fcaluroonhappe kreem: S\u00fcgavniisutav kreem, mis sisaldab 2% h\u00fcaluroonhapet, niatsiinamiidi ja pantenooli. Sobib igap\u00e4evaseks kasutamiseks ka tundlikule nahale. Kanda hommikul ja\/v\u00f5i \u00f5htul puhastatud nahale. \u00c4rrituse korral kasutamine l\u00f5petada.<\/p>\n","protected":false},"excerpt":{"rendered":"<p>H\u00fcaluroonhappe kreem: S\u00fcgavniisutav kreem, mis sisaldab 2% h\u00fcaluroonhapet, niatsiinamiidi ja pantenooli. Sobib igap\u00e4evaseks kasutamiseks ka tundlikule nahale. Kanda hommikul ja\/v\u00f5i&#8230;<\/p>\n","protected":false},"featured_media":56273,"comment_status":"open","ping_status":"closed","template":"","meta":{"_acf_changed":false,"inline_featured_image":false},"pwb-brand":[1056],"product_brand":[],"product_cat":[864],"product_tag":[],"class_list":{"0":"post-55855","1":"product","2":"type-product","3":"status-publish","4":"has-post-thumbnail","6":"pwb-brand-maruderm","7":"product_cat-naokreemid","9":"first","10":"instock","11":"taxable","12":"shipping-taxable","13":"purchasable","14":"product-type-simple"},"acf":[],"brands":[{"id":1056,"name":"MaruDerm","slug":"maruderm"}],"_links":{"self":[{"href":"https:\/\/startlan.ee\/en\/wp-json\/wp\/v2\/product\/55855","targetHints":{"allow":["GET"]}}],"collection":[{"href":"https:\/\/startlan.ee\/en\/wp-json\/wp\/v2\/product"}],"about":[{"href":"https:\/\/startlan.ee\/en\/wp-json\/wp\/v2\/types\/product"}],"replies":[{"embeddable":true,"href":"https:\/\/startlan.ee\/en\/wp-json\/wp\/v2\/comments?post=55855"}],"wp:featuredmedia":[{"embeddable":true,"href":"https:\/\/startlan.ee\/en\/wp-json\/wp\/v2\/media\/56273"}],"wp:attachment":[{"href":"https:\/\/startlan.ee\/en\/wp-json\/wp\/v2\/media?parent=55855"}],"wp:term":[{"taxonomy":"pwb-brand","embeddable":true,"href":"https:\/\/startlan.ee\/en\/wp-json\/wp\/v2\/pwb-brand?post=55855"},{"taxonomy":"product_brand","embeddable":true,"href":"https:\/\/startlan.ee\/en\/wp-json\/wp\/v2\/product_brand?post=55855"},{"taxonomy":"product_cat","embeddable":true,"href":"https:\/\/startlan.ee\/en\/wp-json\/wp\/v2\/product_cat?post=55855"},{"taxonomy":"product_tag","embeddable":true,"href":"https:\/\/startlan.ee\/en\/wp-json\/wp\/v2\/product_tag?post=55855"}],"curies":[{"name":"wp","href":"https:\/\/api.w.org\/{rel}","templated":true}]}}