{"id":55854,"date":"2025-08-13T12:04:39","date_gmt":"2025-08-13T09:04:39","guid":{"rendered":"https:\/\/startlan.ee\/toode\/maruderm-naokreem-pigmendilaike-vahendav-ja-nahka-kirgastav-200-ml\/"},"modified":"2026-04-18T04:34:09","modified_gmt":"2026-04-18T01:34:09","slug":"maruderm-naokreem-pigmendilaike-vahendav-ja-nahka-kirgastav-200-ml","status":"publish","type":"product","link":"https:\/\/startlan.ee\/en\/toode\/maruderm-naokreem-pigmendilaike-vahendav-ja-nahka-kirgastav-200-ml\/","title":{"rendered":"MaruDerm N\u00e4okreem pigmendilaike v\u00e4hendav ja nahka kirgastav 200 ml"},"content":{"rendered":"<p>T\u00f5hus jumet \u00fchtlustav kreem. Saavuta puhtam ja s\u00e4ravam jume meie Anti-Blemish Skin Brightening Cream\u00b4iga, mis on spetsiaalselt loodud lahendamaks mitmesuguseid nahaprobleeme, sealhulgas p\u00e4ikeselaigud, aknearmid ja eba\u00fchtlane nahatoon. See t\u00f5hus kreem sisaldab 2% Alpha Arbutin\u00b4it \u2013 tunnustatud toimeainet, mis aitab nahka helendada ja v\u00e4hendada erinevatest laikudest p\u00f5hjustatud v\u00e4rvimuutusi. Niatsiinamiidi ja lagritsajuure ekstrakti (Glycyrrhiza Glabra Root Extract) segu t\u00f6\u00f6tab aktiivselt naha selguse parandamisel, aidates v\u00e4hendada p\u00fcsivaid p\u00e4ikese- ja aknej\u00e4rgseid laike. Sheav\u00f5i (Butyrospermum Parkii Butter) lisab s\u00fcgavat niisutust, hoides naha pehme ja elastsena, samal ajal kui see taastub ja uueneb. Loomuliku s\u00e4ra tugevdamiseks sisaldab kreem ka Palmitoyl Sh-Octapeptide-24 Amide ja Palmitoyl Sh-Tripeptide-5 Norisoleucyl Sh-Nonapeptide-1 kompleksi, mis toetab naha elastsust ja v\u00e4hendab peente joonte n\u00e4htavust. Essentsiaalsete aminohapete \u2013 nagu arginiin, asparagiinhape ja gl\u00fctsiin \u2013 hoolikalt valitud segu tugevdab naha kaitsebarj\u00e4\u00e4ri, soodustades tervemat jumet. Lisaks sisaldab kreem E-vitamiini (Tocopherol Acetate), mis pakub antioks\u00fcdantset kaitset keskkonnakahjustuste vastu. Kerge koostis imendub kiiresti, sobides k\u00f5igile nahat\u00fc\u00fcpidele, j\u00e4tmata rasvast kihti.<\/p>\n","protected":false},"excerpt":{"rendered":"<p>T\u00f5hus jumet \u00fchtlustav kreem. Saavuta puhtam ja s\u00e4ravam jume meie Anti-Blemish Skin Brightening Cream\u00b4iga, mis on spetsiaalselt loodud lahendamaks mitmesuguseid&#8230;<\/p>\n","protected":false},"featured_media":56269,"comment_status":"open","ping_status":"closed","template":"","meta":{"_acf_changed":false,"inline_featured_image":false},"pwb-brand":[1056],"product_brand":[],"product_cat":[864],"product_tag":[],"class_list":{"0":"post-55854","1":"product","2":"type-product","3":"status-publish","4":"has-post-thumbnail","6":"pwb-brand-maruderm","7":"product_cat-naokreemid","9":"first","10":"instock","11":"taxable","12":"shipping-taxable","13":"purchasable","14":"product-type-simple"},"acf":[],"brands":[{"id":1056,"name":"MaruDerm","slug":"maruderm"}],"_links":{"self":[{"href":"https:\/\/startlan.ee\/en\/wp-json\/wp\/v2\/product\/55854","targetHints":{"allow":["GET"]}}],"collection":[{"href":"https:\/\/startlan.ee\/en\/wp-json\/wp\/v2\/product"}],"about":[{"href":"https:\/\/startlan.ee\/en\/wp-json\/wp\/v2\/types\/product"}],"replies":[{"embeddable":true,"href":"https:\/\/startlan.ee\/en\/wp-json\/wp\/v2\/comments?post=55854"}],"wp:featuredmedia":[{"embeddable":true,"href":"https:\/\/startlan.ee\/en\/wp-json\/wp\/v2\/media\/56269"}],"wp:attachment":[{"href":"https:\/\/startlan.ee\/en\/wp-json\/wp\/v2\/media?parent=55854"}],"wp:term":[{"taxonomy":"pwb-brand","embeddable":true,"href":"https:\/\/startlan.ee\/en\/wp-json\/wp\/v2\/pwb-brand?post=55854"},{"taxonomy":"product_brand","embeddable":true,"href":"https:\/\/startlan.ee\/en\/wp-json\/wp\/v2\/product_brand?post=55854"},{"taxonomy":"product_cat","embeddable":true,"href":"https:\/\/startlan.ee\/en\/wp-json\/wp\/v2\/product_cat?post=55854"},{"taxonomy":"product_tag","embeddable":true,"href":"https:\/\/startlan.ee\/en\/wp-json\/wp\/v2\/product_tag?post=55854"}],"curies":[{"name":"wp","href":"https:\/\/api.w.org\/{rel}","templated":true}]}}