{"id":55853,"date":"2025-08-13T12:04:39","date_gmt":"2025-08-13T09:04:39","guid":{"rendered":"https:\/\/startlan.ee\/toode\/maruderm-naokreem-vananemisvastane-50-ml\/"},"modified":"2026-04-18T04:34:09","modified_gmt":"2026-04-18T01:34:09","slug":"maruderm-naokreem-vananemisvastane-50-ml","status":"publish","type":"product","link":"https:\/\/startlan.ee\/en\/toode\/maruderm-naokreem-vananemisvastane-50-ml\/","title":{"rendered":"MaruDerm N\u00e4okreem vananemisvastane 50 ml"},"content":{"rendered":"<p>V\u00f5itle vananemism\u00e4rkidega meie Anti-Aging kreemiga, mis on v\u00f5imas koostis nahka uuendama, niisutama ja taastama nooruslikku s\u00e4ra. See luksuslik kreem \u00fchendab tugevad peptiidid, niisutavad koostisosad ja toitvad taimsed ekstraktid, aidates v\u00e4hendada peenikeste kortsude, miimikakortsude ja teiste vananemism\u00e4rkide n\u00e4htavust. Selle valemi keskmes on segud Copper Palmitoyl Heptapeptide-14 ja Heptapeptide-15 Palmitate, arenenud peptiidid, mis stimuleerivad kollageeni tootmist ja parandavad naha elastsust. Need peptiidid pinguldavad ja t\u00f5stavad nahka, v\u00e4hendades kortsude n\u00e4htavust ning andes su jumestusele nooruslikuma ilme. Niatsiinamiid (vitamiin B3 vorm) m\u00e4ngib olulist rolli naha heledamaks muutmisel ja tekstuuri parandamisel, aidates \u00fchtlustada nahatooni, v\u00e4hendada pooride n\u00e4htavust ning suurendada naha \u00fcldist s\u00e4ra. Koos Butyrospermum Parkii (shea) v\u00f5i ja naatriumh\u00fcaluroonaadiga tagab kreem s\u00fcgava ja pikaajalise niisutuse, hoides naha p\u00e4eva jooksul t\u00e4idlase ja elastse. Solidago Virgaurea ekstrakt, antioks\u00fcdantiderikas taimne koostisosa, kaitseb nahka keskkonnastresside eest, samal ajal kui panthenool ja allantiin rahustavad ning leevendavad punetust ja \u00e4rritust. Laktidhape, tuntud oma \u00f5rna kooriva toime poolest, aitab siluda naha pinda, suurendades selle selgust ja s\u00e4ra.<\/p>\n","protected":false},"excerpt":{"rendered":"<p>V\u00f5itle vananemism\u00e4rkidega meie Anti-Aging kreemiga, mis on v\u00f5imas koostis nahka uuendama, niisutama ja taastama nooruslikku s\u00e4ra. See luksuslik kreem \u00fchendab&#8230;<\/p>\n","protected":false},"featured_media":56267,"comment_status":"open","ping_status":"closed","template":"","meta":{"_acf_changed":false,"inline_featured_image":false},"pwb-brand":[1056],"product_brand":[],"product_cat":[864],"product_tag":[],"class_list":{"0":"post-55853","1":"product","2":"type-product","3":"status-publish","4":"has-post-thumbnail","6":"pwb-brand-maruderm","7":"product_cat-naokreemid","9":"first","10":"instock","11":"taxable","12":"shipping-taxable","13":"purchasable","14":"product-type-simple"},"acf":[],"brands":[{"id":1056,"name":"MaruDerm","slug":"maruderm"}],"_links":{"self":[{"href":"https:\/\/startlan.ee\/en\/wp-json\/wp\/v2\/product\/55853","targetHints":{"allow":["GET"]}}],"collection":[{"href":"https:\/\/startlan.ee\/en\/wp-json\/wp\/v2\/product"}],"about":[{"href":"https:\/\/startlan.ee\/en\/wp-json\/wp\/v2\/types\/product"}],"replies":[{"embeddable":true,"href":"https:\/\/startlan.ee\/en\/wp-json\/wp\/v2\/comments?post=55853"}],"wp:featuredmedia":[{"embeddable":true,"href":"https:\/\/startlan.ee\/en\/wp-json\/wp\/v2\/media\/56267"}],"wp:attachment":[{"href":"https:\/\/startlan.ee\/en\/wp-json\/wp\/v2\/media?parent=55853"}],"wp:term":[{"taxonomy":"pwb-brand","embeddable":true,"href":"https:\/\/startlan.ee\/en\/wp-json\/wp\/v2\/pwb-brand?post=55853"},{"taxonomy":"product_brand","embeddable":true,"href":"https:\/\/startlan.ee\/en\/wp-json\/wp\/v2\/product_brand?post=55853"},{"taxonomy":"product_cat","embeddable":true,"href":"https:\/\/startlan.ee\/en\/wp-json\/wp\/v2\/product_cat?post=55853"},{"taxonomy":"product_tag","embeddable":true,"href":"https:\/\/startlan.ee\/en\/wp-json\/wp\/v2\/product_tag?post=55853"}],"curies":[{"name":"wp","href":"https:\/\/api.w.org\/{rel}","templated":true}]}}