{"id":5583,"date":"2023-12-01T11:13:13","date_gmt":"2023-12-01T11:13:13","guid":{"rendered":"https:\/\/startlan.ee\/?post_type=product&#038;p=5583"},"modified":"2026-05-13T16:03:21","modified_gmt":"2026-05-13T13:03:21","slug":"sans-soucis-silmakreem-kaaviar-ja-kuld-15ml","status":"publish","type":"product","link":"https:\/\/startlan.ee\/en\/toode\/sans-soucis-silmakreem-kaaviar-ja-kuld-15ml\/","title":{"rendered":"Sans Soucis silmakreem Kaaviar ja kuld 15ml"},"content":{"rendered":"<p>Kaaviari ja kullaga silmakreem. V\u00e4hendab peeneid jooni ja kortse ning parandab naha pingulolekut. Silma\u00fcmbruse nahk n\u00e4eb v\u00e4lja siledam, elastsuse kadu v\u00e4heneb. Unikaalne 24-karaadine kullapuuder hoiab \u00e4ra naha enneaegse vananemise, peidab v\u00e4simuse m\u00e4rke ja annab s\u00e4ra.<br \/>\nKasutamine: kanna \u00f5rnalt puhastatud silma\u00fcmbruspiirkonnale.<\/p>\n","protected":false},"excerpt":{"rendered":"<p>Kaaviari ja kullaga silmakreem. V\u00e4hendab peeneid jooni ja kortse ning parandab naha pingulolekut. Silma\u00fcmbruse nahk n\u00e4eb v\u00e4lja siledam, elastsuse kadu&#8230;<\/p>\n","protected":false},"featured_media":5666,"comment_status":"open","ping_status":"closed","template":"","meta":{"_acf_changed":false,"inline_featured_image":false},"pwb-brand":[500],"product_brand":[],"product_cat":[940],"product_tag":[],"class_list":{"0":"post-5583","1":"product","2":"type-product","3":"status-publish","4":"has-post-thumbnail","6":"pwb-brand-sans-soucis","7":"product_cat-silmahooldus","9":"first","10":"instock","11":"sale","12":"taxable","13":"shipping-taxable","14":"purchasable","15":"product-type-simple"},"acf":[],"brands":[{"id":500,"name":"Sans Soucis","slug":"sans-soucis"}],"_links":{"self":[{"href":"https:\/\/startlan.ee\/en\/wp-json\/wp\/v2\/product\/5583","targetHints":{"allow":["GET"]}}],"collection":[{"href":"https:\/\/startlan.ee\/en\/wp-json\/wp\/v2\/product"}],"about":[{"href":"https:\/\/startlan.ee\/en\/wp-json\/wp\/v2\/types\/product"}],"replies":[{"embeddable":true,"href":"https:\/\/startlan.ee\/en\/wp-json\/wp\/v2\/comments?post=5583"}],"wp:featuredmedia":[{"embeddable":true,"href":"https:\/\/startlan.ee\/en\/wp-json\/wp\/v2\/media\/5666"}],"wp:attachment":[{"href":"https:\/\/startlan.ee\/en\/wp-json\/wp\/v2\/media?parent=5583"}],"wp:term":[{"taxonomy":"pwb-brand","embeddable":true,"href":"https:\/\/startlan.ee\/en\/wp-json\/wp\/v2\/pwb-brand?post=5583"},{"taxonomy":"product_brand","embeddable":true,"href":"https:\/\/startlan.ee\/en\/wp-json\/wp\/v2\/product_brand?post=5583"},{"taxonomy":"product_cat","embeddable":true,"href":"https:\/\/startlan.ee\/en\/wp-json\/wp\/v2\/product_cat?post=5583"},{"taxonomy":"product_tag","embeddable":true,"href":"https:\/\/startlan.ee\/en\/wp-json\/wp\/v2\/product_tag?post=5583"}],"curies":[{"name":"wp","href":"https:\/\/api.w.org\/{rel}","templated":true}]}}