{"id":55827,"date":"2025-08-07T14:00:19","date_gmt":"2025-08-07T11:00:19","guid":{"rendered":"https:\/\/startlan.ee\/toode\/7days-kuivsampoon-brunettidele-neljapaev-200ml\/"},"modified":"2026-05-13T18:00:19","modified_gmt":"2026-05-13T15:00:19","slug":"7days-kuivsampoon-brunettidele-neljapaev-200ml","status":"publish","type":"product","link":"https:\/\/startlan.ee\/en\/toode\/7days-kuivsampoon-brunettidele-neljapaev-200ml\/","title":{"rendered":"7DAYS kuiv\u0161ampoon br\u00fcnettidele neljap\u00e4ev 200ml"},"content":{"rendered":"<p>Kuiv\u0161ampoon 7DAYS MY BEAUTY WEEK INVISIBLE puhastab s\u00fcgavuti, annab juurtele XXL vol\u00fc\u00fcmi ja v\u00e4rskust.<\/p>\n<p>Br\u00fcnettidele m\u00f5eldud kuiv\u0161ampoon ei j\u00e4ta valgeid j\u00e4\u00e4ke, annab muljetavaldava vol\u00fc\u00fcmi ja kerge, meeldiva l\u00f5hna. Riisit\u00e4rklis ja kurkum eemaldavad rasuse l\u00e4ike, puhastavad \u00f5rnalt mustusest ja viimistlustoodete j\u00e4\u00e4kidest, kuivatamata juukseid. Pulbriline aktiivs\u00fcsi annab juustele kohevust ja v\u00e4rske v\u00e4limuse. Sobib k\u00f5ikidele juukset\u00fc\u00fcpidele ja -toonidele, sh tumedatele ja heledatele juustele.<\/p>\n<p>\u00d5rn, kuid t\u00f5hus koostis ei p\u00f5hjusta \u00e4rritust ega s\u00fcgelust isegi tundliku peanaha puhul. See on #1 kiirpuhastusmeetod, mis ei vaja aega ega pesemisv\u00f5imalusi \u2013 ideaalne reisimiseks v\u00f5i vee puuduse korral.<\/p>\n<p>Sobib ka soengu viimistlemiseks ja tekstuuri lisamiseks. Vaid m\u00f5ne sekundiga v\u00e4rskendab see juuste v\u00e4limust \u2013 &#8220;&#8221;mustade juuste p\u00e4evadel&#8221;&#8221; ei pea enam juukseid hobusesabasse ega krunni panema.<\/p>\n<p>Puhastele juustele kantuna annab kuiv\u0161ampoon m\u00e4rgatava vol\u00fc\u00fcmi juurtele, lisab kergust ja pikendab juuste puhtust ilma ebameeldiva l\u00f5hnata. \u0160ampooni t\u00e4iendab kaalutu v\u00e4rske aroom. Aitab taastada juuste puhtuse igal ajal ja igas kohas, muutes need vol\u00fc\u00fcmikamaks ja kergemini soengusse seatavaks. Sobib tundlikule peanahale.<\/p>\n","protected":false},"excerpt":{"rendered":"<p>Kuiv\u0161ampoon 7DAYS MY BEAUTY WEEK INVISIBLE puhastab s\u00fcgavuti, annab juurtele XXL vol\u00fc\u00fcmi ja v\u00e4rskust. Br\u00fcnettidele m\u00f5eldud kuiv\u0161ampoon ei j\u00e4ta valgeid&#8230;<\/p>\n","protected":false},"featured_media":56468,"comment_status":"open","ping_status":"closed","template":"","meta":{"_acf_changed":false,"inline_featured_image":false},"pwb-brand":[981],"product_brand":[],"product_cat":[860,1071],"product_tag":[],"class_list":{"0":"post-55827","1":"product","2":"type-product","3":"status-publish","4":"has-post-thumbnail","6":"pwb-brand-7days","7":"product_cat-kuivsampoonid","8":"product_cat-korea","10":"first","11":"instock","12":"sale","13":"taxable","14":"shipping-taxable","15":"purchasable","16":"product-type-simple"},"acf":[],"brands":[{"id":981,"name":"7Days","slug":"7days"}],"_links":{"self":[{"href":"https:\/\/startlan.ee\/en\/wp-json\/wp\/v2\/product\/55827","targetHints":{"allow":["GET"]}}],"collection":[{"href":"https:\/\/startlan.ee\/en\/wp-json\/wp\/v2\/product"}],"about":[{"href":"https:\/\/startlan.ee\/en\/wp-json\/wp\/v2\/types\/product"}],"replies":[{"embeddable":true,"href":"https:\/\/startlan.ee\/en\/wp-json\/wp\/v2\/comments?post=55827"}],"wp:featuredmedia":[{"embeddable":true,"href":"https:\/\/startlan.ee\/en\/wp-json\/wp\/v2\/media\/56468"}],"wp:attachment":[{"href":"https:\/\/startlan.ee\/en\/wp-json\/wp\/v2\/media?parent=55827"}],"wp:term":[{"taxonomy":"pwb-brand","embeddable":true,"href":"https:\/\/startlan.ee\/en\/wp-json\/wp\/v2\/pwb-brand?post=55827"},{"taxonomy":"product_brand","embeddable":true,"href":"https:\/\/startlan.ee\/en\/wp-json\/wp\/v2\/product_brand?post=55827"},{"taxonomy":"product_cat","embeddable":true,"href":"https:\/\/startlan.ee\/en\/wp-json\/wp\/v2\/product_cat?post=55827"},{"taxonomy":"product_tag","embeddable":true,"href":"https:\/\/startlan.ee\/en\/wp-json\/wp\/v2\/product_tag?post=55827"}],"curies":[{"name":"wp","href":"https:\/\/api.w.org\/{rel}","templated":true}]}}