{"id":5580,"date":"2023-12-01T11:13:13","date_gmt":"2023-12-01T11:13:13","guid":{"rendered":"https:\/\/startlan.ee\/?post_type=product&#038;p=5580"},"modified":"2026-05-13T16:03:24","modified_gmt":"2026-05-13T13:03:24","slug":"sans-soucis-aqua-benefits-silmakreem-niisutav-15ml","status":"publish","type":"product","link":"https:\/\/startlan.ee\/en\/toode\/sans-soucis-aqua-benefits-silmakreem-niisutav-15ml\/","title":{"rendered":"Sans Soucis Aqua benefits. Silmakreem niisutav 15ml"},"content":{"rendered":"<p>Niisutav silmakreem. Niisutab efektiivselt tundlikku silmapiirkonda. Kuivusejooned v\u00e4henevad ja nahk saab v\u00e4rskusetunde. Kasutamine: kanna \u00f5rnalt puhastatud silma\u00fcmbrusele.<\/p>\n","protected":false},"excerpt":{"rendered":"<p>Niisutav silmakreem. Niisutab efektiivselt tundlikku silmapiirkonda. Kuivusejooned v\u00e4henevad ja nahk saab v\u00e4rskusetunde. Kasutamine: kanna \u00f5rnalt puhastatud silma\u00fcmbrusele.<\/p>\n","protected":false},"featured_media":5642,"comment_status":"open","ping_status":"closed","template":"","meta":{"_acf_changed":false,"inline_featured_image":false},"pwb-brand":[500],"product_brand":[],"product_cat":[940],"product_tag":[],"class_list":{"0":"post-5580","1":"product","2":"type-product","3":"status-publish","4":"has-post-thumbnail","6":"pwb-brand-sans-soucis","7":"product_cat-silmahooldus","9":"first","10":"instock","11":"sale","12":"taxable","13":"shipping-taxable","14":"purchasable","15":"product-type-simple"},"acf":[],"brands":[{"id":500,"name":"Sans Soucis","slug":"sans-soucis"}],"_links":{"self":[{"href":"https:\/\/startlan.ee\/en\/wp-json\/wp\/v2\/product\/5580","targetHints":{"allow":["GET"]}}],"collection":[{"href":"https:\/\/startlan.ee\/en\/wp-json\/wp\/v2\/product"}],"about":[{"href":"https:\/\/startlan.ee\/en\/wp-json\/wp\/v2\/types\/product"}],"replies":[{"embeddable":true,"href":"https:\/\/startlan.ee\/en\/wp-json\/wp\/v2\/comments?post=5580"}],"wp:featuredmedia":[{"embeddable":true,"href":"https:\/\/startlan.ee\/en\/wp-json\/wp\/v2\/media\/5642"}],"wp:attachment":[{"href":"https:\/\/startlan.ee\/en\/wp-json\/wp\/v2\/media?parent=5580"}],"wp:term":[{"taxonomy":"pwb-brand","embeddable":true,"href":"https:\/\/startlan.ee\/en\/wp-json\/wp\/v2\/pwb-brand?post=5580"},{"taxonomy":"product_brand","embeddable":true,"href":"https:\/\/startlan.ee\/en\/wp-json\/wp\/v2\/product_brand?post=5580"},{"taxonomy":"product_cat","embeddable":true,"href":"https:\/\/startlan.ee\/en\/wp-json\/wp\/v2\/product_cat?post=5580"},{"taxonomy":"product_tag","embeddable":true,"href":"https:\/\/startlan.ee\/en\/wp-json\/wp\/v2\/product_tag?post=5580"}],"curies":[{"name":"wp","href":"https:\/\/api.w.org\/{rel}","templated":true}]}}