{"id":54516,"date":"2025-03-19T11:00:05","date_gmt":"2025-03-19T09:00:05","guid":{"rendered":"https:\/\/startlan.ee\/toode\/kolmekordse-toimega-silmahooldus-15ml\/"},"modified":"2026-05-13T16:00:07","modified_gmt":"2026-05-13T13:00:07","slug":"kolmekordse-toimega-silmahooldus-15ml","status":"publish","type":"product","link":"https:\/\/startlan.ee\/en\/toode\/kolmekordse-toimega-silmahooldus-15ml\/","title":{"rendered":"Zelens Kolmekordse toimega silmahooldus 15ml"},"content":{"rendered":"<p>Tippkvaliteediga kolme toimega silmakreem, mis on loodud v\u00e4hendama vananemise m\u00e4rke silmade \u00fcmber. Kreem sisaldab tugevate peptiidide, taastavate koostisosade ja rahustavate taimede segu, mis aitab siluda peeneid jooni ja kortse ning v\u00e4hendada silmade turset, tumedaid silmaaluseid ringe ja v\u00e4simuse m\u00e4rke.<\/p>\n<p>Eelised<\/p>\n<p>\u2022 Toimib koheselt, niisutades, rahustades ja elustades silma\u00fcmbruse nahka<br \/>\n\u2022 V\u00e4hendab kortsude, tumedate ringide ja paistetuse n\u00e4htavust<br \/>\n\u2022 Aitab m\u00e4rgatavalt v\u00e4hendada v\u00e4simuse ja vananemise m\u00e4rke silmade \u00fcmbruses<\/p>\n<style>\n  \/* Akordioni loendi konteiner *\/\n  .custom-accordion details {\n    border: 1px solid #ddd;\n    border-radius: 4px;\n    margin-bottom: 10px;\n    overflow: hidden;\n    background-color: #fff;\n  }\n  \/* Kl\u00f5psatav pealkiri *\/\n  .custom-accordion summary {\n    padding: 10px 15px;\n    font-size: 16px;\n    font-weight: bold;\n    cursor: pointer;\n    background-color: #f5f5f5;\n    outline: none;\n    position: relative;\n  }\n  \/* Eemalda vaikeindikaator *\/\n  .custom-accordion summary::-webkit-details-marker {\n    display: none;\n  }\n  \/* Lisa kohandatud m\u00e4rk: + kui suletud *\/\n  .custom-accordion summary:after {\n    content: \"+\";\n    position: absolute;\n    right: 15px;\n    font-size: 18px;\n    font-weight: bold;\n  }\n  \/* Kui avatud, asenda + m\u00e4rgiga \u2013 *\/\n  .custom-accordion details[open] summary:after {\n    content: \"-\";\n  }\n  \/* Paneeli sisu kujundus *\/\n  .custom-accordion p {\n    padding: 10px 15px;\n    margin: 0;\n    font-size: 14px;\n    line-height: 1.5;\n    background-color: #fff;\n  }\n<\/style>\n<div class=\"custom-accordion\">\n  <!-- Akordion: Kuidas kasutada --><\/p>\n<details>\n<summary>Kuidas kasutada<\/summary>\n<p>\n      Kanna igap\u00e4evaselt, hommikul ja \u00f5htul. Kanna v\u00e4ike kogus kreemi silma\u00fcmbrusesse ja patsuta \u00f5rnalt nahka.\n    <\/p>\n<\/details>\n<p><!-- Akordion: Aktiivsed koostisosad --><\/p>\n<details>\n<summary>Aktiivsed koostisosad<\/summary>\n<p>\n    <strong>P\u00f5hi:<\/strong><br \/>\n    T\u00e4iesti looduslik, taimset p\u00e4ritolu geelkompleks, millel on mitmekihiline lamellstruktuur, mis j\u00e4ljendab naha loomulikke lipiide (lipiidikihti). Tagab intensiivse niisutuse, parandab naha barj\u00e4\u00e4rifunktsiooni ja toimib kui \u201eteine nahk\u201d.<\/p>\n<p>    <strong>Atset\u00fc\u00fcl-oktapepptide-3:<\/strong><br \/>\n    Ohutu, t\u00e4iesti mittetoksiline alternatiiv botuliintoksiinile. V\u00e4hendab kortsude n\u00e4htavust, blokeerides neurotransmittereid, mis on vajalikud lihaskontraktsioonide ja kortsude teketeks.<\/p>\n<p>    <strong>Atset\u00fc\u00fcl-tetrapepptide-5:<\/strong><br \/>\n    V\u00e4hendab silmade paistetust, v\u00f5itleb veepeetust ning parandab naha elastsust ja siledust.<\/p>\n<p>    <strong>Dipeptide-2:<\/strong><br \/>\n    Kaks aminohapet (tr\u00fcptofaan ja valiin) sisaldav peptiid, mis parandab limfaatsirkulatsiooni silma\u00fcmbruses ning v\u00e4hendab silmade paistetust ja tumedaid ringe.<\/p>\n<p>    <strong>Tripeptide-1:<\/strong><br \/>\n    Biomimeetiline tripeptiid, tuletatud signaalpeptiidist, mis stimuleerib oluliste ECM (v\u00e4lists\u00fctuaarse maatriksi) valkude \u2013 kollageeni, fibronektiini, elastiini ja laminini \u2013 tootmist. Parandab ja kiirendab naha taastumist ning uuenemist.<\/p>\n<p>    <strong>Lactococcus Ferment Lysate:<\/strong><br \/>\n    Probiotilise bakteri Lactococcus lactise fermenteerimise k\u00e4igus saadud l\u00fcsaat. Edendab naha uuenemisprotsessi ja kiirendab barj\u00e4\u00e4rifunktsiooni taastumist.<\/p>\n<p>    <strong>Hesperidiin:<\/strong><br \/>\n    Tsitruselust saadud flavonoid, mis parandab mikrotsirkulatsiooni ning n\u00e4itab tugevaid p\u00f5letikuvastaseid ja antioks\u00fcdantseid omadusi. Helendab nahatooni, v\u00e4hendab silmade all tumedate ringide n\u00e4htavust ja parandab naha elastsust.<\/p>\n<p>    <strong>Kofeiin:<\/strong><br \/>\n    Parandab mikrotsirkulatsiooni ning aitab v\u00e4hendada silmade \u00fcmbruse paistetust ja tumedaid ringe, olles samal ajal antioks\u00fcdantne ja energiseeriv.<\/p>\n<p>    <strong>Digl\u00fckos\u00fc\u00fcls gallikhape (THBG):<\/strong><br \/>\n    Alfa-gl\u00fckosiid derivaad trih\u00fcdroks\u00fcbenoohapest (THBA). Rakendamisel muundub osa THBA-ks naha mikrobiomi m\u00f5jul. M\u00f5lemad t\u00f6\u00f6tavad s\u00fcnergiliselt antioks\u00fcdantsete ja p\u00f5letikuvastaste omadustega, inhibeerides melaniini tootmist. Kliinilised uuringud on n\u00e4idanud, et see toimeaine helendab naha ja aitab pimedate laikude h\u00e4lvendamisel.<\/p>\n<p>    <strong>3-O-et\u00fc\u00fcl askorbiinhape:<\/strong><br \/>\n    Stabiilne C-vitamiini derivaant, kapsleeritud niosoomides. T\u00f5husalt stimuleerib kollageeni tootmist, inhibeerib melaniini moodustumist ning n\u00e4itab antioks\u00fcdantseid omadusi.<\/p>\n<p>    <strong>Bacillus Ferment:<\/strong><br \/>\n    Ekstreemofilse mikroorganismiga saadud bakteriaalse fermenti ekstrakt (Arthrocnemum macrostachyum, amarantiliste perekonnast) \u2013 p\u00e4rit Vahemere rannikult. Uuringud n\u00e4itavad, et see ferment tugevdab epidermise terviklikkust, parandades rakuliste \u00fchendusi plakoglubiini (PKG) kaudu, suurendab kollageeni moodustumist, inhibeerib metalloproteinase 1 (MMP1) aktiivsust, v\u00e4hendab vereainete ja melaniini akumuleerumist ning parandab mikrotsirkulatsiooni. Kliinilised uuringud on n\u00e4idanud, et see v\u00e4hendab m\u00e4rkimisv\u00e4\u00e4rselt kortse, silmaaluste tumedaid ringe ja paistetust ning aitab langetanud silmal\u00e4\u00e4tsi t\u00f5sta.<\/p>\n<p>    <strong>Epigallokatehin gallat\u00fc\u00fcli-gl\u00fckos\u00fclu:<\/strong><br \/>\n    Rohelise tee peamise pol\u00fcfenooli, EGCG derivaant. Tugeva antioks\u00fcdantse, p\u00f5letikuvastase ja antimikroobse toimega, neutraliseerib vabu radikaale ning aitab v\u00f5idelda enneaegse naha vananemise m\u00e4rkidega. Kliinilised uuringud r\u00f5hutavad selle fotokaitsvat m\u00f5ju, v\u00e4hendades UV-induced oks\u00fcdatiivset stressi ja p\u00f5letikulisi reaktsioone, ning stimuleerides DNA remonti cytokini (IL-12) kaudu.<\/p>\n<p>    <strong>Botaaniline segu:<\/strong><br \/>\n    Eksklusiivne segu, mis koosneb liposoomidega kapsleeritud ekstraktidest kuuest taimest: kalendrill (Calendula officinalis) \u00f5is, kummel (Chamomilla recutita) \u00f5is, rukkilill (Equisetum arvense), sojav\u00f5i seemned (Glycine max), poria seene (Poria cocos) ja salvei (Salvia officinalis). N\u00e4itab tugevaid rahustavaid, toniseerivaid ja taastavaid omadusi.<\/p>\n<p>    <strong>Fosfolipidid:<\/strong><br \/>\n    Rakumembraanide p\u00f5hikomponendid. Looduslikud, naha omased koostisosad, mis annavad suurep\u00e4rast niisutust, parandavad ja kaitsevad nahka.<\/p>\n<p>    <strong>Gl\u00fckosamiinohapped:<\/strong><br \/>\n    Nahas looduslikult esinevad pol\u00fcsahharid, mis moodustavad ECM peamised komponendid. Omavad suurep\u00e4rast niisutavat ja uuendavat toimet, toetades kollageeniv\u00f5rku inhibeerides kollageeni lagundavaid ens\u00fc\u00fcme (MMP-id). Kliinilised uuringud on n\u00e4idanud, et need v\u00e4hendavad tumedate ringide, rosaatse ja punetuse ilminguid.<\/p>\n<p>    <strong>Letsitiin:<\/strong><br \/>\n    Taimset p\u00e4ritolu fosfat\u00fcdilkoliin, mis on k\u00f5igi rakumembraanide loomulik osa, ning millel on emulsiifitseerivad, niisutavad ja silustavad omadused.<\/p>\n<p>    <strong>H\u00fcaluroonhape:<\/strong><br \/>\n    Puhas h\u00fcaluroonhape erinevate molekulaarmassi fraktsioonidega (v\u00e4ga madal, madal ja keskmine), mis toimivad s\u00fcnergias. Parandab naha niiskust, tugevdab barj\u00e4\u00e4ri, aitab s\u00e4ilitada elastsust, v\u00e4hendab peeneid jooni ja kortse ning taastab naha siledust.<\/p>\n<p>    <strong>Skwalaan:<\/strong><br \/>\n    Vahemere oliivi\u00f5list saadud koostisosa, mis imiteerib looduslikke naha lipiide. Taastab niiskust, ennetab vee kaotust ning taastab naha elastsust, olles samal ajal ka antioks\u00fcdant.<\/p>\n<p>    <strong>Gl\u00fcko-lipiidid:<\/strong><br \/>\n    Biomimeetilised lipiidmolekulid, millel on taastavad, parandavad ja kaitsvad omadused. Tugevdavad naha barj\u00e4\u00e4ri ja suurendavad vee sidumisv\u00f5imet.<\/p>\n<p>    <strong>Ramnoos:<\/strong><br \/>\n    Looduslik suhkrumolekul, saadud bakteriaalsel fermentatsioonil. Inhibeeri p\u00f5letikulisi vahendajaid, aidates kaitsta nahka keskkonnategurite eest, mis kiirendavad enneaegset vananemist, v\u00e4hendab punetust ja stimuleerib \u03b2-endorfini vabanemist, rahustades nahka.<\/p>\n<p>    <strong>Ornitin:<\/strong><br \/>\n    Ioonosoomides kapsleeritud aminohape, mis HIF-1 (h\u00fcpoksia indutseeriv faktoria) aktivatsiooni kaudu aitab taastada rasvkudede mahtu, avaldades lipofilling-laadset toimet.<\/p>\n<p>    <strong>P\u00e4rm:<\/strong><br \/>\n    Taimset p\u00e4ritolu ekstrakt, rikas aminohapete, mineraalide, beetagl\u00fckaani ja vitamiinide poolest. Omab p\u00f5letikuvastaseid, elustavaid ja kaitseomadusi, suurendades rakkude ainevahetust ja hapniku tarbimist ning toetades naha taastumist.<\/p>\n<p>    <strong>Taimset p\u00e4ritolu estrid:<\/strong><br \/>\n    Nelja estri segu (Polyglyceryl-6 Laurate, Aprikoosi kernel\u00f5li Polyglyceryl-6 Esters, Polyglyceryl-10 Oleate ja Polyglyceryl-10 Dipalmitate) valmistatud 100% taimsetest toorainetest. N\u00e4itab suurep\u00e4rast emollientset, naha hooldavat ja kaitsvat toimet.<\/p>\n<p>    <strong>Adenosiinmonofosfaat (AMP):<\/strong><br \/>\n    Rakulise energia allikas, millel on energiseerivad, parandavad ja naha hooldavad omadused.<\/p>\n<p>    <strong>Uratsiil:<\/strong><br \/>\n    \u00dcks RNA neljast nukleobaasist, mis aitab ens\u00fc\u00fcmide s\u00fcnteesis raku normaalseks toimimiseks, soodustades naha elavust ja taastumist.<\/p>\n<p>    <strong>Guanosiin:<\/strong><br \/>\n    Nukleosiid, kus guaniin on seotud ribosiga. N\u00e4itab p\u00f5letikuvastast aktiivsust ja soodustab rakkude parandumist.<\/p>\n<p>    <strong>Salits\u00fclo\u00fc\u00fcl f\u00fctosfingosiin:<\/strong><br \/>\n    Sfingolipiid salits\u00fc\u00fclhappe r\u00fchmaga. Toetab naha taastumist ja uuenemist, suurendades kollageeni tootmist ja v\u00e4hendades selle lagunemist, parandades barj\u00e4\u00e4ri ning rahustades \u00e4rritunud nahka.<\/p>\n<p>    <strong>Lespedeza (Lespedeza capitata):<\/strong><br \/>\n    Ekstrakt lespedesa taime lehe ja varda osast, mis aitab taastada keskkonnategurite ja stressirohkete eluviiside p\u00f5hjustatud r\u00fctmih\u00e4ireid, v\u00f5ideldes v\u00e4simuse ilmingute vastu ja parandades naha jume.<\/p>\n<p>    <strong>Tuckahoe sclerootium (Poria cocos sclerootium):<\/strong><br \/>\n    Seene sclerootium, mis omab p\u00f5letikuvastaseid ja rahustavaid omadusi, v\u00e4hendades naha punetust ning silmaaluste paistetust ja tumedaid ringe.<\/p>\n<p>    <strong>Granaat\u00f5una seemne ekstrakt (Punica granatum):<\/strong><br \/>\n    Granaat\u00f5una seemne ekstrakt, rikas C-vitamiini poolest, mis n\u00e4itab tugevat antioks\u00fcdantset, p\u00f5letikuvastast, helendavat ja taastavat toimet.<\/p>\n<p>    <strong>Silanoolid:<\/strong><br \/>\n    Organilise r\u00e4ni derivaadid, mis omavad tugevasti taastavaid ja uuendavaid omadusi, stimuleerides kollageeni tootmist ja parandades rakkudevahelist suhtlust keratinots\u00fc\u00fctide ja fibroblastide vahel.<\/p>\n<p>    <strong>Magnolool:<\/strong><br \/>\n    Magnolia koore pol\u00fcfenoli derivaant, millel on p\u00f5letikuvastased, antimikroobsed ja antioks\u00fcdantsed omadused.<\/p>\n<p>    <strong>Gl\u00fctseriin:<\/strong><br \/>\n    Taimset p\u00e4ritolu molekul, mis esineb loomulikult nahas. Toimib suurep\u00e4rase niiskuse sidujana, t\u00f5mmates niiskust keskkonnast ja suurendades vee sisaldust naha pindmistes kihtides.<\/p>\n<p>    <strong>Prop\u00fc\u00fcl gallaat:<\/strong><br \/>\n    Gallikhapestel p\u00f5hinev molekul, mis toimib kui looduslik pol\u00fcfenoolne antioks\u00fcdant.<\/p>\n<p>    <strong>Coco-Caprylate\/Caprate:<\/strong><br \/>\n    T\u00e4iesti looduslikud taimset p\u00e4ritolu estrid, mis toimivad kiire levikuga emollientidena, pakkudes suurep\u00e4rast niisutavat, naha hooldavat ja rasva tasakaalustavat toimet.<\/p>\n<p>    <strong>D\u00e9kstraan:<\/strong><br \/>\n    Mitme gl\u00fckoos\u00fchendi sisaldav pol\u00fcsahharaa, millel on vee siduvad, niisutavad ja rahustavad omadused.<\/p>\n<p>    <strong>Vitamiin E (Tokoferool):<\/strong><br \/>\n    Looduslikult saadud vitamiin, millel on v\u00f5imsad antioks\u00fcdant- ja fotokaitseomadused. Tokoferool toimib suurep\u00e4rase niisutajana, aidates v\u00e4hendada vee kaotust ja tugevdada naha loomulikku barj\u00e4\u00e4ri.<\/p>\n<p>    <strong>Koostisosade t\u00e4ielik loetelu:<\/strong><br \/>\n    AQUA (WATER), BEHENYL ALCOHOL, BUTYLENE GLYCOL, PROPANEDIOL, SQUALANE, C13-15 ALKANE, COCO-CAPRYLATE\/CAPRATE, GLYCERYL STEARATE, GLUCOSYL HESPERIDIN, LACTOCOCCUS FERMENT LYSATE, HYDROLYZED GLYCOSAMINOGLYCANS, GLYCERIN, PHOSPHOLIPIDS, 3-o-ETHYL ASCORBIC ACID, POLYGLYCERYL-6 LAURATE, APRICOT KERNEL OIL POLYGLYCERYL-6 ESTERS, POLYGLYCERYL-10 OLEATE, ORNITHINE, CAFFEINE, POLYGLYCERYL-10 DIPALMITATE, LECITHIN, SALICYLOYL PHYTOSPHINGOSINE, GLYCOLIPIDS, LESPEDEZA CAPITATA LEAF\/STEM EXTRACT, PUNICA GRANATUM SEED EXTRACT, HYDROLYZED YEAST EXTRACT, RHAMNOSE, TRIPEPTIDE-1, HYALURONIC ACID, MAGNOLOL, ACETYL TETRAPEPTIDE-5, ACETYL OCTAPEPTIDE-3, DIPEPTIDE-2, EPIGALLOCATECHIN GALLATYL GLUCOSIDE, ADENOSINE PHOSPHATE, GUANOSINE, URACIL, CALENDULA OFFICINALIS FLOWER EXTRACT, CHAMOMILLA RECUTITA (MATRICARIA) FLOWER EXTRACT, EQUISETUM ARVENSE EXTRACT, GLYCINE MAX (SOYBEAN) SEED EXTRACT, PORIA COCOS EXTRACT, PORIA COCOS SCLEROTIUM EXTRACT, SALVIA OFFICINALIS (SAGE) LEAF EXTRACT, DIGLUCOSYL GALLIC ACID, PROPYL GALLATE, BACILLUS FERMENT, SILANETRIOL, PALMITIC ACID, STEARIC ACID, SORBITOL, LAURYL ALCOHOL, MYRISTYL ALCOHOL, CETYL ALCOHOL, AMMONIUM ACRYLOYLDIMETHYLTAURATE\/VP COPOLYMER, METHYLPROPANEDIOL, SODIUM DEHYDROACETATE, SORBITAN PALMITATE, SORBITAN OLEATE, CAPRYLYL GLYCOL, CITRIC ACID, DEXTRAN, XANTHAN GUM, BENZYL ALCOHOL, LEVULINIC ACID, p-ANISIC ACID, SORBIC ACID, SODIUM HYDROXIDE, GLYCERYL CAPRYLATE, SODIUM BENZOATE, POTASSIUM SORBATE, DEHYDROACETIC ACID, TOCOPHEROL.<\/p>\n<\/details>\n","protected":false},"excerpt":{"rendered":"<p>Tippkvaliteediga kolme toimega silmakreem, mis on loodud v\u00e4hendama vananemise m\u00e4rke silmade \u00fcmber. Kreem sisaldab tugevate peptiidide, taastavate koostisosade ja rahustavate&#8230;<\/p>\n","protected":false},"featured_media":54548,"comment_status":"open","ping_status":"closed","template":"","meta":{"_acf_changed":false,"inline_featured_image":false},"pwb-brand":[1034],"product_brand":[],"product_cat":[940],"product_tag":[],"class_list":{"0":"post-54516","1":"product","2":"type-product","3":"status-publish","4":"has-post-thumbnail","6":"pwb-brand-zelens","7":"product_cat-silmahooldus","9":"first","10":"instock","11":"taxable","12":"shipping-taxable","13":"purchasable","14":"product-type-simple"},"acf":[],"brands":[{"id":1034,"name":"ZELENS","slug":"zelens"}],"_links":{"self":[{"href":"https:\/\/startlan.ee\/en\/wp-json\/wp\/v2\/product\/54516","targetHints":{"allow":["GET"]}}],"collection":[{"href":"https:\/\/startlan.ee\/en\/wp-json\/wp\/v2\/product"}],"about":[{"href":"https:\/\/startlan.ee\/en\/wp-json\/wp\/v2\/types\/product"}],"replies":[{"embeddable":true,"href":"https:\/\/startlan.ee\/en\/wp-json\/wp\/v2\/comments?post=54516"}],"wp:featuredmedia":[{"embeddable":true,"href":"https:\/\/startlan.ee\/en\/wp-json\/wp\/v2\/media\/54548"}],"wp:attachment":[{"href":"https:\/\/startlan.ee\/en\/wp-json\/wp\/v2\/media?parent=54516"}],"wp:term":[{"taxonomy":"pwb-brand","embeddable":true,"href":"https:\/\/startlan.ee\/en\/wp-json\/wp\/v2\/pwb-brand?post=54516"},{"taxonomy":"product_brand","embeddable":true,"href":"https:\/\/startlan.ee\/en\/wp-json\/wp\/v2\/product_brand?post=54516"},{"taxonomy":"product_cat","embeddable":true,"href":"https:\/\/startlan.ee\/en\/wp-json\/wp\/v2\/product_cat?post=54516"},{"taxonomy":"product_tag","embeddable":true,"href":"https:\/\/startlan.ee\/en\/wp-json\/wp\/v2\/product_tag?post=54516"}],"curies":[{"name":"wp","href":"https:\/\/api.w.org\/{rel}","templated":true}]}}