{"id":54515,"date":"2025-03-19T11:00:05","date_gmt":"2025-03-19T09:00:05","guid":{"rendered":"https:\/\/startlan.ee\/toode\/glacier-foam-uuendav-puhastusgeel-150ml\/"},"modified":"2026-04-18T04:30:11","modified_gmt":"2026-04-18T01:30:11","slug":"glacier-foam-uuendav-puhastusgeel-150ml","status":"publish","type":"product","link":"https:\/\/startlan.ee\/en\/toode\/glacier-foam-uuendav-puhastusgeel-150ml\/","title":{"rendered":"Zelens Glacier Foam uuendav puhastusgeel 150ml"},"content":{"rendered":"<p>V\u00e4rskendav n\u00e4opuhastusvaht, mis on loodud t\u00f5husalt eemaldama n\u00e4onaha ebapuhtused, liigse rasu ja k\u00f5ik meigi j\u00e4\u00e4gid, samal ajal naha niiskuse tasakaalu hoides. Sisaldab \u00f5unhapet, kergeid puuvilja AHA-sid, fermenteeritud ens\u00fc\u00fcme ja taimeekstrakte. See \u00f5rn kooriv puhastusvahend aitab nahal uueneda, muutes naha puhtamaks, siledamaks ja v\u00e4rskemaks. Dermatoloogiliselt testitud. Sobib k\u00f5ikidele nahat\u00fc\u00fcpidele.<br \/>\nKasutage hommikul ja \u00f5htul. Pumbake vaht k\u00e4tele ja masseerige \u00f5rnalt n\u00e4ole ja kaelale kergete ringjate liikumistega, v\u00e4ltides otsest kontakti silmadega. Loputage hoolikalt sooja veega ja patsutage nahk \u00f5rnalt kuivaks. J\u00e4tkake oma nahahooldusrutiini j\u00e4rgmise sammuga.<\/p>\n<p>Eelised<\/p>\n<p>\u2022 Puhastab t\u00f5husalt, eemaldades mustuse, liigse rasu, meigi ja keskkonna saasteained<br \/>\n\u2022 Koorib \u00f5rnalt, soodustades naha uuenemist<br \/>\n\u2022 Aitab saavutada puhtama, siledama ja v\u00e4rskema jume<\/p>\n<style>\n  \/* Akordioni loendi konteiner *\/\n  .custom-accordion details {\n    border: 1px solid #ddd;\n    border-radius: 4px;\n    margin-bottom: 10px;\n    overflow: hidden;\n    background-color: #fff;\n  }\n  \/* Kl\u00f5psatav pealkiri *\/\n  .custom-accordion summary {\n    padding: 10px 15px;\n    font-size: 16px;\n    font-weight: bold;\n    cursor: pointer;\n    background-color: #f5f5f5;\n    outline: none;\n    position: relative;\n  }\n  \/* Eemalda vaikeindikaator *\/\n  .custom-accordion summary::-webkit-details-marker {\n    display: none;\n  }\n  \/* Lisa kohandatud m\u00e4rk: + kui suletud *\/\n  .custom-accordion summary:after {\n    content: \"+\";\n    position: absolute;\n    right: 15px;\n    font-size: 18px;\n    font-weight: bold;\n  }\n  \/* Kui avatud, asenda + m\u00e4rgiga \u2013 *\/\n  .custom-accordion details[open] summary:after {\n    content: \"-\";\n  }\n  \/* Paneeli sisu kujundus *\/\n  .custom-accordion p {\n    padding: 10px 15px;\n    margin: 0;\n    font-size: 14px;\n    line-height: 1.5;\n    background-color: #fff;\n  }\n<\/style>\n<div class=\"custom-accordion\">\n  <!-- Akordion: Kuidas kasutada --><\/p>\n<details>\n<summary>Kuidas kasutada<\/summary>\n<p>\n      Kasutage hommikul ja \u00f5htul. Pumbake vaht k\u00e4tele ja masseerige \u00f5rnalt n\u00e4ole ja kaelale kergete ringjate liikumistega, v\u00e4ltides otsest kontakti silmadega. Loputage hoolikalt sooja veega ja patsutage nahk \u00f5rnalt kuivaks. J\u00e4tkake oma nahahooldusrutiini j\u00e4rgmise sammuga.\n    <\/p>\n<\/details>\n<p><!-- Akordion: Aktiivsed koostisosad --><\/p>\n<details>\n<summary>Aktiivsed koostisosad<\/summary>\n<p>\n    <strong>Suktsiinhape:<\/strong><br \/>\n    Taimsest toorainest saadud hape, mis on looduslikult mitokondrites ja m\u00e4ngib olulist rolli Krebs&#8217;i ts\u00fcklis.<br \/>\n    Omab antioks\u00fcdantseid, antimikroobseid ja kollageeni stimuleerivaid omadusi. Toetab naha loomulikku uuenemist,<br \/>\n    inhibeerides kollageeni lagundavaid ens\u00fc\u00fcme ja suurendades hapniku tarbimist. Pakub \u00f5rna koorimist, mis aitab<br \/>\n    v\u00e4hendada pigmentatsiooni ja \u00fchtlustada naha toonust ja tekstuuri.  <\/p>\n<p>    <strong>Alfa-h\u00fcdroks\u00fchapped (AHA):<\/strong><br \/>\n    Tsitrusviljadest saadud hapete segu, mis sisaldab veinihapet ja sidrunhapet. Veinhape pakub \u00f5rna koorimist,<br \/>\n    aitab avada poorid ja v\u00e4hendada h\u00fcperpigmentatsiooni. Sidrunhape on greibist saadud AHA, mis stimuleerib<br \/>\n    naha uuenemist ja pakub pehmet koorimist.  <\/p>\n<p>    <strong>K\u00f5rvitsate ens\u00fc\u00fcmid:<\/strong><br \/>\n    K\u00f5rvits on rikas vitamiin A, beetakaroteeni ja vitamiin C poolest. Omab antioks\u00fcdantseid, antimikroobseid ja<br \/>\n    p\u00f5letikuvastaseid omadusi ning sisaldab proteol\u00fc\u00fctilisi ens\u00fc\u00fcme, mis aitavad loomulikult koorida nahka ja<br \/>\n    soodustada uuenemist.  <\/p>\n<p>    <strong>\u00d5un (Pyrus malus):<\/strong><br \/>\n    Ursoolhapet sisaldav ekstrakt, mis pakub kaitsvat, toniseerivat ja naha struktuuri parandavat toimet.<br \/>\n    Tuntud ka kui tugev antioks\u00fcdant ja p\u00f5letikuvastane komponent.  <\/p>\n<p>    <strong>Shiso (Perilla frutescens):<\/strong><br \/>\n    Jaapani m\u00fcndina tuntud taim, mis sisaldab rosmariinhapet ja ursolhapet. Pakub antioks\u00fcdantset,<br \/>\n    p\u00f5letikuvastast ja antibakteriaalset toimet ning toetab tundliku naha rahustamist.  <\/p>\n<p>    <strong>Sidrun (Citrus medica limonum):<\/strong><br \/>\n    Sitsiilias kasvatatud sidruniviljast saadud ekstrakt, mis on rikas sidrunhappe ja tsitroflavonoidide poolest.<br \/>\n    Omab tugevaid antimikroobseid, p\u00f5letikuvastaseid ja nahka toniseerivaid omadusi.  <\/p>\n<p>    <strong>Viinamari (Vitis vinifera):<\/strong><br \/>\n    Pol\u00fcfenoole sisaldav viinamarjaekstrakt, mis pakub antioks\u00fcdantset, p\u00f5letikuvastast ja nahka taastavat toimet.<br \/>\n    Toetab kollageeni ja elastiini tootmist, aidates parandada naha tugevust ja elastsust.  <\/p>\n<p>    <strong>Aloe Vera (Aloe barbadensis):<\/strong><br \/>\n    Aloe lehtedest saadud mahl, mis niisutab, rahustab ja toetab haavade paranemist.  <\/p>\n<p>    <strong>P\u00e4rm:<\/strong><br \/>\n    Fermenteeritud p\u00e4rmifiltraat, mis sisaldab aminohappeid, mineraale ja vitamiine. Suurendab rakkude ainevahetust,<br \/>\n    stimuleerib hapniku tarbimist ja toetab naha paranemist.  <\/p>\n<p>    <strong>Leuconostoc\/R\u00f5ika juure fermenteeritud ekstrakt:<\/strong><br \/>\n    Probiootiline komponent, mis pakub antimikroobset ja s\u00e4ilitavat toimet ning niisutab ja hooldab nahka.  <\/p>\n<p>    <strong>Koostisosade t\u00e4ielik loetelu:<\/strong><br \/>\n    AQUA (WATER), SODIUM LAUROYL ISETHIONATE, COCAMIDOPROPYL BETAINE, SUCCINIC ACID, LACTOBACILLUS\/PUMPKIN FERMENT EXTRACT,<br \/>\n    TARTARIC ACID, PYRUS MALUS (APPLE) FRUIT EXTRACT, PERILLA FRUTESCENS LEAF EXTRACT, CITRIC ACID, CITRUS MEDICA LIMONUM (LEMON) FRUIT EXTRACT,<br \/>\n    ALOE BARBADENSIS LEAF JUICE, VITIS VINIFERA (GRAPE) LEAF EXTRACT, SACCHAROMYCES FERMENT LYSATE FILTRATE, LEUCONOSTOC\/RADISH ROOT FERMENT FILTRATE,<br \/>\n    BENZYL ALCOHOL, SODIUM HYDROXIDE, DEHYDROACETIC ACID, SODIUM DEHYDROACETATE, SODIUM BENZOATE, POTASSIUM SORBATE.\n  <\/p>\n<\/details>\n<\/div>\n","protected":false},"excerpt":{"rendered":"<p>V\u00e4rskendav n\u00e4opuhastusvaht, mis on loodud t\u00f5husalt eemaldama n\u00e4onaha ebapuhtused, liigse rasu ja k\u00f5ik meigi j\u00e4\u00e4gid, samal ajal naha niiskuse tasakaalu&#8230;<\/p>\n","protected":false},"featured_media":54556,"comment_status":"open","ping_status":"closed","template":"","meta":{"_acf_changed":false,"inline_featured_image":false},"pwb-brand":[1034],"product_brand":[],"product_cat":[867],"product_tag":[],"class_list":{"0":"post-54515","1":"product","2":"type-product","3":"status-publish","4":"has-post-thumbnail","6":"pwb-brand-zelens","7":"product_cat-puhastus-meigieemaldus","9":"first","10":"instock","11":"taxable","12":"shipping-taxable","13":"purchasable","14":"product-type-simple"},"acf":[],"brands":[{"id":1034,"name":"ZELENS","slug":"zelens"}],"_links":{"self":[{"href":"https:\/\/startlan.ee\/en\/wp-json\/wp\/v2\/product\/54515","targetHints":{"allow":["GET"]}}],"collection":[{"href":"https:\/\/startlan.ee\/en\/wp-json\/wp\/v2\/product"}],"about":[{"href":"https:\/\/startlan.ee\/en\/wp-json\/wp\/v2\/types\/product"}],"replies":[{"embeddable":true,"href":"https:\/\/startlan.ee\/en\/wp-json\/wp\/v2\/comments?post=54515"}],"wp:featuredmedia":[{"embeddable":true,"href":"https:\/\/startlan.ee\/en\/wp-json\/wp\/v2\/media\/54556"}],"wp:attachment":[{"href":"https:\/\/startlan.ee\/en\/wp-json\/wp\/v2\/media?parent=54515"}],"wp:term":[{"taxonomy":"pwb-brand","embeddable":true,"href":"https:\/\/startlan.ee\/en\/wp-json\/wp\/v2\/pwb-brand?post=54515"},{"taxonomy":"product_brand","embeddable":true,"href":"https:\/\/startlan.ee\/en\/wp-json\/wp\/v2\/product_brand?post=54515"},{"taxonomy":"product_cat","embeddable":true,"href":"https:\/\/startlan.ee\/en\/wp-json\/wp\/v2\/product_cat?post=54515"},{"taxonomy":"product_tag","embeddable":true,"href":"https:\/\/startlan.ee\/en\/wp-json\/wp\/v2\/product_tag?post=54515"}],"curies":[{"name":"wp","href":"https:\/\/api.w.org\/{rel}","templated":true}]}}