{"id":54300,"date":"2025-02-28T15:00:17","date_gmt":"2025-02-28T13:00:17","guid":{"rendered":"https:\/\/startlan.ee\/toode\/7days-my-beauty-week-silmakreem-retinol-vananemisvastane-ja-pinguldav-18-ml\/"},"modified":"2026-05-13T16:00:23","modified_gmt":"2026-05-13T13:00:23","slug":"7days-my-beauty-week-silmakreem-retinol-vananemisvastane-ja-pinguldav-18-ml","status":"publish","type":"product","link":"https:\/\/startlan.ee\/en\/toode\/7days-my-beauty-week-silmakreem-retinol-vananemisvastane-ja-pinguldav-18-ml\/","title":{"rendered":"7DAYS MY BEAUTY WEEK Silmakreem RETINOL vananemisvastane ja pinguldav 18 ml"},"content":{"rendered":"<p>Silma\u00fcmbruskreem 7DAYS MY BEAUTY WEEK RETINOL \u201cRE-FRESH\u201d jahutava keraamilise aplikaatoriga. Retinooli ja h\u00fcaluroonhappe rekordiliselt k\u00f5rge kontsentratsioon tagab:<\/p>\n<p>\u2022 Vananemisvastase toime. Retinool minimeerib peened jooned ja kortsud, indutseerib rakkude uuenemist, suurendab kollageeni tootmist ja naha elastsust.<br \/>\n\u2022 Niisutuse. H\u00fcaluroonhape niisutab, v\u00e4rskendab ja silub nahka intensiivselt ning taastab h\u00fcdrolipiidide tasakaalu, muudab naha elastseks ja silub kortse.<br \/>\n\u2022 Lifting efekti. Kreem v\u00f5itleb tumedate silmaaluste ja v\u00e4simusj\u00e4lgedega.<\/p>\n<p>\u201cRE-FRESH\u201d jahutav metallist aplikaator eemaldab tursed, l\u00f5dvestab lihaseid, aitab parandada mikrotsirkulatsiooni ja s\u00fcvendada aktiivsete komponentide l\u00e4bitungimist. Puhastage nahka tavalise n\u00e4opuhastusvahendiga. Kandke kreem peale ja jaotage 10-15 minutiks massaa\u017eiaplikaatori abil silmade \u00fcmber m\u00f6\u00f6da massaa\u017eijooni. Oodake, kuni see on t\u00e4ielikult imendunud. Maksimaalse tulemuse saavutamiseks kasutage kreemi kaks korda p\u00e4evas, hommikul ja \u00f5htul.<\/p>\n","protected":false},"excerpt":{"rendered":"<p>Silma\u00fcmbruskreem 7DAYS MY BEAUTY WEEK RETINOL \u201cRE-FRESH\u201d jahutava keraamilise aplikaatoriga. Retinooli ja h\u00fcaluroonhappe rekordiliselt k\u00f5rge kontsentratsioon tagab: \u2022 Vananemisvastase toime&#8230;.<\/p>\n","protected":false},"featured_media":54974,"comment_status":"open","ping_status":"closed","template":"","meta":{"_acf_changed":false,"inline_featured_image":false},"pwb-brand":[981],"product_brand":[],"product_cat":[940,1071],"product_tag":[1042],"class_list":{"0":"post-54300","1":"product","2":"type-product","3":"status-publish","4":"has-post-thumbnail","6":"pwb-brand-7days","7":"product_cat-silmahooldus","8":"product_cat-korea","9":"product_tag-7days-nao-ja-silmakreemid","11":"first","12":"instock","13":"sale","14":"taxable","15":"shipping-taxable","16":"purchasable","17":"product-type-simple"},"acf":[],"brands":[{"id":981,"name":"7Days","slug":"7days"}],"_links":{"self":[{"href":"https:\/\/startlan.ee\/en\/wp-json\/wp\/v2\/product\/54300","targetHints":{"allow":["GET"]}}],"collection":[{"href":"https:\/\/startlan.ee\/en\/wp-json\/wp\/v2\/product"}],"about":[{"href":"https:\/\/startlan.ee\/en\/wp-json\/wp\/v2\/types\/product"}],"replies":[{"embeddable":true,"href":"https:\/\/startlan.ee\/en\/wp-json\/wp\/v2\/comments?post=54300"}],"wp:featuredmedia":[{"embeddable":true,"href":"https:\/\/startlan.ee\/en\/wp-json\/wp\/v2\/media\/54974"}],"wp:attachment":[{"href":"https:\/\/startlan.ee\/en\/wp-json\/wp\/v2\/media?parent=54300"}],"wp:term":[{"taxonomy":"pwb-brand","embeddable":true,"href":"https:\/\/startlan.ee\/en\/wp-json\/wp\/v2\/pwb-brand?post=54300"},{"taxonomy":"product_brand","embeddable":true,"href":"https:\/\/startlan.ee\/en\/wp-json\/wp\/v2\/product_brand?post=54300"},{"taxonomy":"product_cat","embeddable":true,"href":"https:\/\/startlan.ee\/en\/wp-json\/wp\/v2\/product_cat?post=54300"},{"taxonomy":"product_tag","embeddable":true,"href":"https:\/\/startlan.ee\/en\/wp-json\/wp\/v2\/product_tag?post=54300"}],"curies":[{"name":"wp","href":"https:\/\/api.w.org\/{rel}","templated":true}]}}