{"id":54297,"date":"2025-02-28T15:00:17","date_gmt":"2025-02-28T13:00:17","guid":{"rendered":"https:\/\/startlan.ee\/toode\/7days-my-beauty-week-nao-kaela-ja-dekolteekreem-ceramide-massaazirullikuga-toitev-ja-taastav-80-ml\/"},"modified":"2026-05-13T18:00:20","modified_gmt":"2026-05-13T15:00:20","slug":"7days-my-beauty-week-nao-kaela-ja-dekolteekreem-ceramide-massaazirullikuga-toitev-ja-taastav-80-ml","status":"publish","type":"product","link":"https:\/\/startlan.ee\/en\/toode\/7days-my-beauty-week-nao-kaela-ja-dekolteekreem-ceramide-massaazirullikuga-toitev-ja-taastav-80-ml\/","title":{"rendered":"7DAYS MY BEAUTY WEEK N\u00e4o-, kaela ja dekolteekreem CERAMIDE massaa\u017eirullikuga toitev ja taastav 80 ml"},"content":{"rendered":"<p>N\u00e4okreem 7DAYS MY BEAUTY WEEK Ceramide 80 ml + 3D Massager intensiivseks niisutuseks, tugevdab ja taastab naha kaitsebarj\u00e4\u00e4ri. Kahetoimeline Keramiididega niisutav n\u00e4okreem: 24-tunnine niisutus + n\u00e4omassaa\u017e. 3D FACE FIT Massager annab t\u00f5stva efekti, v\u00e4hendab turseid, silub kortse ning kujundab kindla ja kindla n\u00e4okontuuri.<\/p>\n<p>Niisutav n\u00e4okreem muudab naha siledaks, pingul ja t\u00e4nu aktiivsete koostisosade kompleksile niisutatuks. Keramiidid kaitsevad nahka niiskuskao eest, k\u00e4ivitavad loomuliku rakkude uuenemise protsessi ja \u00fchtlustavad naha mikroreljeefi. \u00d5likompleks ja E-vitamiin s\u00fcgavalt toidavad, annavad antioks\u00fcdantse toime ja pakuvad t\u00f5stvat toimet. H\u00fcaluroonhape ja gl\u00fckoos niisutavad intensiivselt, taastavad veetasakaalu ja siluvad kortse.<\/p>\n<p>3D FACE FIT Massager t\u00f5hustab toimeainete s\u00fcgavamat tungimist nahka, t\u00f5stab selle tugevust ja elastsust, silub kortse, v\u00e4hendab turseid, parandab jumet, treenib lihaseid ja vormib n\u00e4okontuuri.<\/p>\n<p>Niisutav n\u00e4okreem tagab niisutuse ilma kleepuva v\u00f5i rasvase tundeta p\u00e4rast pealekandmist. Puhastage nahka tavalise n\u00e4opuhastusvahendiga. Kandke ja jaotage kreemi n\u00e4o, kaela ja dekolteepiirkonna massaa\u017eijoontele 10-15 minutiks, kasutades masseerijat. Oodake, kuni see t\u00e4ielikult imendub. Maksimaalse tulemuse saavutamiseks kasutage kreemi kaks korda p\u00e4evas, hommikul ja \u00f5htul. Pakendi avamiseks keerake masseerijat vastup\u00e4eva; pakendi sulgemiseks keerake seda p\u00e4rip\u00e4eva.<\/p>\n","protected":false},"excerpt":{"rendered":"<p>N\u00e4okreem 7DAYS MY BEAUTY WEEK Ceramide 80 ml + 3D Massager intensiivseks niisutuseks, tugevdab ja taastab naha kaitsebarj\u00e4\u00e4ri. Kahetoimeline Keramiididega&#8230;<\/p>\n","protected":false},"featured_media":54769,"comment_status":"open","ping_status":"closed","template":"","meta":{"_acf_changed":false,"inline_featured_image":false},"pwb-brand":[981],"product_brand":[],"product_cat":[864,1071],"product_tag":[1042],"class_list":{"0":"post-54297","1":"product","2":"type-product","3":"status-publish","4":"has-post-thumbnail","6":"pwb-brand-7days","7":"product_cat-naokreemid","8":"product_cat-korea","9":"product_tag-7days-nao-ja-silmakreemid","11":"first","12":"instock","13":"sale","14":"taxable","15":"shipping-taxable","16":"purchasable","17":"product-type-simple"},"acf":[],"brands":[{"id":981,"name":"7Days","slug":"7days"}],"_links":{"self":[{"href":"https:\/\/startlan.ee\/en\/wp-json\/wp\/v2\/product\/54297","targetHints":{"allow":["GET"]}}],"collection":[{"href":"https:\/\/startlan.ee\/en\/wp-json\/wp\/v2\/product"}],"about":[{"href":"https:\/\/startlan.ee\/en\/wp-json\/wp\/v2\/types\/product"}],"replies":[{"embeddable":true,"href":"https:\/\/startlan.ee\/en\/wp-json\/wp\/v2\/comments?post=54297"}],"wp:featuredmedia":[{"embeddable":true,"href":"https:\/\/startlan.ee\/en\/wp-json\/wp\/v2\/media\/54769"}],"wp:attachment":[{"href":"https:\/\/startlan.ee\/en\/wp-json\/wp\/v2\/media?parent=54297"}],"wp:term":[{"taxonomy":"pwb-brand","embeddable":true,"href":"https:\/\/startlan.ee\/en\/wp-json\/wp\/v2\/pwb-brand?post=54297"},{"taxonomy":"product_brand","embeddable":true,"href":"https:\/\/startlan.ee\/en\/wp-json\/wp\/v2\/product_brand?post=54297"},{"taxonomy":"product_cat","embeddable":true,"href":"https:\/\/startlan.ee\/en\/wp-json\/wp\/v2\/product_cat?post=54297"},{"taxonomy":"product_tag","embeddable":true,"href":"https:\/\/startlan.ee\/en\/wp-json\/wp\/v2\/product_tag?post=54297"}],"curies":[{"name":"wp","href":"https:\/\/api.w.org\/{rel}","templated":true}]}}